{"id":3213,"date":"2022-06-08T17:38:03","date_gmt":"2022-06-08T15:38:03","guid":{"rendered":"https:\/\/dolcelahulpegifts.duckdns.org\/?post_type=product&#038;p=3213"},"modified":"2025-10-24T15:05:27","modified_gmt":"2025-10-24T13:05:27","slug":"gel-masque-phyto-peeling-3-min","status":"publish","type":"product","link":"https:\/\/dolcelahulpegifts.be\/fr\/product\/gel-masque-phyto-peeling-3-min\/","title":{"rendered":"Gel Masque Phyto-Peeling 3 min (60 ml)"},"content":{"rendered":"<p style=\"text-align: left;\">Le Gel Masque Phyto-Peeling 3 min est un masque peeling gel, \u00e0 la texture fluide, fra\u00eeche et sans grain permettant une exfoliation profonde en seulement 3 minutes. Gr\u00e2ce \u00e0 son cocktail d\u2019Acides de Fruits Naturels (AHAs), d\u2019Acide Glycolique, de Kombuchka\u00ae et d\u2019Avena Sativa\u00ae les rides et les ridules sont liss\u00e9es, le renouvellement cellulaire optimis\u00e9 et l\u2019\u00e9clat du teint sublim\u00e9.<\/p>\n<p style=\"text-align: left;\">Perfecteur de teint. La peau est imm\u00e9diatement renouvel\u00e9e et liss\u00e9e, elle retrouve \u00e9lasticit\u00e9 et douceur. Les pores sont resserr\u00e9s, le teint est unifi\u00e9 et lumineux.<br \/>\nPour un r\u00e9sultat optimal utiliser le Gel Masque Phyto-Peeling en combinaison avec la lotion Phyto-Peeling.<\/p>\n<p style=\"text-align: left;\">R\u00e9sultats prouv\u00e9s apr\u00e8s une seule utilisation :<br \/>\n86%* des femmes trouvent leur grain de peau affin\u00e9, leurs pores resserr\u00e9s et leur teint lumineux.<\/p>\n<p style=\"text-align: left;\"><strong>Conseils d&rsquo;utilisation<\/strong> : Appliquer 1 \u00e0 2 fois par semaine sur l\u2019ensemble du visage d\u00e9maquill\u00e9 en \u00e9vitant le contour des yeux. Laisser poser 3 minutes. Rincer \u00e0 l\u2019eau en massant l\u00e9g\u00e8rement. S\u00e9cher d\u00e9licatement la peau. Appliquer g\u00e9n\u00e9reusement la Cr\u00e8me Confort Intense\u00ae pour bien hydrater la peau.<\/p>\n<p style=\"text-align: left;\"><strong>Ingr\u00e9dients<\/strong> : Aqua (Water)\/Eau, Citrus Grandis (Grapefruit) Fruit Water, Glycerin, Pentylene Glycol, Glycolic Acid, Saccharomyces\/Xylinum\/Black Tea Ferment, Polyacrylate Crosspolymer-6, Polysorbate 20, Sodium Hydroxide, Avena Sativa (Oat) Kernel Extract, Chlorphenesin, Sodium Benzoate, Parfum (Fragrance), Citric Acid, Vanillyl Butyl Ether, Potassium Sorbate, Citrus Aurantium Dulcis (Orange) Fruit Extract, Citrus Medica Limonum (Lemon) Fruit Extract, Saccharum Officinarum (Sugar Cane) Extract \/ Extrait De Canne A Sucre, Vaccinium Myrtillus Leaf Extract, Limonene, Citrus Aurantium Peel Oil.<\/p>\n","protected":false},"excerpt":{"rendered":"<div class=\"product-desc\">\n<div class=\"cms-content cms-view-more-content\">\n<div class=\"product attribute overview\">\n<div class=\"value\">Un gommage enzymatique aux acides de fruits et l&rsquo;acide glycolique pour resserrer les pores, optimiser le renouvellement cellulaire et lisser les ridules.<\/div>\n<\/div>\n<\/div>\n<\/div>\n<div class=\"attribut-list skin-type\">\n<div class=\"label\">TYPE DE PEAU : Tous types de peaux<\/div>\n<\/div>\n","protected":false},"featured_media":17327,"template":"","meta":[],"product_brand":[],"product_cat":[101],"product_tag":[],"class_list":{"0":"post-3213","1":"product","2":"type-product","3":"status-publish","4":"has-post-thumbnail","6":"product_cat-visage","8":"first","9":"instock","10":"taxable","11":"shipping-taxable","12":"purchasable","13":"product-type-simple"},"_links":{"self":[{"href":"https:\/\/dolcelahulpegifts.be\/fr\/wp-json\/wp\/v2\/product\/3213","targetHints":{"allow":["GET"]}}],"collection":[{"href":"https:\/\/dolcelahulpegifts.be\/fr\/wp-json\/wp\/v2\/product"}],"about":[{"href":"https:\/\/dolcelahulpegifts.be\/fr\/wp-json\/wp\/v2\/types\/product"}],"version-history":[{"count":4,"href":"https:\/\/dolcelahulpegifts.be\/fr\/wp-json\/wp\/v2\/product\/3213\/revisions"}],"predecessor-version":[{"id":17333,"href":"https:\/\/dolcelahulpegifts.be\/fr\/wp-json\/wp\/v2\/product\/3213\/revisions\/17333"}],"wp:featuredmedia":[{"embeddable":true,"href":"https:\/\/dolcelahulpegifts.be\/fr\/wp-json\/wp\/v2\/media\/17327"}],"wp:attachment":[{"href":"https:\/\/dolcelahulpegifts.be\/fr\/wp-json\/wp\/v2\/media?parent=3213"}],"wp:term":[{"taxonomy":"product_brand","embeddable":true,"href":"https:\/\/dolcelahulpegifts.be\/fr\/wp-json\/wp\/v2\/product_brand?post=3213"},{"taxonomy":"product_cat","embeddable":true,"href":"https:\/\/dolcelahulpegifts.be\/fr\/wp-json\/wp\/v2\/product_cat?post=3213"},{"taxonomy":"product_tag","embeddable":true,"href":"https:\/\/dolcelahulpegifts.be\/fr\/wp-json\/wp\/v2\/product_tag?post=3213"}],"curies":[{"name":"wp","href":"https:\/\/api.w.org\/{rel}","templated":true}]}}