{"id":3216,"date":"2022-06-08T17:37:45","date_gmt":"2022-06-08T15:37:45","guid":{"rendered":"https:\/\/dolcelahulpegifts.duckdns.org\/?post_type=product&#038;p=3216"},"modified":"2026-01-06T14:37:08","modified_gmt":"2026-01-06T13:37:08","slug":"lotion-phyto-peeling","status":"publish","type":"product","link":"https:\/\/dolcelahulpegifts.be\/fr\/product\/lotion-phyto-peeling\/","title":{"rendered":"Lotion phyto-peeling (200ml)"},"content":{"rendered":"<p style=\"text-align: left;\">La Lotion Phyto-Peeling est une lotion \u00ab effet gla\u00e7on \u00bb, non collante qui associe complexe d\u2019Acides de Fruits Naturels (AHAs) et Acide Glycolique afin d\u2019optimiser le renouvellement cellulaire, parfaire le grain de peau et illuminer le teint au quotidien. La peau est nette et fra\u00eeche, les imperfections att\u00e9nu\u00e9es, le teint \u00e9clatant. R\u00e9sultats prouv\u00e9s apr\u00e8s 21 jours d\u2019utilisation : 90%* des femmes trouvent leurs pores resserr\u00e9s, leurs imperfections att\u00e9nu\u00e9es et leur teint plus \u00e9clatant.<\/p>\n<p style=\"text-align: left;\"><strong>Conseils d&rsquo;utilisation<\/strong> : Votre super booster \u00e0 l&rsquo;effet \u00ab\u00a0gla\u00e7on\u00a0\u00bb imm\u00e9diat pour une peau \u00e9clatante !<br \/>\nLa Lotion Phyto-Peeling, sans alcool, lisse les imperfections, resserre les pores et redonne de l&rsquo;\u00e9clat \u00e0 votre peau. Matin et soir, apr\u00e8s le d\u00e9maquillage et le nettoyage de la peau, appliquez-la \u00e0 l&rsquo;aide d&rsquo;un coton sur le visage et le d\u00e9collet\u00e9, en \u00e9vitant le contour des yeux.<\/p>\n<p style=\"text-align: left;\"><strong>Ingr\u00e9dients<\/strong> : AQUA (WATER)\/EAU, POLYSORBATE 20, GLYCOLIC ACID, GLYCERIN, CITRUS AURANTIUM DULCIS (ORANGE) FRUIT EXTRACT, CITRUS GRANDIS (GRAPEFRUIT) FRUIT WATER, CITRUS MEDICA LIMONUM (LEMON) FRUIT EXTRACT, ETHYL LAUROYL ARGINATE HCL, MENTHYL LACTATE, PARFUM (FRAGRANCE), SACCHARUM OFFICINARUM (SUGAR CANE) EXTRACT, VACCINIUM MYRTILLUS LEAF EXTRACT, CITRIC ACID, SODIUM<br \/>\nHYDROXIDE, SODIUM BENZOATE, LIMONENE, CITRUS AURANTIUM PEEL OIL, LINALYL ACETATE, LINALOOL, MENTHOL, GERANIOL, CITRUS LIMON (LEMON) PEEL OIL, TERPINEOL.<\/p>\n","protected":false},"excerpt":{"rendered":"<div class=\"product-desc\">\n<div class=\"cms-content cms-view-more-content\">\n<div class=\"product attribute overview\">\n<div class=\"value\">Une lotion tonifiante sans alcool qui affine le grain de peau et permet le renouvellement cellulaire au quotidien.<\/div>\n<\/div>\n<\/div>\n<\/div>\n<div class=\"attribut-list skin-type\">\n<div class=\"label\">TYPE DE PEAU : Tous types de peaux<\/div>\n<\/div>\n<div class=\"attribut-list concerns\">\n<div class=\"label\">PREOCCUPATIONS : Brillance, Marques de fatigue<\/div>\n<\/div>\n","protected":false},"featured_media":17299,"template":"","meta":[],"product_brand":[],"product_cat":[101],"product_tag":[],"class_list":{"0":"post-3216","1":"product","2":"type-product","3":"status-publish","4":"has-post-thumbnail","6":"product_cat-visage","8":"first","9":"instock","10":"taxable","11":"shipping-taxable","12":"purchasable","13":"product-type-simple"},"_links":{"self":[{"href":"https:\/\/dolcelahulpegifts.be\/fr\/wp-json\/wp\/v2\/product\/3216","targetHints":{"allow":["GET"]}}],"collection":[{"href":"https:\/\/dolcelahulpegifts.be\/fr\/wp-json\/wp\/v2\/product"}],"about":[{"href":"https:\/\/dolcelahulpegifts.be\/fr\/wp-json\/wp\/v2\/types\/product"}],"version-history":[{"count":5,"href":"https:\/\/dolcelahulpegifts.be\/fr\/wp-json\/wp\/v2\/product\/3216\/revisions"}],"predecessor-version":[{"id":17341,"href":"https:\/\/dolcelahulpegifts.be\/fr\/wp-json\/wp\/v2\/product\/3216\/revisions\/17341"}],"wp:featuredmedia":[{"embeddable":true,"href":"https:\/\/dolcelahulpegifts.be\/fr\/wp-json\/wp\/v2\/media\/17299"}],"wp:attachment":[{"href":"https:\/\/dolcelahulpegifts.be\/fr\/wp-json\/wp\/v2\/media?parent=3216"}],"wp:term":[{"taxonomy":"product_brand","embeddable":true,"href":"https:\/\/dolcelahulpegifts.be\/fr\/wp-json\/wp\/v2\/product_brand?post=3216"},{"taxonomy":"product_cat","embeddable":true,"href":"https:\/\/dolcelahulpegifts.be\/fr\/wp-json\/wp\/v2\/product_cat?post=3216"},{"taxonomy":"product_tag","embeddable":true,"href":"https:\/\/dolcelahulpegifts.be\/fr\/wp-json\/wp\/v2\/product_tag?post=3216"}],"curies":[{"name":"wp","href":"https:\/\/api.w.org\/{rel}","templated":true}]}}