{"id":3220,"date":"2022-06-08T17:36:50","date_gmt":"2022-06-08T15:36:50","guid":{"rendered":"https:\/\/dolcelahulpegifts.duckdns.org\/?post_type=product&#038;p=3220"},"modified":"2026-01-06T14:27:44","modified_gmt":"2026-01-06T13:27:44","slug":"pate-de-fleurs","status":"publish","type":"product","link":"https:\/\/dolcelahulpegifts.be\/fr\/product\/pate-de-fleurs\/","title":{"rendered":"P\u00e2te de Fleurs (150ml)"},"content":{"rendered":"<p style=\"text-align: left;\">Inspir\u00e9e d\u2019une recette traditionnelle balinaise, la P\u00e2te de Fleurs\u00ae associe de l\u2019huile de Fruit de la Passion et du beurre de Mangue \u00e0 des acides doux de Fleurs Tropicales : Lys Blanc, Hibiscus et Fleurs de Tiar\u00e9.<br \/>\nLa P\u00e2te de Fleurs permet d\u2019\u00e9liminer parfaitement et en douceur maquillage, impuret\u00e9s et particules de pollution.<br \/>\nCe nettoyant-d\u00e9maquillant \u00e0 la texture r\u00e9confortante, se pr\u00e9sente en baume puis se transforme en un d\u00e9licieux voile lact\u00e9 au contact de l&rsquo;eau.<br \/>\nLa peau est nettoy\u00e9e en profondeur, d\u00e9toxifi\u00e9e et liss\u00e9e. Imm\u00e9diatement, le teint est plus \u00e9clatant et la peau, m\u00eame s\u00e8che, retrouve tout son confort.<\/p>\n<p style=\"text-align: left;\"><strong>Conseils d&rsquo;utilisation<\/strong> : En fin de journ\u00e9e, le d\u00e9maquillage est primordial si vous voulez garder une peau saine et un teint lumineux. C\u2019est pourquoi il est indispensable de bien choisir son d\u00e9maquillant ! Appliquer et masser sur une peau s\u00e8che, sur le visage, le cou et le d\u00e9collet\u00e9. Humidifier l\u00e9g\u00e8rement le visage et continuer \u00e0 masser en mouvements circulaires jusqu\u2019\u00e0 l\u2019obtention d&rsquo;un voile lact\u00e9 puis rincer.<\/p>\n<p style=\"text-align: left;\"><strong>Ingr\u00e9dients<\/strong> : Aqua (Water), Coco-Glucoside, Behenyl Alcohol, Cetearyl Alcohol, Glyceryl Stearate Se, Caprylic\/Capric Triglyceride, Propanediol, Parfum (Fragrance), Helianthus Annuus (Sunflower) Seed Oil, Hydrogenated Castor Oil, Passiflora Incarnata Seed Oil,1,2-Hexanediol, Xanthan Gum, Benzyl Salicylate, Mangifera Indica (Mango) Seed Butter, Pentylene Glycol, Tocopheryl Acetate, Linalool, Chlorhexidine Digluconate, Citral, Citric, Acid, Beta-Carotene, Daucus Carota Sativa (Carrot) Root Extract, Daucus Carota Sativa (Carrot) Seed Oil, Gardenia Tahitensis Flower Extract, Lilium Candidum Flower Extract, Hibiscus Sabdariffa Flower Extract, Tocopherol, Ascorbyl Palmitate.<\/p>\n","protected":false},"excerpt":{"rendered":"<div class=\"product-desc\">\n<div class=\"cms-content cms-view-more-content\">\n<div class=\"product attribute overview\">\n<div class=\"value\">Une texture baume fondante qui d\u00e9maquille \u00e0 l&rsquo;eau et laisse la peau fra\u00eeche et confortable. Id\u00e9ale pour les peaux normales \u00e0 s\u00e8ches.<\/div>\n<\/div>\n<\/div>\n<\/div>\n<div class=\"attribut-list skin-type\">\n<div class=\"label\">TYPE DE PEAU : Tous types de peaux<\/div>\n<\/div>\n","protected":false},"featured_media":14300,"template":"","meta":[],"product_brand":[],"product_cat":[101],"product_tag":[],"class_list":{"0":"post-3220","1":"product","2":"type-product","3":"status-publish","4":"has-post-thumbnail","6":"product_cat-visage","8":"first","9":"instock","10":"taxable","11":"shipping-taxable","12":"purchasable","13":"product-type-simple"},"_links":{"self":[{"href":"https:\/\/dolcelahulpegifts.be\/fr\/wp-json\/wp\/v2\/product\/3220","targetHints":{"allow":["GET"]}}],"collection":[{"href":"https:\/\/dolcelahulpegifts.be\/fr\/wp-json\/wp\/v2\/product"}],"about":[{"href":"https:\/\/dolcelahulpegifts.be\/fr\/wp-json\/wp\/v2\/types\/product"}],"version-history":[{"count":9,"href":"https:\/\/dolcelahulpegifts.be\/fr\/wp-json\/wp\/v2\/product\/3220\/revisions"}],"predecessor-version":[{"id":17310,"href":"https:\/\/dolcelahulpegifts.be\/fr\/wp-json\/wp\/v2\/product\/3220\/revisions\/17310"}],"wp:featuredmedia":[{"embeddable":true,"href":"https:\/\/dolcelahulpegifts.be\/fr\/wp-json\/wp\/v2\/media\/14300"}],"wp:attachment":[{"href":"https:\/\/dolcelahulpegifts.be\/fr\/wp-json\/wp\/v2\/media?parent=3220"}],"wp:term":[{"taxonomy":"product_brand","embeddable":true,"href":"https:\/\/dolcelahulpegifts.be\/fr\/wp-json\/wp\/v2\/product_brand?post=3220"},{"taxonomy":"product_cat","embeddable":true,"href":"https:\/\/dolcelahulpegifts.be\/fr\/wp-json\/wp\/v2\/product_cat?post=3220"},{"taxonomy":"product_tag","embeddable":true,"href":"https:\/\/dolcelahulpegifts.be\/fr\/wp-json\/wp\/v2\/product_tag?post=3220"}],"curies":[{"name":"wp","href":"https:\/\/api.w.org\/{rel}","templated":true}]}}