{"id":3224,"date":"2022-06-08T17:02:06","date_gmt":"2022-06-08T15:02:06","guid":{"rendered":"https:\/\/dolcelahulpegifts.duckdns.org\/?post_type=product&#038;p=3224"},"modified":"2026-01-06T14:27:12","modified_gmt":"2026-01-06T13:27:12","slug":"eau-micellaire-aux-cinq-fleurs","status":"publish","type":"product","link":"https:\/\/dolcelahulpegifts.be\/fr\/product\/eau-micellaire-aux-cinq-fleurs\/","title":{"rendered":"Eau Micellaire aux Cinq Fleurs (200ml)"},"content":{"rendered":"<p style=\"text-align: left;\">Test\u00e9e sous contr\u00f4le ophtalmologique.<br \/>\nNotre laboratoire parisien a r\u00e9uni au coeur de cette formule certifi\u00e9e biologique tout le pouvoir des extraits de fleurs tropicales (Frangipanier, Gard\u00e9nia, Hibiscus, Ylang Ylang, Lotus) pour r\u00e9v\u00e9ler l\u2019\u00e9clat du teint et nettoyer la peau en douceur avec de l\u2019extrait de Citron Bio pour purifier et d\u00e9toxifier.<br \/>\nLes micelles, agents nettoyants doux, \u00e9liminent efficacement le maquillage, ainsi que toutes les impuret\u00e9s.<br \/>\nLa peau est parfaitement propre et tonifi\u00e9e, pr\u00eate \u00e0 \u00eatre hydrat\u00e9e.<\/p>\n<p style=\"text-align: left;\"><strong>Conseils d&rsquo;utilisation<\/strong> : L&rsquo;Eau Micellaire aux Cinq Fleurs\u00ae est un v\u00e9ritable produit 3-en-1!<br \/>\nTest\u00e9e sous contr\u00f4le ophtalmologique, elle permet de d\u00e9maquiller le visage &amp; les yeux et vous offre un nettoyage rapide et frais.<br \/>\nChaque matin, appliquez 2 pressions sur un coton, puis passez directement sur vos yeux et votre visage puis rincez votre visage.<\/p>\n<p style=\"text-align: left;\"><strong>Ingr\u00e9dients<\/strong> : Aqua (Water) \/ Eau, Citrus Limon (Lemon) Fruit Extract*, Glycerin, Sodium Citrate, Polyglyceryl-4 Caprate, Polyglyceryl-6 Caprylate, Cananga Odorata Oil\/Extract, Plumeria Rubra Flower Extract, Nelumbo Nucifera Flower Extract*, Gardenia Jasminoides Fruit Extract, Hibiscus Sabdariffa Flower Extract, Calcium Gluconate, Gluconolactone, Parfum (Fragrance), Sodium Benzoate, Citric Acid, Sodium Hydroxide, Potassium Sorbate, Benzyl Alcohol, Limonene, Citrus Aurantium Peel Oil. *Ingr\u00e9dients issus de l\u2019agriculture biologique \/ Ingredients from organic farming<\/p>\n","protected":false},"excerpt":{"rendered":"<div class=\"product-desc\">\n<div class=\"cms-content cms-view-more-content\">\n<div class=\"product attribute overview\">\n<div class=\"value\">Une eau micellaire 3-en-1 certifi\u00e9e bio qui d\u00e9maquille le visage et les yeux, nettoie et tonifie tous les types de peaux.<\/div>\n<\/div>\n<\/div>\n<\/div>\n<div class=\"attribut-list skin-type\">\n<div class=\"label\">TYPE DE PEAU : Tous types de peaux<\/div>\n<\/div>\n<div class=\"attribut-list concerns\">\n<div class=\"label\">PREOCCUPATIONS : Soins quotidiens<\/div>\n<\/div>\n","protected":false},"featured_media":14477,"template":"","meta":[],"product_brand":[],"product_cat":[101],"product_tag":[],"class_list":{"0":"post-3224","1":"product","2":"type-product","3":"status-publish","4":"has-post-thumbnail","6":"product_cat-visage","8":"first","9":"instock","10":"taxable","11":"shipping-taxable","12":"purchasable","13":"product-type-simple"},"_links":{"self":[{"href":"https:\/\/dolcelahulpegifts.be\/fr\/wp-json\/wp\/v2\/product\/3224","targetHints":{"allow":["GET"]}}],"collection":[{"href":"https:\/\/dolcelahulpegifts.be\/fr\/wp-json\/wp\/v2\/product"}],"about":[{"href":"https:\/\/dolcelahulpegifts.be\/fr\/wp-json\/wp\/v2\/types\/product"}],"version-history":[{"count":3,"href":"https:\/\/dolcelahulpegifts.be\/fr\/wp-json\/wp\/v2\/product\/3224\/revisions"}],"predecessor-version":[{"id":17313,"href":"https:\/\/dolcelahulpegifts.be\/fr\/wp-json\/wp\/v2\/product\/3224\/revisions\/17313"}],"wp:featuredmedia":[{"embeddable":true,"href":"https:\/\/dolcelahulpegifts.be\/fr\/wp-json\/wp\/v2\/media\/14477"}],"wp:attachment":[{"href":"https:\/\/dolcelahulpegifts.be\/fr\/wp-json\/wp\/v2\/media?parent=3224"}],"wp:term":[{"taxonomy":"product_brand","embeddable":true,"href":"https:\/\/dolcelahulpegifts.be\/fr\/wp-json\/wp\/v2\/product_brand?post=3224"},{"taxonomy":"product_cat","embeddable":true,"href":"https:\/\/dolcelahulpegifts.be\/fr\/wp-json\/wp\/v2\/product_cat?post=3224"},{"taxonomy":"product_tag","embeddable":true,"href":"https:\/\/dolcelahulpegifts.be\/fr\/wp-json\/wp\/v2\/product_tag?post=3224"}],"curies":[{"name":"wp","href":"https:\/\/api.w.org\/{rel}","templated":true}]}}