{"id":3231,"date":"2022-06-08T17:00:46","date_gmt":"2022-06-08T15:00:46","guid":{"rendered":"https:\/\/dolcelahulpegifts.duckdns.org\/?post_type=product&#038;p=3231"},"modified":"2026-01-06T14:28:55","modified_gmt":"2026-01-06T13:28:55","slug":"pluie-de-fleurs","status":"publish","type":"product","link":"https:\/\/dolcelahulpegifts.be\/fr\/product\/pluie-de-fleurs\/","title":{"rendered":"Pluie de Fleurs (100 ml)"},"content":{"rendered":"<p style=\"text-align: left;\">La brume bouclier anti-pollution et r\u00e9v\u00e9latrice d\u2019\u00e9clat, est la nouvelle solution r\u00e9volutionnaire pr\u00e9sent\u00e9e par les Laboratoires Cinq Mondes. Inspir\u00e9e de la Pharmacop\u00e9e Traditionnelle Balinaise, la Pluie de Fleurs\u00ae prot\u00e8ge et r\u00e9\u00e9quilibre le m\u00e9tabolisme cellulaire naturel, selon les principes de la Di\u00e9t\u00e9tique de la Peau\u00ae.<br \/>\nBien plus qu\u2019une brume, la nouvelle formule de la Pluie de Fleurs\u00ae est enrichie d\u2019un actif v\u00e9g\u00e9tal bouclier anti-pollution, le Bio-Protect qui lutte contre les effets n\u00e9fastes des gaz polluants et particules fines. Gr\u00e2ce aux extraits d\u2019acides doux des fleurs de Bali, elle permet un coup d\u2019\u00e9clat express et une peau sublim\u00e9e en quelques minutes.<br \/>\nAvec son format nomade qui lui permet notamment d&rsquo;\u00eatre transport\u00e9e en cabine en avion, cette brume est l\u2019alli\u00e9e quotidien des peaux soumises \u00e0 la pollution. Pour une peau instantan\u00e9ment rafra\u00eechie et prot\u00e9g\u00e9e des agressions ext\u00e9rieures.<\/p>\n<p style=\"text-align: left;\"><strong>Conseils d&rsquo;utilisation<\/strong> : La Pluie de Fleurs est compl\u00e9mentaire \u00e0 vos produits de beaut\u00e9 quotidiens, \u00e0 utiliser sans mod\u00e9ration. Effectuez une pression longue et diffusez sur le visage, le cou et le d\u00e9collet\u00e9, avec les yeux clos, \u00e0 une vingtaine de centim\u00e8tres du visage, pour une brumisation homog\u00e8ne.<br \/>\nElle s\u2019utilise \u00e0 tout moment de la journ\u00e9e : avant ou apr\u00e8s la cr\u00e8me de jour, au cours de la journ\u00e9e lors d\u2019expositions \u00e0 l\u2019environnement ext\u00e9rieur ou le soir apr\u00e8s le d\u00e9maquillage.<\/p>\n<p style=\"text-align: left;\"><strong>Ingr\u00e9dients<\/strong> : Aqua (Water) \/ Eau, Polysorbate 20, Lactobacillus Ferment,<br \/>\nCocos Nucifera (Coconut) Fruit Extract, Glycerin, Glyceryl Caprylate,<br \/>\nGlyceryl Undecylenate, Hibiscus Sabdariffa Flower Extract, Hordeum Vulgare Seed Extract, Lactobacillus, Lilium Candidum Flower Extract, Panax Ginseng Root Extract, Parfum (Fragrance), Propanediol, Prunus Persica (Peach) Juice, Pyrus Malus (Apple) Juice, Triticum Vulgare (Wheat) Seed Extract, Citric Acid, Ethylhexylglycerin, Potassium Sorbate, Sodium Benzoate, Benzyl Salicylate, Linalool, Lemongrass Oil, Citral.<\/p>\n","protected":false},"excerpt":{"rendered":"<p>Une brume \u00e9clat anti-pollution \u00e0 utiliser sans mod\u00e9ration pour une peau rafra\u00eechie et prot\u00e9g\u00e9e des agressions ext\u00e9rieures en un seul geste \u00e0 tout moment de la journ\u00e9e.<\/p>\n","protected":false},"featured_media":3232,"template":"","meta":[],"product_brand":[],"product_cat":[101],"product_tag":[],"class_list":{"0":"post-3231","1":"product","2":"type-product","3":"status-publish","4":"has-post-thumbnail","6":"product_cat-visage","8":"first","9":"instock","10":"taxable","11":"shipping-taxable","12":"purchasable","13":"product-type-simple"},"_links":{"self":[{"href":"https:\/\/dolcelahulpegifts.be\/fr\/wp-json\/wp\/v2\/product\/3231","targetHints":{"allow":["GET"]}}],"collection":[{"href":"https:\/\/dolcelahulpegifts.be\/fr\/wp-json\/wp\/v2\/product"}],"about":[{"href":"https:\/\/dolcelahulpegifts.be\/fr\/wp-json\/wp\/v2\/types\/product"}],"version-history":[{"count":4,"href":"https:\/\/dolcelahulpegifts.be\/fr\/wp-json\/wp\/v2\/product\/3231\/revisions"}],"predecessor-version":[{"id":17317,"href":"https:\/\/dolcelahulpegifts.be\/fr\/wp-json\/wp\/v2\/product\/3231\/revisions\/17317"}],"wp:featuredmedia":[{"embeddable":true,"href":"https:\/\/dolcelahulpegifts.be\/fr\/wp-json\/wp\/v2\/media\/3232"}],"wp:attachment":[{"href":"https:\/\/dolcelahulpegifts.be\/fr\/wp-json\/wp\/v2\/media?parent=3231"}],"wp:term":[{"taxonomy":"product_brand","embeddable":true,"href":"https:\/\/dolcelahulpegifts.be\/fr\/wp-json\/wp\/v2\/product_brand?post=3231"},{"taxonomy":"product_cat","embeddable":true,"href":"https:\/\/dolcelahulpegifts.be\/fr\/wp-json\/wp\/v2\/product_cat?post=3231"},{"taxonomy":"product_tag","embeddable":true,"href":"https:\/\/dolcelahulpegifts.be\/fr\/wp-json\/wp\/v2\/product_tag?post=3231"}],"curies":[{"name":"wp","href":"https:\/\/api.w.org\/{rel}","templated":true}]}}