{"id":3251,"date":"2022-06-09T11:52:29","date_gmt":"2022-06-09T09:52:29","guid":{"rendered":"https:\/\/dolcelahulpegifts.duckdns.org\/?post_type=product&#038;p=3251"},"modified":"2026-01-06T14:29:10","modified_gmt":"2026-01-06T13:29:10","slug":"huile-de-douche-et-bain-rituel-de-bengalore","status":"publish","type":"product","link":"https:\/\/dolcelahulpegifts.be\/fr\/product\/huile-de-douche-et-bain-rituel-de-bengalore\/","title":{"rendered":"Huile phyto-aromatique de douche et bain &#8211; Rituel de Bengalore (200ml)"},"content":{"rendered":"<p style=\"text-align: left;\">L\u2019Huile phyto-aromatique de douche et bain (Rituel de Bengalore, Inde), allie le pouvoir hydratant* des huiles v\u00e9g\u00e9tales aux vertus apaisantes des huiles essentielles de Cardamome et de l\u2019Absolu de vanille. Au contact de l\u2019eau, l\u2019huile se transforme en un voile lact\u00e9 puis en une mousse onctueuse. La peau est nettoy\u00e9e, hydrat\u00e9e* et l\u00e9g\u00e8rement parfum\u00e9e. (*hydratation des couches sup\u00e9rieures de l\u2019\u00e9piderme).<\/p>\n<p style=\"text-align: left;\"><strong>Conseils d&rsquo;utilisation<\/strong> : \u00c0 travers la m\u00e9thode Ar\u00f4mes et Couleurs\u00ae, chaque composition parfum\u00e9e est associ\u00e9e \u00e0 une couleur et \u00e0 un message \u00e9nerg\u00e9tique personnalis\u00e9 selon vos besoins.<br \/>\nCette huile vous apporte ainsi un message \u00e9nerg\u00e9tique de d\u00e9tente, de recentrage et de calme int\u00e9rieur.<br \/>\nAppliquez l&rsquo;huile sur une peau bien humidifi\u00e9e. Rincez et retrouvez une peau satin\u00e9e et d\u00e9licatement parfum\u00e9e.<\/p>\n<p style=\"text-align: left;\"><strong>Ingredients<\/strong> : Polysorbate 20, Laureth-4, Tipa-Laureth Sulfate, Ricinus Communis (Castor) Seed Oil, Aqua (Water) \/ Eau, Sweet Almond Oil Peg-8 Esters, Parfum<br \/>\n(Fragrance), Sodium Laureth Sulfate, Silica Dimethyl Silylate, Propylene Glycol, Rosa Rubiginosa Seed Oil Peg-8 Esters, Tocopheryl Acetate, Ethylhexyl Methoxycinnamate (Octinoxate), Ethylhexyl Salicylate (Octisalate), Butyl Methoxydibenzoylmethane (Avobenzone), Bht, Peg-40 Hydrogenated<br \/>\nCastor Oil, Guaiazulene, Limonene, Citrus Limon (Lemon) Peel Oil, Linalool, Linalyl Acetate, Juniperus Virginiana Oil, Pinene, Hydroxycitronellal, Santalum Album (Sandalwood) Oil, Santalol, Citral, Geranyl Acetate, Carvone, Mentha Viridis (Spearmint) Leaf Oil.<\/p>\n","protected":false},"excerpt":{"rendered":"<div class=\"product-desc\">\n<div class=\"cms-content cms-view-more-content\">\n<div class=\"product attribute overview\">\n<div class=\"value\">Cette huile de douche et bain se transforme au contact de l&rsquo;eau en un voile lact\u00e9 puis en une mousse onctueuse. La peau est subtilement parfum\u00e9e de fragrances d&rsquo;huiles essentielles de Cardamome et de Vanille.<\/div>\n<\/div>\n<\/div>\n<\/div>\n<div class=\"attribut-list skin-type\">\n<div class=\"label\">TYPE DE PEAU : Tous types de peaux<\/div>\n<\/div>\n<div class=\"attribut-list concerns\">\n<div class=\"label\">PREOCCUPATIONS : Soins quotidiens<\/div>\n<\/div>\n","protected":false},"featured_media":15878,"template":"","meta":[],"product_brand":[],"product_cat":[103],"product_tag":[],"class_list":{"0":"post-3251","1":"product","2":"type-product","3":"status-publish","4":"has-post-thumbnail","6":"product_cat-produits-corps-cinq-mondes","8":"first","9":"instock","10":"taxable","11":"shipping-taxable","12":"purchasable","13":"product-type-simple"},"_links":{"self":[{"href":"https:\/\/dolcelahulpegifts.be\/fr\/wp-json\/wp\/v2\/product\/3251","targetHints":{"allow":["GET"]}}],"collection":[{"href":"https:\/\/dolcelahulpegifts.be\/fr\/wp-json\/wp\/v2\/product"}],"about":[{"href":"https:\/\/dolcelahulpegifts.be\/fr\/wp-json\/wp\/v2\/types\/product"}],"version-history":[{"count":4,"href":"https:\/\/dolcelahulpegifts.be\/fr\/wp-json\/wp\/v2\/product\/3251\/revisions"}],"predecessor-version":[{"id":17231,"href":"https:\/\/dolcelahulpegifts.be\/fr\/wp-json\/wp\/v2\/product\/3251\/revisions\/17231"}],"wp:featuredmedia":[{"embeddable":true,"href":"https:\/\/dolcelahulpegifts.be\/fr\/wp-json\/wp\/v2\/media\/15878"}],"wp:attachment":[{"href":"https:\/\/dolcelahulpegifts.be\/fr\/wp-json\/wp\/v2\/media?parent=3251"}],"wp:term":[{"taxonomy":"product_brand","embeddable":true,"href":"https:\/\/dolcelahulpegifts.be\/fr\/wp-json\/wp\/v2\/product_brand?post=3251"},{"taxonomy":"product_cat","embeddable":true,"href":"https:\/\/dolcelahulpegifts.be\/fr\/wp-json\/wp\/v2\/product_cat?post=3251"},{"taxonomy":"product_tag","embeddable":true,"href":"https:\/\/dolcelahulpegifts.be\/fr\/wp-json\/wp\/v2\/product_tag?post=3251"}],"curies":[{"name":"wp","href":"https:\/\/api.w.org\/{rel}","templated":true}]}}