{"id":3255,"date":"2022-06-09T11:55:21","date_gmt":"2022-06-09T09:55:21","guid":{"rendered":"https:\/\/dolcelahulpegifts.duckdns.org\/?post_type=product&#038;p=3255"},"modified":"2026-01-06T14:49:16","modified_gmt":"2026-01-06T13:49:16","slug":"puree-de-papaye","status":"publish","type":"product","link":"https:\/\/dolcelahulpegifts.be\/fr\/product\/puree-de-papaye\/","title":{"rendered":"Pur\u00e9e de papaye (150ml)"},"content":{"rendered":"<p style=\"text-align: left;\">La\u00a0<span class=\"bold\">Pur\u00e9e de Papaye<\/span> est adapt\u00e9e d\u2019une recette de beaut\u00e9, traditionnellement utilis\u00e9e depuis le 16\u00e8me si\u00e8cle dans le royaume du Siam pour redonner \u00e9clat et douceur \u00e0 la peau. Gr\u00e2ce \u00e0 ses extraits naturels de Papaye riches en Papa\u00efne, de poudre Noix de Coco, de Terre de Diatom\u00e9e et d\u2019huile de K\u00e9miri, cette douche exfoliante permet de nettoyer et purifier la peau en douceur.<\/p>\n<p style=\"text-align: left;\">La\u00a0<span class=\"bold\">Pur\u00e9e de Papaye<\/span> exfolie, affine et illumine le grain de peau. Id\u00e9al pour les peaux sensibles.<\/p>\n<p style=\"text-align: left;\"><strong>Conseils d&rsquo;utilisation<\/strong> :\u00a0Versez deux grosses noix de\u00a0<span class=\"bold\">Pur\u00e9e de Papaye<\/span> aux creux de votre main. Effectuez, sur peau humide, des petits mouvements circulaires doux l&rsquo;ensemble de votre corps en partant des pieds, puis rincez \u00e0 l&rsquo;eau claire. <span class=\"bold\">Astuce<\/span>\u00a0: n&rsquo;oubliez pas d&rsquo;hydrater votre peau avec le Baume Fondant aux Noix Tropicales apr\u00e8s le gommage, pour une peau douce et soyeuse.<\/p>\n<p style=\"text-align: left;\"><strong>Ingredients<\/strong> : Aqua (Water)\/Eau, Decyl Glucoside, Glycerin, Zea Mays (Corn) Starch, Cocamidopropyl Betaine, Sodium Cocoyl Isethionate, Disodium Lauryl Sulfosuccinate, Cetearyl Alcohol, Prunus Armeniaca (Apricot) Seed Powder, Parfum (Fragrance), Sodium<br \/>\nCocoyl Apple Amino Acids, Hydrogenated Castor Oil, Benzyl Alcohol, Cocos Nucifera (Coconut) Shell Powder, Illite, Sodium Benzoate, Xanthan Gum, Hexylene Glycol, Kaolin, Dehydroacetic Acid, Ci 77491 (Iron Oxides), Disodium Edta, Ci 77891 (Titanium Dioxide),<br \/>\nTetrasodium Glutamate Diacetate, Citric Acid, Carica Papaya (Papaya) Fruit Extract*, Juniperus Virginiana Oil, Tetramethyl Acetyloctahydronaphthalenes, Geraniol, Citral, Santalum Album Oil, Santalol, Limonene, Citronellol, Beta\u00accaryophyllene, Pinene. *Ingr\u00e9dients Issus De L&rsquo;agriculture Biologique \/ Ingredients From Organic Farming.<\/p>\n","protected":false},"excerpt":{"rendered":"<div class=\"product-desc\">\n<div class=\"cms-content cms-view-more-content\">\n<div class=\"product attribute overview\">\n<div class=\"value\">Une douche 2-en-1 quotidienne pour nettoyer et exfolier la peau en douceur et stimuler les sens.<\/div>\n<\/div>\n<\/div>\n<\/div>\n<div class=\"attribut-list skin-type\">\n<div class=\"label\">TYPE DE PEAU : Tous types de peaux<\/div>\n<\/div>\n","protected":false},"featured_media":3256,"template":"","meta":[],"product_brand":[],"product_cat":[103],"product_tag":[],"class_list":{"0":"post-3255","1":"product","2":"type-product","3":"status-publish","4":"has-post-thumbnail","6":"product_cat-produits-corps-cinq-mondes","8":"first","9":"instock","10":"taxable","11":"shipping-taxable","12":"purchasable","13":"product-type-simple"},"_links":{"self":[{"href":"https:\/\/dolcelahulpegifts.be\/fr\/wp-json\/wp\/v2\/product\/3255","targetHints":{"allow":["GET"]}}],"collection":[{"href":"https:\/\/dolcelahulpegifts.be\/fr\/wp-json\/wp\/v2\/product"}],"about":[{"href":"https:\/\/dolcelahulpegifts.be\/fr\/wp-json\/wp\/v2\/types\/product"}],"version-history":[{"count":3,"href":"https:\/\/dolcelahulpegifts.be\/fr\/wp-json\/wp\/v2\/product\/3255\/revisions"}],"predecessor-version":[{"id":17229,"href":"https:\/\/dolcelahulpegifts.be\/fr\/wp-json\/wp\/v2\/product\/3255\/revisions\/17229"}],"wp:featuredmedia":[{"embeddable":true,"href":"https:\/\/dolcelahulpegifts.be\/fr\/wp-json\/wp\/v2\/media\/3256"}],"wp:attachment":[{"href":"https:\/\/dolcelahulpegifts.be\/fr\/wp-json\/wp\/v2\/media?parent=3255"}],"wp:term":[{"taxonomy":"product_brand","embeddable":true,"href":"https:\/\/dolcelahulpegifts.be\/fr\/wp-json\/wp\/v2\/product_brand?post=3255"},{"taxonomy":"product_cat","embeddable":true,"href":"https:\/\/dolcelahulpegifts.be\/fr\/wp-json\/wp\/v2\/product_cat?post=3255"},{"taxonomy":"product_tag","embeddable":true,"href":"https:\/\/dolcelahulpegifts.be\/fr\/wp-json\/wp\/v2\/product_tag?post=3255"}],"curies":[{"name":"wp","href":"https:\/\/api.w.org\/{rel}","templated":true}]}}