{"id":3260,"date":"2022-06-09T11:57:43","date_gmt":"2022-06-09T09:57:43","guid":{"rendered":"https:\/\/dolcelahulpegifts.duckdns.org\/?post_type=product&#038;p=3260"},"modified":"2026-05-13T12:49:36","modified_gmt":"2026-05-13T10:49:36","slug":"savon-noir-beldi","status":"publish","type":"product","link":"https:\/\/dolcelahulpegifts.be\/fr\/product\/savon-noir-beldi\/","title":{"rendered":"Savon noir beldi\u00ae (200ml)"},"content":{"rendered":"<p style=\"text-align: left;\">La tradition \u00e9crite orientale accorde une grande importance aux rituels de purification du Hammam. Respectant la recette traditionnelle orientale, le Savon Noir Beldi\u00ae se compose d\u2019huile d&rsquo;olive 100% vierge connue pour ses propri\u00e9t\u00e9s r\u00e9g\u00e9n\u00e9rantes et d\u2019une fragrance riche en huiles essentielles de Cannelle, d&rsquo;Eucalyptus et C\u00e8dre.<\/p>\n<p style=\"text-align: left;\">La peau est purifi\u00e9e et retrouve toute sa douceur.<\/p>\n<p style=\"text-align: left;\"><strong>Conseils d&rsquo;utilisation<\/strong> :\u00a0Appliquez le Savon Noir Beldi\u00ae sur peau humide, puis rincez \u00e0 l&rsquo;eau chaude. Effectuez ensuite avec le gant de Kassa une exfoliation douce et lente sur le corps. Votre peau est purifi\u00e9e et adoucie.<\/p>\n<p style=\"text-align: left;\">Astuce: le savon noir hydrate la peau en hiver , et est id\u00e9al toute l&rsquo;ann\u00e9e pour les peaux sensibles au calcaire gr\u00e2ce \u00e0 sa formulation 100% huile d&rsquo;olive.<\/p>\n<p style=\"text-align: left;\"><strong>Ingredients <\/strong>: Laureth-4, Aqua (Water) \/ Eau, Glycerin, Propylene Glycol, Sodium Stearate, Sodium Laurate, Sodium Laureth Sulfate, Sorbitol, Olea Europaea (Olive) Fruit Oil, Parfum (Fragrance), Cocamidopropyl Betaine, Caramel, Sodium Chloride, Sodium Thiosulfate, Sodium Citrate, Citric Acid, Tetrasodium Etidronate, Tetrasodium Edta, Sodium Lauryl Sulfate, Tetramethyl Acetyloctahydronaphthalenes, Eucalyptus Globulus Oil, Juniperus Virginiana Oil, Eugenol, Pogostemon Cablin Oil, Limonene, Eugenia Caryophyllus Oil, Pinene, Citronellol, Alpha-Isomethyl Ionone, Geraniol, Beta-Caryophyllene, Acetyl Cedrene, Eugenyl Acetate.<\/p>\n","protected":false},"excerpt":{"rendered":"<div class=\"product-desc\">\n<div class=\"cms-content cms-view-more-content\">\n<div class=\"product attribute overview\">\n<div class=\"value\">Gommage \u00e0 l&rsquo;huile d&rsquo;olive 100% vierge pour nettoyer en douceur au quotidien ou \u00e0 utiliser avec le Gant de Kassa pour \u00e9liminer les cellules mortes.<\/div>\n<\/div>\n<\/div>\n<\/div>\n<div class=\"attribut-list skin-type\">\n<div class=\"label\">TYPE DE PEAU : Tous types de peaux<\/div>\n<\/div>\n","protected":false},"featured_media":3261,"template":"","meta":[],"product_brand":[],"product_cat":[103],"product_tag":[],"class_list":{"0":"post-3260","1":"product","2":"type-product","3":"status-publish","4":"has-post-thumbnail","6":"product_cat-produits-corps-cinq-mondes","8":"first","9":"instock","10":"taxable","11":"shipping-taxable","12":"purchasable","13":"product-type-simple"},"_links":{"self":[{"href":"https:\/\/dolcelahulpegifts.be\/fr\/wp-json\/wp\/v2\/product\/3260","targetHints":{"allow":["GET"]}}],"collection":[{"href":"https:\/\/dolcelahulpegifts.be\/fr\/wp-json\/wp\/v2\/product"}],"about":[{"href":"https:\/\/dolcelahulpegifts.be\/fr\/wp-json\/wp\/v2\/types\/product"}],"version-history":[{"count":3,"href":"https:\/\/dolcelahulpegifts.be\/fr\/wp-json\/wp\/v2\/product\/3260\/revisions"}],"predecessor-version":[{"id":17227,"href":"https:\/\/dolcelahulpegifts.be\/fr\/wp-json\/wp\/v2\/product\/3260\/revisions\/17227"}],"wp:featuredmedia":[{"embeddable":true,"href":"https:\/\/dolcelahulpegifts.be\/fr\/wp-json\/wp\/v2\/media\/3261"}],"wp:attachment":[{"href":"https:\/\/dolcelahulpegifts.be\/fr\/wp-json\/wp\/v2\/media?parent=3260"}],"wp:term":[{"taxonomy":"product_brand","embeddable":true,"href":"https:\/\/dolcelahulpegifts.be\/fr\/wp-json\/wp\/v2\/product_brand?post=3260"},{"taxonomy":"product_cat","embeddable":true,"href":"https:\/\/dolcelahulpegifts.be\/fr\/wp-json\/wp\/v2\/product_cat?post=3260"},{"taxonomy":"product_tag","embeddable":true,"href":"https:\/\/dolcelahulpegifts.be\/fr\/wp-json\/wp\/v2\/product_tag?post=3260"}],"curies":[{"name":"wp","href":"https:\/\/api.w.org\/{rel}","templated":true}]}}