{"id":3263,"date":"2022-06-09T11:59:49","date_gmt":"2022-06-09T09:59:49","guid":{"rendered":"https:\/\/dolcelahulpegifts.duckdns.org\/?post_type=product&#038;p=3263"},"modified":"2026-02-16T10:35:48","modified_gmt":"2026-02-16T09:35:48","slug":"gommage-aromatique-aux-epices","status":"publish","type":"product","link":"https:\/\/dolcelahulpegifts.be\/fr\/product\/gommage-aromatique-aux-epices\/","title":{"rendered":"Gommage aromatique aux \u00e9pices (200ml)"},"content":{"rendered":"<p style=\"text-align: left;\">Adapt\u00e9 d\u2019un ancien rituel de l\u2019Ile de Java, le Gommage Aromatique aux Epices offre un gommage d\u2019exception, enrichi par les bienfaits tonifiants des \u00e9pices. Son association de Sel de Mer et de poudre d\u2019Amande apporte une action exfoliante qui purifie la peau, adoucie par l\u2019huile de Vanille et la cire de Carnauba. Gr\u00e2ce aux huiles essentielles de Cannelle, de Noix de Muscade, ce soin original permet de se ressourcer en profondeur.<\/p>\n<p style=\"text-align: left;\">La peau retrouve son \u00e9clat. Id\u00e9al pour pr\u00e9parer la peau au bronzage.<\/p>\n<p style=\"text-align: left;\"><strong>Conseils d&rsquo;utilisation<\/strong> : Humidifiez une poign\u00e9e de Gommage aromatique aux \u00e9pices pour obtenir une p\u00e2te onctueuse. Effectuez, sur peau humide, des mouvements circulaires doux sur l&rsquo;ensemble de votre corps en insistant sur les zones o\u00f9 la peau est plus \u00e9paisse, comme les genoux, puis rincez \u00e0 l&rsquo;eau claire. Astuce: n&rsquo;oubliez pas d&rsquo;hydrater votre peau avec l&rsquo;Huile Universelle Ayurv\u00e9dique\u00ae apr\u00e8s le gommage, pour une peau douce et soyeuse.<\/p>\n<p style=\"text-align: left;\"><strong>Ingredients<\/strong> : Sodium Chloride, Caprylic\/Capric Triglyceride, Coco-Caprylate\/Caprate, Aqua (Water), Cocamidopropyl Betaine, Cocos Nucifera (Coconut) Shell Powder, Parfum (Fragrance), Prunus Amygdalus Dulcis (Sweet Almond) Shell Powder, Arachidyl Alcohol, Copernicia Cerifera Cera (Copernicia Cerifera (Carnauba) Wax), Behenyl Alcohol, Sesamum Indicum (Sesame) Seed Oil, Glycerin, Helianthus Annuus (Sunflower) Seed Oil, Arachidyl Glucoside, Coconut Acid, Tocopheryl Acetate, Eugenol, O-Cymen-5-Ol, Alpha-Isomethyl Ionone, Cinnamal, Vanilla Planifolia Fruit Extract, Limonene, Vanilla Tahitensis Fruit Extract, Glucose, Tocopherol.<\/p>\n","protected":false},"excerpt":{"rendered":"<div class=\"product-desc\">\n<div class=\"cms-content cms-view-more-content\">\n<div class=\"product attribute overview\">\n<div class=\"value\">Gommage profond au sel de mer qui hydrate et r\u00e9chauffe les muscles par son parfum puissant aux huiles essentielles de Cannelle et Noix de Muscade.<\/div>\n<\/div>\n<\/div>\n<\/div>\n<div class=\"attribut-list skin-type\">\n<div class=\"label\">TYPE DE PEAU : Tous types de peaux<\/div>\n<\/div>\n","protected":false},"featured_media":3264,"template":"","meta":[],"product_brand":[],"product_cat":[103],"product_tag":[],"class_list":{"0":"post-3263","1":"product","2":"type-product","3":"status-publish","4":"has-post-thumbnail","6":"product_cat-produits-corps-cinq-mondes","8":"first","9":"instock","10":"taxable","11":"shipping-taxable","12":"purchasable","13":"product-type-simple"},"_links":{"self":[{"href":"https:\/\/dolcelahulpegifts.be\/fr\/wp-json\/wp\/v2\/product\/3263","targetHints":{"allow":["GET"]}}],"collection":[{"href":"https:\/\/dolcelahulpegifts.be\/fr\/wp-json\/wp\/v2\/product"}],"about":[{"href":"https:\/\/dolcelahulpegifts.be\/fr\/wp-json\/wp\/v2\/types\/product"}],"version-history":[{"count":4,"href":"https:\/\/dolcelahulpegifts.be\/fr\/wp-json\/wp\/v2\/product\/3263\/revisions"}],"predecessor-version":[{"id":18899,"href":"https:\/\/dolcelahulpegifts.be\/fr\/wp-json\/wp\/v2\/product\/3263\/revisions\/18899"}],"wp:featuredmedia":[{"embeddable":true,"href":"https:\/\/dolcelahulpegifts.be\/fr\/wp-json\/wp\/v2\/media\/3264"}],"wp:attachment":[{"href":"https:\/\/dolcelahulpegifts.be\/fr\/wp-json\/wp\/v2\/media?parent=3263"}],"wp:term":[{"taxonomy":"product_brand","embeddable":true,"href":"https:\/\/dolcelahulpegifts.be\/fr\/wp-json\/wp\/v2\/product_brand?post=3263"},{"taxonomy":"product_cat","embeddable":true,"href":"https:\/\/dolcelahulpegifts.be\/fr\/wp-json\/wp\/v2\/product_cat?post=3263"},{"taxonomy":"product_tag","embeddable":true,"href":"https:\/\/dolcelahulpegifts.be\/fr\/wp-json\/wp\/v2\/product_tag?post=3263"}],"curies":[{"name":"wp","href":"https:\/\/api.w.org\/{rel}","templated":true}]}}