{"id":3272,"date":"2022-06-09T13:56:53","date_gmt":"2022-06-09T11:56:53","guid":{"rendered":"https:\/\/dolcelahulpegifts.duckdns.org\/?post_type=product&#038;p=3272"},"modified":"2026-01-06T14:48:09","modified_gmt":"2026-01-06T13:48:09","slug":"gommage-sublime","status":"publish","type":"product","link":"https:\/\/dolcelahulpegifts.be\/fr\/product\/gommage-sublime\/","title":{"rendered":"Gommage sublime (200ml)"},"content":{"rendered":"<p>Le Gommage Sublime\u00ae est une p\u00e2te exfoliante douce pour le corps qui purifie d\u00e9licatement la peau gr\u00e2ce \u00e0 l\u2019action gommante des grains de sucre et de Coco et \u00e0 l\u2019action protectrice des huiles pr\u00e9cieuses de Noni, Mono\u00ef de Tahiti et Avocat.<\/p>\n<p>Les impuret\u00e9s sont \u00e9limin\u00e9es, le grain de peau est affin\u00e9, la peau est d\u00e9licatement parfum\u00e9e et retrouve son \u00e9clat.<\/p>\n<p>Conseil<\/p>\n<p>Humidifiez une poign\u00e9e de Gommage Sublime\u00ae pour obtenir une p\u00e2te onctueuse. Effectuez, sur peau humide, des mouvements circulaires doux sur l&rsquo;ensemble de votre corps, puis rincez \u00e0 l&rsquo;eau claire. Astuce: n&rsquo;oubliez pas d&rsquo;hydrater votre peau avec l&rsquo;Huile Sublime\u00ae apr\u00e8s le gommage, pour une peau douce et soyeuse.<\/p>\n","protected":false},"excerpt":{"rendered":"<p>Le Gommage sublime est une p\u00e2te exfoliante douce certifi\u00e9e bio pour le corps, qui purifie d\u00e9licatement la peau gr\u00e2ce \u00e0 l&rsquo;action gommante des grains de Sucre et de Coco.<\/p>\n","protected":false},"featured_media":3273,"template":"","meta":[],"product_brand":[],"product_cat":[103],"product_tag":[],"class_list":{"0":"post-3272","1":"product","2":"type-product","3":"status-publish","4":"has-post-thumbnail","6":"product_cat-produits-corps-cinq-mondes","8":"first","9":"instock","10":"taxable","11":"shipping-taxable","12":"purchasable","13":"product-type-simple"},"_links":{"self":[{"href":"https:\/\/dolcelahulpegifts.be\/fr\/wp-json\/wp\/v2\/product\/3272","targetHints":{"allow":["GET"]}}],"collection":[{"href":"https:\/\/dolcelahulpegifts.be\/fr\/wp-json\/wp\/v2\/product"}],"about":[{"href":"https:\/\/dolcelahulpegifts.be\/fr\/wp-json\/wp\/v2\/types\/product"}],"version-history":[{"count":3,"href":"https:\/\/dolcelahulpegifts.be\/fr\/wp-json\/wp\/v2\/product\/3272\/revisions"}],"predecessor-version":[{"id":17220,"href":"https:\/\/dolcelahulpegifts.be\/fr\/wp-json\/wp\/v2\/product\/3272\/revisions\/17220"}],"wp:featuredmedia":[{"embeddable":true,"href":"https:\/\/dolcelahulpegifts.be\/fr\/wp-json\/wp\/v2\/media\/3273"}],"wp:attachment":[{"href":"https:\/\/dolcelahulpegifts.be\/fr\/wp-json\/wp\/v2\/media?parent=3272"}],"wp:term":[{"taxonomy":"product_brand","embeddable":true,"href":"https:\/\/dolcelahulpegifts.be\/fr\/wp-json\/wp\/v2\/product_brand?post=3272"},{"taxonomy":"product_cat","embeddable":true,"href":"https:\/\/dolcelahulpegifts.be\/fr\/wp-json\/wp\/v2\/product_cat?post=3272"},{"taxonomy":"product_tag","embeddable":true,"href":"https:\/\/dolcelahulpegifts.be\/fr\/wp-json\/wp\/v2\/product_tag?post=3272"}],"curies":[{"name":"wp","href":"https:\/\/api.w.org\/{rel}","templated":true}]}}