{"id":3276,"date":"2022-06-09T13:59:10","date_gmt":"2022-06-09T11:59:10","guid":{"rendered":"https:\/\/dolcelahulpegifts.duckdns.org\/?post_type=product&#038;p=3276"},"modified":"2025-10-23T18:08:12","modified_gmt":"2025-10-23T16:08:12","slug":"huile-universelle-ayurvedique","status":"publish","type":"product","link":"https:\/\/dolcelahulpegifts.be\/fr\/product\/huile-universelle-ayurvedique\/","title":{"rendered":"Huile universelle ayurv\u00e9dique\u00ae (150ml)"},"content":{"rendered":"<p style=\"text-align: left;\">L\u2019Huile Universelle Ayurv\u00e9dique\u00ae s\u2019inspire des huiles issues de l\u2019Ayurv\u00e9da, traditionnellement utilis\u00e9es dans les massages du sud de l\u2019inde pour apaiser et prot\u00e9ger. Combinant des huiles de s\u00e9same, moringa et chaulmoogra, cette huile apaisante d&rsquo;exception offre une exp\u00e9rience sensorielle unique pour le corps et les cheveux. Elle nourrit instantan\u00e9ment et durablement la peau, tout en la prot\u00e9geant du vieillissement pr\u00e9matur\u00e9. Id\u00e9ale en massage pour toutes les peaux ou en soin pour les cheveux ab\u00eem\u00e9s ou fatigu\u00e9s.<\/p>\n<p style=\"text-align: left;\"><strong>Conseils d&rsquo;utilisation : <\/strong>Sur le corps sec, appliquer matin et\/ou soir. En pr\u00e9-shampoing, appliquer sur les cheveux, laisser poser puis laver. En post-shampoing, sur les longueurs et les pointes, sans rincer.<\/p>\n<p style=\"text-align: left;\"><strong>Ingredients<\/strong> : Caprylic\/Capric Triglyceride, Coco-Caprylate\/Caprate, Sesamum Indicum (Sesame) Seed Oil, Moringa Oleifera Seed Oil, Parfum (Fragrance), Helianthus Annuus (Sunflower) Seed Oil, Tocopherol, Taraktogenos Kurzii Seed Oil, Phyllanthus Emblica Fruit Extract, Plantago Ovata Seed Extract, Limonene, Citrus Limon (Lemon) Peel Oil, Linalyl Acetate, Linalool, Juniperus Virginiana Oil, Pinene, Hydroxycitronellal, Citral, Santalol, Geranyl Acetate, Mentha Viridis (Spearmint) Leaf Oil, Carvone, Benzaldehyde, Cedrus Atlantica Oil\/Extract, Beta-Caryophyllene, Cinnamomum Zeylanicum Bark Oil, Cinnamal.<\/p>\n<p style=\"text-align: left;\">\n","protected":false},"excerpt":{"rendered":"<div class=\"product-desc\">\n<div class=\"cms-content cms-view-more-content\">\n<div class=\"product attribute overview\">\n<div class=\"value\">Une huile corps et cheveux inspir\u00e9e de l\u2019Ayurv\u00e9da qui apaise, nourrit et prot\u00e8ge du vieillissement.<\/div>\n<\/div>\n<\/div>\n<\/div>\n<div class=\"attribut-list skin-type\">\n<div class=\"label\">TYPE DE PEAU : Tous types de peaux<\/div>\n<\/div>\n<div class=\"attribut-list concerns\">\n<div class=\"label\">PREOCCUPATIONS : D\u00e9shydratation<\/div>\n<\/div>\n","protected":false},"featured_media":3277,"template":"","meta":[],"product_brand":[],"product_cat":[15],"product_tag":[],"class_list":{"0":"post-3276","1":"product","2":"type-product","3":"status-publish","4":"has-post-thumbnail","6":"product_cat-non-classee","8":"first","9":"instock","10":"taxable","11":"shipping-taxable","12":"purchasable","13":"product-type-simple"},"_links":{"self":[{"href":"https:\/\/dolcelahulpegifts.be\/fr\/wp-json\/wp\/v2\/product\/3276","targetHints":{"allow":["GET"]}}],"collection":[{"href":"https:\/\/dolcelahulpegifts.be\/fr\/wp-json\/wp\/v2\/product"}],"about":[{"href":"https:\/\/dolcelahulpegifts.be\/fr\/wp-json\/wp\/v2\/types\/product"}],"version-history":[{"count":4,"href":"https:\/\/dolcelahulpegifts.be\/fr\/wp-json\/wp\/v2\/product\/3276\/revisions"}],"predecessor-version":[{"id":17217,"href":"https:\/\/dolcelahulpegifts.be\/fr\/wp-json\/wp\/v2\/product\/3276\/revisions\/17217"}],"wp:featuredmedia":[{"embeddable":true,"href":"https:\/\/dolcelahulpegifts.be\/fr\/wp-json\/wp\/v2\/media\/3277"}],"wp:attachment":[{"href":"https:\/\/dolcelahulpegifts.be\/fr\/wp-json\/wp\/v2\/media?parent=3276"}],"wp:term":[{"taxonomy":"product_brand","embeddable":true,"href":"https:\/\/dolcelahulpegifts.be\/fr\/wp-json\/wp\/v2\/product_brand?post=3276"},{"taxonomy":"product_cat","embeddable":true,"href":"https:\/\/dolcelahulpegifts.be\/fr\/wp-json\/wp\/v2\/product_cat?post=3276"},{"taxonomy":"product_tag","embeddable":true,"href":"https:\/\/dolcelahulpegifts.be\/fr\/wp-json\/wp\/v2\/product_tag?post=3276"}],"curies":[{"name":"wp","href":"https:\/\/api.w.org\/{rel}","templated":true}]}}