{"id":3280,"date":"2022-06-09T14:15:08","date_gmt":"2022-06-09T12:15:08","guid":{"rendered":"https:\/\/dolcelahulpegifts.duckdns.org\/?post_type=product&#038;p=3280"},"modified":"2025-10-23T18:02:03","modified_gmt":"2025-10-23T16:02:03","slug":"baume-aux-trois-huiles-ayurvediques","status":"publish","type":"product","link":"https:\/\/dolcelahulpegifts.be\/fr\/product\/baume-aux-trois-huiles-ayurvediques\/","title":{"rendered":"Baume aux trois huiles ayurv\u00e9diques\u00ae (150ml)"},"content":{"rendered":"<p style=\"text-align: left;\"><strong>Le Baume aux Trois Huiles Ayurv\u00e9diques\u00ae<\/strong> offre un cocktail d\u2019huiles v\u00e9g\u00e9tales utilis\u00e9es dans la grande tradition des massages ayurv\u00e9diques d\u2019Inde du Sud : huile de S\u00e9same, de Neem et de Boswellia. Trois huiles aux propri\u00e9t\u00e9s r\u00e9g\u00e9n\u00e9rantes, apaisantes et riches en acides gras essentiels.<br \/>\nSa texture onctueuse et non grasse en fait un excellent hydratant* quotidien pour le corps et laisse la peau hydrat\u00e9e*, souple et satin\u00e9e. Id\u00e9al pour les peaux s\u00e8ches et sensibles.<br \/>\n(*hydratation des couches sup\u00e9rieures de l\u2019\u00e9piderme)<\/p>\n<p style=\"text-align: left;\"><strong>Conseils d&rsquo;utilisation<\/strong> : Appliquez en massage sur peau s\u00e9ch\u00e9e, de pr\u00e9f\u00e9rence apr\u00e8s le bain ou la douche. Prenez une noisette de baume dans la paume de votre main. R\u00e9chauffez en frottant l\u00e9g\u00e8rement une paume contre l\u2019autre puis appliquez en mouvements circulaires, sur l&rsquo;ensemble de votre corps.<br \/>\nAstuce : pour renforcer l&rsquo;effet frais du Baume, placez-le au frigo.<\/p>\n<p style=\"text-align: left;\"><strong>Ingredients<\/strong> : Aqua Water , Sesamum Indicum (Sesame) Seed Oil, Propylene Glycol Dicaprylate\/Dicaprate, Helianthus Annuus (Sunflower) Seed Oil, Hydroxyethyl Acrylate\/Sodium Acryloyldimethyl Taurate Copolymer, Parfum (Fragrance) , Calophyllum Inophyllum (Alexandrian Laurel) Seed Oil, Plantago Ovata Leaf Extract, Limonene, Chlorphenesin, Tocopheryl Acetate, Sorbitan Isostearate, Polysorbate 60, O Cymen 5 Ol, Linalool, Disodium Edta, Hydroxycitronellal, Sodium Hyaluronate, Citral, Sodium Hydroxide, Melia Azadirachta Neem Seed Oil, Caprylic\/Capric Triglyceride, Benzyl Benzoate, Boswellia Serrata Extract.<\/p>\n","protected":false},"excerpt":{"rendered":"<div class=\"product-desc\">\n<div class=\"cms-content cms-view-more-content\">\n<div class=\"product attribute overview\">\n<div class=\"value\">Ce baume hydratant non gras allie un cocktail d&rsquo;huiles v\u00e9g\u00e9tales de Neem, S\u00e9same et Boswellia aux propri\u00e9t\u00e9s r\u00e9g\u00e9n\u00e9rantes.<\/div>\n<div><\/div>\n<div class=\"value\">TYPE DE PEAU : Tous types de peaux<\/div>\n<\/div>\n<\/div>\n<\/div>\n","protected":false},"featured_media":3281,"template":"","meta":[],"product_brand":[],"product_cat":[103],"product_tag":[],"class_list":{"0":"post-3280","1":"product","2":"type-product","3":"status-publish","4":"has-post-thumbnail","6":"product_cat-produits-corps-cinq-mondes","8":"first","9":"instock","10":"taxable","11":"shipping-taxable","12":"purchasable","13":"product-type-simple"},"_links":{"self":[{"href":"https:\/\/dolcelahulpegifts.be\/fr\/wp-json\/wp\/v2\/product\/3280","targetHints":{"allow":["GET"]}}],"collection":[{"href":"https:\/\/dolcelahulpegifts.be\/fr\/wp-json\/wp\/v2\/product"}],"about":[{"href":"https:\/\/dolcelahulpegifts.be\/fr\/wp-json\/wp\/v2\/types\/product"}],"version-history":[{"count":4,"href":"https:\/\/dolcelahulpegifts.be\/fr\/wp-json\/wp\/v2\/product\/3280\/revisions"}],"predecessor-version":[{"id":17214,"href":"https:\/\/dolcelahulpegifts.be\/fr\/wp-json\/wp\/v2\/product\/3280\/revisions\/17214"}],"wp:featuredmedia":[{"embeddable":true,"href":"https:\/\/dolcelahulpegifts.be\/fr\/wp-json\/wp\/v2\/media\/3281"}],"wp:attachment":[{"href":"https:\/\/dolcelahulpegifts.be\/fr\/wp-json\/wp\/v2\/media?parent=3280"}],"wp:term":[{"taxonomy":"product_brand","embeddable":true,"href":"https:\/\/dolcelahulpegifts.be\/fr\/wp-json\/wp\/v2\/product_brand?post=3280"},{"taxonomy":"product_cat","embeddable":true,"href":"https:\/\/dolcelahulpegifts.be\/fr\/wp-json\/wp\/v2\/product_cat?post=3280"},{"taxonomy":"product_tag","embeddable":true,"href":"https:\/\/dolcelahulpegifts.be\/fr\/wp-json\/wp\/v2\/product_tag?post=3280"}],"curies":[{"name":"wp","href":"https:\/\/api.w.org\/{rel}","templated":true}]}}