{"id":3284,"date":"2022-06-09T14:18:04","date_gmt":"2022-06-09T12:18:04","guid":{"rendered":"https:\/\/dolcelahulpegifts.duckdns.org\/?post_type=product&#038;p=3284"},"modified":"2026-01-06T14:47:37","modified_gmt":"2026-01-06T13:47:37","slug":"creme-mains-dange","status":"publish","type":"product","link":"https:\/\/dolcelahulpegifts.be\/fr\/product\/creme-mains-dange\/","title":{"rendered":"Cr\u00e8me mains d&rsquo;ange\u00ae (75ml)"},"content":{"rendered":"<p style=\"text-align: left;\">Inspir\u00e9 d\u2019une recette ancestrale utilis\u00e9e par les paysans des rizi\u00e8res pour prot\u00e9ger leurs mains, Cinq Mondes a mis au point la Cr\u00e8me Mains d\u2019Ange\u00ae qui contient des ingr\u00e9dients phares de la Pharmacop\u00e9e chinoise :<br \/>\n&gt; le Bambou qui stimule la synth\u00e8se de collag\u00e8ne.<br \/>\n&gt; le Murier Blanc de Chine pour pr\u00e9venir l\u2019apparition de taches.<br \/>\n&gt; des extraits biologiques d\u2019Aloe Vera pour une hydratation optimale des couches sup\u00e9rieures de l&rsquo;\u00e9piderme.<\/p>\n<p>Prot\u00e9g\u00e9es par un filtre UV, les mains sont douces, sans film gras et les ongles se fortifient. Id\u00e9al pour les mains s\u00e8ches.<\/p>\n<p style=\"text-align: left;\"><strong>Conseils d&rsquo;utilisation<\/strong> : Appliquez la Cr\u00e8me Mains d\u2019Ange\u00ae sur les mains et les ongles en massant de la paume vers les phalanges. Compl\u00e9tez l&rsquo;application de la cr\u00e8me en vous initiant \u00e0 la r\u00e9flexologie chinoise: appliquez \u00e0 l&rsquo;aide du pouce des pressions circulaires sur les points soulageant vos tensions.<br \/>\nAstuce pour des mains parfaites: gommez vos mains avec l&rsquo;Exfoliant Graines et Fleurs puis appliquez la Cr\u00e8me Mains d\u2019Ange\u00ae en masque, laissez poser quelques minutes puis enlevez l&rsquo;exc\u00e9dent avec un coton.<\/p>\n<p style=\"text-align: left;\"><strong>Ingredients<\/strong> : Aqua (Water) \/ Eau, Isononyl Isononanoate, Caprylic\/Capric Triglyceride, Glycol Palmitate, Alcohol Denat., Pentylene Glycol, Arachidyl Alcohol, Ethylhexyl Methoxycinnamate (Octinoxate), Glyceryl Stearate, Peg-55 Stearate, Hydroxyethyl Urea, Behenyl Alcohol, Butylene Glycol, Propylene Glycol, Hydroxyethyl Acrylate\/Sodium Acryloyldimethyl Taurate Copolymer, Arachidyl Glucoside, Squalane, Oryza Sativa (Rice) Powder*, Parfum (Fragrance), Ethylhexyl Salicylate (Octisalate), Butyl Methoxydibenzoylmethane (Avobenzone), Chlorphenesin, Glycerin, Tocopheryl Acetate, Disodium Edta, Polysorbate 60, Bambusa Vulgaris Callus Culture Extract, Sorbitan Isostearate, Glycyrrhiza Glabra (Licorice) Root Oil, Morus Alba Root Extract, Prunus Persica (Peach) Bud Extract, Scutellaria Baicalensis Extract, Arnica Montana Flower Extract, Citric Acid, Sodium Benzoate, Aloe Barbadensis Leaf Extract*, Potassium Sorbate, Tetramethyl Acetyloctahydronaphthalenes, Limonene, Citrus Limon (Lemon) Peel Oil, Linalool, Hexyl Cinnamal, Linalyl Acetate, Hydroxycitronellal, Coumarin, Eucalyptus Globulus Oil, Pinene,Alpha-Isomethyl Ionone, Geraniol, Citronellol, Juniperus Virginiana Oil, PelargoniumGraveolens Flower Oil, Citral, Geranyl Acetate, Vanillin, Cinnamomum Zeylanicum Bark Oil, Eugenol, Eugenia Caryophyllus Oil, Cinnamal. *Ingr\u00e9dients Issus De L\u2019agriculture Biologique \/ Ingredients From Organic Farming.<\/p>\n","protected":false},"excerpt":{"rendered":"<div class=\"product-desc\">\n<div class=\"cms-content cms-view-more-content\">\n<div class=\"product attribute overview\">\n<div class=\"value\">Cr\u00e8me nourrissante non grasse pour les mains et les ongles au d\u00e9licat parfum de C\u00e8dre et d&rsquo;Hesp\u00e9rid\u00e9s qui pr\u00e9vient les taches pigmentaires.<\/div>\n<\/div>\n<\/div>\n<\/div>\n<div class=\"attribut-list skin-type\">\n<div><\/div>\n<div class=\"label\">TYPE DE PEAU : Tous types de peaux<\/div>\n<\/div>\n","protected":false},"featured_media":3285,"template":"","meta":[],"product_brand":[],"product_cat":[103],"product_tag":[],"class_list":{"0":"post-3284","1":"product","2":"type-product","3":"status-publish","4":"has-post-thumbnail","6":"product_cat-produits-corps-cinq-mondes","8":"first","9":"instock","10":"taxable","11":"shipping-taxable","12":"purchasable","13":"product-type-simple"},"_links":{"self":[{"href":"https:\/\/dolcelahulpegifts.be\/fr\/wp-json\/wp\/v2\/product\/3284","targetHints":{"allow":["GET"]}}],"collection":[{"href":"https:\/\/dolcelahulpegifts.be\/fr\/wp-json\/wp\/v2\/product"}],"about":[{"href":"https:\/\/dolcelahulpegifts.be\/fr\/wp-json\/wp\/v2\/types\/product"}],"version-history":[{"count":5,"href":"https:\/\/dolcelahulpegifts.be\/fr\/wp-json\/wp\/v2\/product\/3284\/revisions"}],"predecessor-version":[{"id":17211,"href":"https:\/\/dolcelahulpegifts.be\/fr\/wp-json\/wp\/v2\/product\/3284\/revisions\/17211"}],"wp:featuredmedia":[{"embeddable":true,"href":"https:\/\/dolcelahulpegifts.be\/fr\/wp-json\/wp\/v2\/media\/3285"}],"wp:attachment":[{"href":"https:\/\/dolcelahulpegifts.be\/fr\/wp-json\/wp\/v2\/media?parent=3284"}],"wp:term":[{"taxonomy":"product_brand","embeddable":true,"href":"https:\/\/dolcelahulpegifts.be\/fr\/wp-json\/wp\/v2\/product_brand?post=3284"},{"taxonomy":"product_cat","embeddable":true,"href":"https:\/\/dolcelahulpegifts.be\/fr\/wp-json\/wp\/v2\/product_cat?post=3284"},{"taxonomy":"product_tag","embeddable":true,"href":"https:\/\/dolcelahulpegifts.be\/fr\/wp-json\/wp\/v2\/product_tag?post=3284"}],"curies":[{"name":"wp","href":"https:\/\/api.w.org\/{rel}","templated":true}]}}