{"id":3288,"date":"2022-06-09T14:19:52","date_gmt":"2022-06-09T12:19:52","guid":{"rendered":"https:\/\/dolcelahulpegifts.duckdns.org\/?post_type=product&#038;p=3288"},"modified":"2026-01-06T14:47:20","modified_gmt":"2026-01-06T13:47:20","slug":"creme-jambes-et-pieds-legers","status":"publish","type":"product","link":"https:\/\/dolcelahulpegifts.be\/fr\/product\/creme-jambes-et-pieds-legers\/","title":{"rendered":"Cr\u00e8me jambes et pieds l\u00e9gers\u00ae (100ml)"},"content":{"rendered":"<p style=\"text-align: left;\">Inspir\u00e9 par la recette originale du Baume des Empereurs\u00ae, v\u00e9ritable panac\u00e9e \u00e9labor\u00e9e par les herboristes de la Chine ancienne, Cinq Mondes a d\u00e9velopp\u00e9 la Cr\u00e8me Jambes et Pieds L\u00e9gers\u00ae qui contient des ingr\u00e9dients phares de la Pharmacop\u00e9e chinoise :<\/p>\n<p>&gt; le Bambou qui stimule la synth\u00e8se de collag\u00e8ne.<br \/>\n&gt; l\u2019Arnica pour soulager la douleur.<br \/>\n&gt; le Menthol associ\u00e9 \u00e0 du Camphre qui rafra\u00eechit et tonifie.<br \/>\n&gt; des extraits biologiques d\u2019Aloe Vera pour une hydratation optimale des couches sup\u00e9rieures de l&rsquo;\u00e9piderme.<\/p>\n<p>Les jambes et les pieds sont d\u00e9lass\u00e9s, l\u00e9gers et hydrat\u00e9s. Id\u00e9al pour les jambes lourdes.<\/p>\n<p style=\"text-align: left;\"><strong>Conseils d&rsquo;utilisation<\/strong> : Commencez par une douche d&rsquo;eau froide pour relancer la circulation puis s\u00e9chez et appliquez la Cr\u00e8me Jambes et Pieds L\u00e9gers\u00ae en massant avec des mouvements circulaires de la cheville vers le haut des cuisses.<\/p>\n<p>Compl\u00e9tez l&rsquo;application de la Cr\u00e8me Jambes et Pieds L\u00e9gers\u00ae en vous initiant \u00e0 la r\u00e9flexologie chinoise: appliquez \u00e0 l&rsquo;aide du pouce des pressions circulaires sur les points soulageant vos tensions.<\/p>\n<p>Pour garantir une s\u00e9curit\u00e9 plus que maximale, ce produit est contre-indiqu\u00e9 pour les femmes enceintes car il poss\u00e8de une forte concentration en menthol (puissant actif rafra\u00eechissant et apaisant).<\/p>\n<p style=\"text-align: left;\"><strong>Ingredients<\/strong> : Aqua (Water) \/ Eau, Alcohol Denat., Caprylic\/Capric Triglyceride, Pentylene Glycol, Menthol, Butyrospermum Parkii (Shea) Butter, Cyclodextrin, Glycerin, Propylene Glycol, Gossypium Herbaceum (Cotton) Seed Oil, Aloe Barbadensis Leaf Juice Powder, Bambusa Vulgaris Leaf Extract, Arnica Montana Flower Extract, Camphor, Chlorphenesin, Hydroxyethyl Acrylate\/Sodium Acryloyldimethyl Taurate Copolymer, Polysorbate 60, Sorbitan Isostearate, Tocopheryl Acetate, Tromethamine, Potassium Sorbate, Sodium Benzoate, Parfum (Fragrance), Citric Acid, Peg-40 Hydrogenated Castor Oil, Disodium Edta, Ammonium Acryloyldimethyltaurate \/Beheneth-25 Methacrylate Crosspolymer, Ppg-26-Buteth-26, Eucalyptus Globulus Oil, Citronellol, Limonene, Linalool, Pinene, Eugenol, Eugenia Caryophyllus Oil, Pelargonium Graveolens Flower Oil, Hexyl Cinnamal, Hexamethylindanopyran, Cinnamal, Terpineol, Geraniol, Geranyl Acetate, Eugenyl Acetate, Citral, Beta-Caryophyllene.<\/p>\n<p>&nbsp;<\/p>\n","protected":false},"excerpt":{"rendered":"<div class=\"product-desc\">\n<div class=\"cms-content cms-view-more-content\">\n<div class=\"product attribute overview\">\n<div class=\"value\">\n<p>Un effet frais instantan\u00e9 pour soulager durablement les jambes lourdes.<\/p>\n<p><b>A ne pas utiliser si vous \u00eates enceinte ou allaitante.<\/b><\/p>\n<\/div>\n<\/div>\n<\/div>\n<\/div>\n<div class=\"attribut-list skin-type\">\n<div><\/div>\n<div class=\"label\">TYPE DE PEAU : Tous types de peaux<\/div>\n<\/div>\n","protected":false},"featured_media":14303,"template":"","meta":[],"product_brand":[],"product_cat":[103],"product_tag":[],"class_list":{"0":"post-3288","1":"product","2":"type-product","3":"status-publish","4":"has-post-thumbnail","6":"product_cat-produits-corps-cinq-mondes","8":"first","9":"instock","10":"taxable","11":"shipping-taxable","12":"purchasable","13":"product-type-simple"},"_links":{"self":[{"href":"https:\/\/dolcelahulpegifts.be\/fr\/wp-json\/wp\/v2\/product\/3288","targetHints":{"allow":["GET"]}}],"collection":[{"href":"https:\/\/dolcelahulpegifts.be\/fr\/wp-json\/wp\/v2\/product"}],"about":[{"href":"https:\/\/dolcelahulpegifts.be\/fr\/wp-json\/wp\/v2\/types\/product"}],"version-history":[{"count":4,"href":"https:\/\/dolcelahulpegifts.be\/fr\/wp-json\/wp\/v2\/product\/3288\/revisions"}],"predecessor-version":[{"id":18595,"href":"https:\/\/dolcelahulpegifts.be\/fr\/wp-json\/wp\/v2\/product\/3288\/revisions\/18595"}],"wp:featuredmedia":[{"embeddable":true,"href":"https:\/\/dolcelahulpegifts.be\/fr\/wp-json\/wp\/v2\/media\/14303"}],"wp:attachment":[{"href":"https:\/\/dolcelahulpegifts.be\/fr\/wp-json\/wp\/v2\/media?parent=3288"}],"wp:term":[{"taxonomy":"product_brand","embeddable":true,"href":"https:\/\/dolcelahulpegifts.be\/fr\/wp-json\/wp\/v2\/product_brand?post=3288"},{"taxonomy":"product_cat","embeddable":true,"href":"https:\/\/dolcelahulpegifts.be\/fr\/wp-json\/wp\/v2\/product_cat?post=3288"},{"taxonomy":"product_tag","embeddable":true,"href":"https:\/\/dolcelahulpegifts.be\/fr\/wp-json\/wp\/v2\/product_tag?post=3288"}],"curies":[{"name":"wp","href":"https:\/\/api.w.org\/{rel}","templated":true}]}}