{"id":3291,"date":"2022-06-09T14:22:12","date_gmt":"2022-06-09T12:22:12","guid":{"rendered":"https:\/\/dolcelahulpegifts.duckdns.org\/?post_type=product&#038;p=3291"},"modified":"2026-01-06T14:47:01","modified_gmt":"2026-01-06T13:47:01","slug":"creme-de-cafe","status":"publish","type":"product","link":"https:\/\/dolcelahulpegifts.be\/fr\/product\/creme-de-cafe\/","title":{"rendered":"Cr\u00e8me de caf\u00e9 (150ml)"},"content":{"rendered":"<p style=\"text-align: left;\">Inspir\u00e9s par la tradition br\u00e9silienne, o\u00f9 les femmes vouent un culte \u00e0 la perfection de leur corps, les Laboratoires Cinq Mondes ont d\u00e9velopp\u00e9 la Cr\u00e8me de Caf\u00e9\u00ae Minceur, v\u00e9ritable alli\u00e9e pour raffermir la peau et lutter contre la cellulite adipeuse.<\/p>\n<p>Les massages r\u00e9guliers \u00e0 la Cr\u00e8me de Caf\u00e9\u00ae Minceur activent la micro-circulation et favorisent l\u2019\u00e9limination des rondeurs. La silhouette para\u00eet plus mince et la peau plus ferme.<\/p>\n<p>Cette cr\u00e8me minceur contient une alliance unique d\u20191 actif brevet\u00e9 et d\u2019ingr\u00e9dients efficaces :<br \/>\n&#8211; Actif brevet\u00e9 \u00e0 base de Glaucine\u00ae pour diminuer les capitons et augmenter la fermet\u00e9 de la peau.<br \/>\n&#8211; Caf\u00e9ine en Cyclo Syst\u00e8me (encapsul\u00e9e) pour activer la lipolyse<br \/>\n&#8211; Caf\u00e9 Vert pour d\u00e9toxifier la peau et am\u00e9liorer le drainage<br \/>\n&#8211; Noix de Kola pour activer la micro circulation<\/p>\n<p style=\"text-align: left;\"><strong>Ingredients <\/strong>: Aqua (Water) \/ Eau, Sesamum Indicum (Sesame) Seed Oil*, Alcohol Denat, Pentylene Glycol, Glycerin, Polyacrylate Crosspolymer-6, Caffeine, Cyclodextrin, Glaucine, Coffea Arabica Seed Extract*, Cola Nitida Seed Extract, Citrus Grandis Fruit Extract*, Caramel, Biotin, Caprylyl Glycol, Parfum (Fragrance), Coco-Glucoside,Chlorphenesin, Sodium Citrate, Sodium Benzoate, Potassium Sorbate, Citrus Aurantium Peel Oil, Citric Acid, Alcohol, Linalyl Acetate, Hexyl Cinnamal, Citrus Aurantium Bergamia Peel Oil, Coumarin, Pinene, Linalool, Geraniol, Limonene.*Ingr\u00e9dients Issus De L\u2019agriculture Biologique \/ Ingredients From Organic Farming.<\/p>\n<p style=\"text-align: left;\"><strong>Conseils d&rsquo;utilisation<\/strong> : La Cr\u00e8me de Caf\u00e9\u00ae Minceur permet de lutter contre la cellulite adipeuse. Pour maximiser l&rsquo;efficacit\u00e9 des actifs, \u00e9talez la cr\u00e8me en effectuant des mouvements circulaires sur les zones \u00e0 traiter, en partant du genou vers le haut des cuisses, puis sur les fesses.<\/p>\n<p>Astuce : vous pouvez \u00e9galement appliquer cette cr\u00e8me le matin sur vos bras: p\u00e9trissez en pin\u00e7ant les triceps et effectuez de grands lissages ascendants depuis le coude.<\/p>\n<p>Pour garantir une s\u00e9curit\u00e9 plus que maximale, ce produit est contre-indiqu\u00e9 pour les femmes enceintes car il poss\u00e8de une forte concentration en caf\u00e9ine.<\/p>\n","protected":false},"excerpt":{"rendered":"<div class=\"product-desc\">\n<div class=\"cms-content cms-view-more-content cms-collapsed\">\n<div class=\"product attribute overview\">\n<div class=\"value\">\n<p>Cr\u00e8me raffermissante et lissante qui favorise la r\u00e9duction de la cellulite adipeuse, l&rsquo;\u00e9limination des graisses et draine les toxines.<\/p>\n<p><b>\u00c0 ne pas utiliser si vous \u00eates enceinte ou allaitante.<\/b><\/p>\n<\/div>\n<\/div>\n<\/div>\n<\/div>\n<div class=\"attribut-list skin-type\">\n<div><\/div>\n<div class=\"label\">TYPE DE PEAU : Tous types de peaux.<\/div>\n<\/div>\n","protected":false},"featured_media":3292,"template":"","meta":[],"product_brand":[],"product_cat":[103],"product_tag":[],"class_list":{"0":"post-3291","1":"product","2":"type-product","3":"status-publish","4":"has-post-thumbnail","6":"product_cat-produits-corps-cinq-mondes","8":"first","9":"instock","10":"taxable","11":"shipping-taxable","12":"purchasable","13":"product-type-simple"},"_links":{"self":[{"href":"https:\/\/dolcelahulpegifts.be\/fr\/wp-json\/wp\/v2\/product\/3291","targetHints":{"allow":["GET"]}}],"collection":[{"href":"https:\/\/dolcelahulpegifts.be\/fr\/wp-json\/wp\/v2\/product"}],"about":[{"href":"https:\/\/dolcelahulpegifts.be\/fr\/wp-json\/wp\/v2\/types\/product"}],"version-history":[{"count":4,"href":"https:\/\/dolcelahulpegifts.be\/fr\/wp-json\/wp\/v2\/product\/3291\/revisions"}],"predecessor-version":[{"id":18594,"href":"https:\/\/dolcelahulpegifts.be\/fr\/wp-json\/wp\/v2\/product\/3291\/revisions\/18594"}],"wp:featuredmedia":[{"embeddable":true,"href":"https:\/\/dolcelahulpegifts.be\/fr\/wp-json\/wp\/v2\/media\/3292"}],"wp:attachment":[{"href":"https:\/\/dolcelahulpegifts.be\/fr\/wp-json\/wp\/v2\/media?parent=3291"}],"wp:term":[{"taxonomy":"product_brand","embeddable":true,"href":"https:\/\/dolcelahulpegifts.be\/fr\/wp-json\/wp\/v2\/product_brand?post=3291"},{"taxonomy":"product_cat","embeddable":true,"href":"https:\/\/dolcelahulpegifts.be\/fr\/wp-json\/wp\/v2\/product_cat?post=3291"},{"taxonomy":"product_tag","embeddable":true,"href":"https:\/\/dolcelahulpegifts.be\/fr\/wp-json\/wp\/v2\/product_tag?post=3291"}],"curies":[{"name":"wp","href":"https:\/\/api.w.org\/{rel}","templated":true}]}}