{"id":3298,"date":"2022-06-09T14:28:02","date_gmt":"2022-06-09T12:28:02","guid":{"rendered":"https:\/\/dolcelahulpegifts.duckdns.org\/?post_type=product&#038;p=3298"},"modified":"2026-01-06T14:46:17","modified_gmt":"2026-01-06T13:46:17","slug":"eau-egyptienne","status":"publish","type":"product","link":"https:\/\/dolcelahulpegifts.be\/fr\/product\/eau-egyptienne\/","title":{"rendered":"Eau Egyptienne (100 ml)"},"content":{"rendered":"<p style=\"text-align: left;\">Pour r\u00e9interpr\u00e9ter la fragrance du Kyphi, philtre bienfaisant cr\u00e9\u00e9 pour la premi\u00e8re Reine-Pharaon Hatchepsout, Cinq Mondes a fait appel \u00e0 Olivia Giacobetti, cr\u00e9atrice de parfum. De cette adaptation contemporaine est n\u00e9e\u00a0<strong>l\u2019Eau Egyptienne\u00ae<\/strong>, brume de soin m\u00ealant harmonieusement le cumin, le papyrus et la myrrhe.<br \/>\nCe philtre avait le pouvoir selon Plutarque \u00ab d\u2019apaiser les tensions quotidiennes et d\u2019\u00e9gayer les songes \u00bb.<\/p>\n<p style=\"text-align: left;\"><strong>Ingredients<\/strong> : Alcohol Denat., Aqua (Water) \/ Eau, Parfum (Fragrance), Ppg-26-Buteth-26, Peg-40 Hydrogenated Castor Oil, Glycerin, Citric Acid, Nelumbo Nucifera Flower Extract, Sodium Benzoate, Potassium Sorbate, Hexamethylindanopyran, Tetramethyl Acetyloctahydronaphthalenes, Juniperus Virginiana Oil, Lynalyl Acetate, Linalool, Lavandula Oil\/Extract, Eugenol, Limonene, Pinene, Citrus Aurantium Bergamia (Bergamot) Peel Oil, Citronellol, Hydroxycitronellal, Beta-Caryophyllene, Pelargonium Graveolens Flower Oil, Eugenia Caryophyllus Oil, Citrus Aurantium Peel Oil, Cinnamyl Alcohol, Pogostemon Cablin Oil, Mentha Viridis Leaf Oil, Carvone, Cinnamal, Camphor, Terpineol, Geraniol, Eugenyl Acetate, Benzyl Benzoate, Vanillin, Cinnamomum Zeylanicum Bark Oil, Citrus Limon (Lemon) Peel Oil, Terpinolene, Geranyl Acetate, Citral.<\/p>\n<p style=\"text-align: left;\"><strong>Conseils d&rsquo;utilisation<\/strong> : Vaporisez d\u00e9licatement la brume de soin\u00a0<strong>Eau Egyptienne\u00ae<\/strong>\u00a0sur le corps, les cheveux ou l&rsquo;oreiller. Vous retrouvez fra\u00eecheur et \u00e9veil des sens.<\/p>\n","protected":false},"excerpt":{"rendered":"<p>\u00c0 base de 11 huiles essentielles aux bienfaits apaisants reconnus (Papyrus, Rose, Menthe, G\u00e9ranium, Cypr\u00e8s, Jasmin, Encens, &#8230;), l&rsquo;Eau \u00c9gyptienne\u00ae rafra\u00eechit et envo\u00fbte par son parfum unique.<\/p>\n","protected":false},"featured_media":3299,"template":"","meta":[],"product_brand":[],"product_cat":[110],"product_tag":[],"class_list":{"0":"post-3298","1":"product","2":"type-product","3":"status-publish","4":"has-post-thumbnail","6":"product_cat-fragrances","8":"first","9":"instock","10":"taxable","11":"shipping-taxable","12":"purchasable","13":"product-type-simple"},"_links":{"self":[{"href":"https:\/\/dolcelahulpegifts.be\/fr\/wp-json\/wp\/v2\/product\/3298","targetHints":{"allow":["GET"]}}],"collection":[{"href":"https:\/\/dolcelahulpegifts.be\/fr\/wp-json\/wp\/v2\/product"}],"about":[{"href":"https:\/\/dolcelahulpegifts.be\/fr\/wp-json\/wp\/v2\/types\/product"}],"version-history":[{"count":3,"href":"https:\/\/dolcelahulpegifts.be\/fr\/wp-json\/wp\/v2\/product\/3298\/revisions"}],"predecessor-version":[{"id":17201,"href":"https:\/\/dolcelahulpegifts.be\/fr\/wp-json\/wp\/v2\/product\/3298\/revisions\/17201"}],"wp:featuredmedia":[{"embeddable":true,"href":"https:\/\/dolcelahulpegifts.be\/fr\/wp-json\/wp\/v2\/media\/3299"}],"wp:attachment":[{"href":"https:\/\/dolcelahulpegifts.be\/fr\/wp-json\/wp\/v2\/media?parent=3298"}],"wp:term":[{"taxonomy":"product_brand","embeddable":true,"href":"https:\/\/dolcelahulpegifts.be\/fr\/wp-json\/wp\/v2\/product_brand?post=3298"},{"taxonomy":"product_cat","embeddable":true,"href":"https:\/\/dolcelahulpegifts.be\/fr\/wp-json\/wp\/v2\/product_cat?post=3298"},{"taxonomy":"product_tag","embeddable":true,"href":"https:\/\/dolcelahulpegifts.be\/fr\/wp-json\/wp\/v2\/product_tag?post=3298"}],"curies":[{"name":"wp","href":"https:\/\/api.w.org\/{rel}","templated":true}]}}