{"id":3301,"date":"2022-06-09T14:29:41","date_gmt":"2022-06-09T12:29:41","guid":{"rendered":"https:\/\/dolcelahulpegifts.duckdns.org\/?post_type=product&#038;p=3301"},"modified":"2026-01-06T14:46:07","modified_gmt":"2026-01-06T13:46:07","slug":"eau-du-bresil","status":"publish","type":"product","link":"https:\/\/dolcelahulpegifts.be\/fr\/product\/eau-du-bresil\/","title":{"rendered":"Eau du Br\u00e9sil (100 ml)"},"content":{"rendered":"<p style=\"text-align: left;\">Les Br\u00e9siliens avaient l\u2019habitude de plonger dans les cascades du c\u0153ur de la for\u00eat Amazonienne, pour communier avec le pouvoir rafra\u00eechissant et purifiant de l\u2019eau. Ils prenaient le temps de se ressourcer spirituellement, de se r\u00e9g\u00e9n\u00e9rer gr\u00e2ce \u00e0 la nature, v\u00e9ritable th\u00e9rapeute.<br \/>\nPlongez au c\u0153ur de ces traditions ancestrales du bain br\u00e9silien, le Banho, gr\u00e2ce \u00e0\u00a0<strong>l\u2019Eau du Br\u00e9sil<\/strong>, l&rsquo;eau fra\u00eeche aromatique Cinq Mondes au pouvoir rafra\u00eechissant et revitalisant.<br \/>\nCr\u00e9\u00e9e par Olivia Giacobetti, parfumeur de renom,\u00a0<strong>l\u2019Eau du Br\u00e9sil\u00ae<\/strong>\u00a0est \u00ab un accord de pulpe fra\u00eeche de Citron vert et de bois blanc, adoucit d\u2019Eau de coco \u00bb. Cette composition originale permettra un v\u00e9ritable voyage sensoriel \u00ab comme une douche en pleine nature \u00bb.<\/p>\n<p style=\"text-align: left;\"><strong>Ingredients<\/strong> : Alcohol Denat., Aqua (Water) \/ Eau, Parfum (Fragrance), Ethylhexyl Methoxycinnamate (Octinoxate), Ethylhexyl Salicylate (Octisalate), Butyl Methoxydibenzoylmethane (Avobenzone), Citrus Limon (Lemon) Peel Oil, Limonene, Pinene, Citrus Aurantium Peel Oil, Tetramethyl Acetyloctahydronaphthalenes, Citral, Linalool, Geranyl Acetate, Coumarin, Beta-Caryophyllene, Terpineol, Terpinolene, Alpha-Terpinene, Geraniol, Citronellol.<\/p>\n<p style=\"text-align: left;\"><strong>Conseils d&rsquo;utilisation<\/strong> : Offrez-vous une exp\u00e9rience sensorielle in\u00e9dite en vaporisant quotidiennement votre\u00a0<strong>Eau du Br\u00e9sil\u00ae<\/strong>\u00a0sur le corps, les cheveux ou en brume d\u2019oreiller. Vous retrouvez fra\u00eecheur et \u00e9veil des sens.<\/p>\n","protected":false},"excerpt":{"rendered":"<p>Eau Fra\u00eeche Aromatique corps, cheveux et oreiller au parfum rafra\u00eechissant et revitalisant de Citron Vert, C\u00e8dre Blanc et Eau de Coco.<\/p>\n","protected":false},"featured_media":3851,"template":"","meta":[],"product_brand":[],"product_cat":[110],"product_tag":[],"class_list":{"0":"post-3301","1":"product","2":"type-product","3":"status-publish","4":"has-post-thumbnail","6":"product_cat-fragrances","8":"first","9":"instock","10":"taxable","11":"shipping-taxable","12":"purchasable","13":"product-type-simple"},"_links":{"self":[{"href":"https:\/\/dolcelahulpegifts.be\/fr\/wp-json\/wp\/v2\/product\/3301","targetHints":{"allow":["GET"]}}],"collection":[{"href":"https:\/\/dolcelahulpegifts.be\/fr\/wp-json\/wp\/v2\/product"}],"about":[{"href":"https:\/\/dolcelahulpegifts.be\/fr\/wp-json\/wp\/v2\/types\/product"}],"version-history":[{"count":3,"href":"https:\/\/dolcelahulpegifts.be\/fr\/wp-json\/wp\/v2\/product\/3301\/revisions"}],"predecessor-version":[{"id":17199,"href":"https:\/\/dolcelahulpegifts.be\/fr\/wp-json\/wp\/v2\/product\/3301\/revisions\/17199"}],"wp:featuredmedia":[{"embeddable":true,"href":"https:\/\/dolcelahulpegifts.be\/fr\/wp-json\/wp\/v2\/media\/3851"}],"wp:attachment":[{"href":"https:\/\/dolcelahulpegifts.be\/fr\/wp-json\/wp\/v2\/media?parent=3301"}],"wp:term":[{"taxonomy":"product_brand","embeddable":true,"href":"https:\/\/dolcelahulpegifts.be\/fr\/wp-json\/wp\/v2\/product_brand?post=3301"},{"taxonomy":"product_cat","embeddable":true,"href":"https:\/\/dolcelahulpegifts.be\/fr\/wp-json\/wp\/v2\/product_cat?post=3301"},{"taxonomy":"product_tag","embeddable":true,"href":"https:\/\/dolcelahulpegifts.be\/fr\/wp-json\/wp\/v2\/product_tag?post=3301"}],"curies":[{"name":"wp","href":"https:\/\/api.w.org\/{rel}","templated":true}]}}