{"id":3302,"date":"2022-06-09T14:29:05","date_gmt":"2022-06-09T12:29:05","guid":{"rendered":"https:\/\/dolcelahulpegifts.duckdns.org\/?post_type=product&#038;p=3302"},"modified":"2026-01-07T21:50:41","modified_gmt":"2026-01-07T20:50:41","slug":"dolce-spa-break","status":"publish","type":"product","link":"https:\/\/dolcelahulpegifts.be\/fr\/product\/dolce-spa-break\/","title":{"rendered":"Dolce Spa Break"},"content":{"rendered":"<ul>\n<li>Un soin ou massage de 50 min. au choix par personne au Spa Cinq Mondes<\/li>\n<li>Balade en for\u00eat vers le Ch\u00e2teau de La Hulpe<\/li>\n<li>Acc\u00e8s d&rsquo;une heure \u00e0 l&rsquo;espace wellness (piscine, sauna et hammam) et \u00e0 la salle de fitness sur r\u00e9servation<\/li>\n<li>Activit\u00e9s gratuites sur site: tennis, badminton, p\u00e9tanque, basket-ball, ping-pong, baby-foot, etc.<\/li>\n<li>Nuit paisible et r\u00e9veil avec le chant des oiseaux<\/li>\n<li>Petit d\u00e9jeuner buffet am\u00e9ricain avec vue panoramique sur la for\u00eat<\/li>\n<li>Parking gratuit<\/li>\n<li>D\u00e9part tardif jusqu&rsquo;\u00e0 15h<\/li>\n<\/ul>\n<p>La taxe de s\u00e9jour s&rsquo;\u00e9levant \u00e0 1.15\u20ac par personne et par nuit devra toutefois \u00eatre pay\u00e9e par votre invit\u00e9 au check-out.<\/p>\n","protected":false},"excerpt":{"rendered":"<p>En choisissant le Dolce Spa Break, vous offrez un s\u00e9jour de relaxation avec petit d\u00e9jeuner, 50 min. de soin ou massage\u00a0 au choix au Spa Cinq Mondes et acc\u00e8s \u00e0 l&rsquo;espace wellness.<\/p>\n","protected":false},"featured_media":3327,"template":"","meta":[],"product_brand":[],"product_cat":[55,112,115],"product_tag":[],"class_list":{"0":"post-3302","1":"product","2":"type-product","3":"status-publish","4":"has-post-thumbnail","6":"product_cat-sejours-en-foret","7":"product_cat-a-partager","8":"product_cat-cadeaux-dentreprise","10":"first","11":"instock","12":"sold-individually","13":"taxable","14":"shipping-taxable","15":"purchasable","16":"product-type-variable","17":"has-default-attributes"},"_links":{"self":[{"href":"https:\/\/dolcelahulpegifts.be\/fr\/wp-json\/wp\/v2\/product\/3302","targetHints":{"allow":["GET"]}}],"collection":[{"href":"https:\/\/dolcelahulpegifts.be\/fr\/wp-json\/wp\/v2\/product"}],"about":[{"href":"https:\/\/dolcelahulpegifts.be\/fr\/wp-json\/wp\/v2\/types\/product"}],"version-history":[{"count":1,"href":"https:\/\/dolcelahulpegifts.be\/fr\/wp-json\/wp\/v2\/product\/3302\/revisions"}],"predecessor-version":[{"id":14417,"href":"https:\/\/dolcelahulpegifts.be\/fr\/wp-json\/wp\/v2\/product\/3302\/revisions\/14417"}],"wp:featuredmedia":[{"embeddable":true,"href":"https:\/\/dolcelahulpegifts.be\/fr\/wp-json\/wp\/v2\/media\/3327"}],"wp:attachment":[{"href":"https:\/\/dolcelahulpegifts.be\/fr\/wp-json\/wp\/v2\/media?parent=3302"}],"wp:term":[{"taxonomy":"product_brand","embeddable":true,"href":"https:\/\/dolcelahulpegifts.be\/fr\/wp-json\/wp\/v2\/product_brand?post=3302"},{"taxonomy":"product_cat","embeddable":true,"href":"https:\/\/dolcelahulpegifts.be\/fr\/wp-json\/wp\/v2\/product_cat?post=3302"},{"taxonomy":"product_tag","embeddable":true,"href":"https:\/\/dolcelahulpegifts.be\/fr\/wp-json\/wp\/v2\/product_tag?post=3302"}],"curies":[{"name":"wp","href":"https:\/\/api.w.org\/{rel}","templated":true}]}}