{"id":3317,"date":"2022-06-09T14:31:31","date_gmt":"2022-06-09T12:31:31","guid":{"rendered":"https:\/\/dolcelahulpegifts.duckdns.org\/?post_type=product&#038;p=3317"},"modified":"2026-01-06T14:30:27","modified_gmt":"2026-01-06T13:30:27","slug":"eau-du-siam","status":"publish","type":"product","link":"https:\/\/dolcelahulpegifts.be\/fr\/product\/eau-du-siam\/","title":{"rendered":"Eau du Siam (100 ml)"},"content":{"rendered":"<p style=\"text-align: left;\">Dans le panth\u00e9on du Sanatana Dharma, les Apsaras, \u00ab\u00a0nymphes marchant sur les eaux\u00a0\u00bb, sont des divinit\u00e9s c\u00e9lestes symbolisant le plaisir des sens et de l&rsquo;esprit.<br \/>\nJean-Pierre Bethouart, c\u00e9l\u00e8bre parfumeur fran\u00e7ais, s\u2019est inspir\u00e9 des essences sacr\u00e9es du Royaume du Siam pour cr\u00e9er\u00a0<strong>l&rsquo;Eau du Siam\u00ae<\/strong>, p\u00e9tillant m\u00e9lange de Bergamote et de Bois de Ga\u00efac. Laissez-vous portez par cette fragrance envo\u00fbtante !<\/p>\n<p style=\"text-align: left;\"><strong>Ingr\u00e9dients<\/strong> : Alcohol Denat., Parfum V(Fragrance), Aqua (Water), Limonene, Ethylhexyl Methoxycinnamate, Ethylhexyl Salicylate, Hydroxycitronellal, Butyl Methoxydibenzoylmethane, Citral, Alpha Isomethyl Ionone, Geraniol, Linalool, Citronellol, Isoeugenol, Cinnamal, Farnesol, Eugenol, Benzyl Benzoate.<\/p>\n<p style=\"text-align: left;\"><strong>Conseils d&rsquo;utilisation<\/strong> : Vaporisez d\u00e9licatement la brume de soin\u00a0<strong>Eau du Siam\u00ae<\/strong>\u00a0sur le corps, les cheveux ou l&rsquo;oreiller. Vous retrouvez fra\u00eecheur et \u00e9veil des sens.<\/p>\n","protected":false},"excerpt":{"rendered":"<p>Eau Fra\u00eeche Aromatique corps, cheveux et oreiller au parfum frais et p\u00e9tillant de Bergamote et Bois de Ga\u00efac.<\/p>\n","protected":false},"featured_media":3854,"template":"","meta":[],"product_brand":[],"product_cat":[110],"product_tag":[],"class_list":{"0":"post-3317","1":"product","2":"type-product","3":"status-publish","4":"has-post-thumbnail","6":"product_cat-fragrances","8":"first","9":"instock","10":"taxable","11":"shipping-taxable","12":"purchasable","13":"product-type-simple"},"_links":{"self":[{"href":"https:\/\/dolcelahulpegifts.be\/fr\/wp-json\/wp\/v2\/product\/3317","targetHints":{"allow":["GET"]}}],"collection":[{"href":"https:\/\/dolcelahulpegifts.be\/fr\/wp-json\/wp\/v2\/product"}],"about":[{"href":"https:\/\/dolcelahulpegifts.be\/fr\/wp-json\/wp\/v2\/types\/product"}],"version-history":[{"count":3,"href":"https:\/\/dolcelahulpegifts.be\/fr\/wp-json\/wp\/v2\/product\/3317\/revisions"}],"predecessor-version":[{"id":17197,"href":"https:\/\/dolcelahulpegifts.be\/fr\/wp-json\/wp\/v2\/product\/3317\/revisions\/17197"}],"wp:featuredmedia":[{"embeddable":true,"href":"https:\/\/dolcelahulpegifts.be\/fr\/wp-json\/wp\/v2\/media\/3854"}],"wp:attachment":[{"href":"https:\/\/dolcelahulpegifts.be\/fr\/wp-json\/wp\/v2\/media?parent=3317"}],"wp:term":[{"taxonomy":"product_brand","embeddable":true,"href":"https:\/\/dolcelahulpegifts.be\/fr\/wp-json\/wp\/v2\/product_brand?post=3317"},{"taxonomy":"product_cat","embeddable":true,"href":"https:\/\/dolcelahulpegifts.be\/fr\/wp-json\/wp\/v2\/product_cat?post=3317"},{"taxonomy":"product_tag","embeddable":true,"href":"https:\/\/dolcelahulpegifts.be\/fr\/wp-json\/wp\/v2\/product_tag?post=3317"}],"curies":[{"name":"wp","href":"https:\/\/api.w.org\/{rel}","templated":true}]}}