{"id":3322,"date":"2022-06-09T14:34:10","date_gmt":"2022-06-09T12:34:10","guid":{"rendered":"https:\/\/dolcelahulpegifts.duckdns.org\/?post_type=product&#038;p=3322"},"modified":"2026-02-16T11:04:20","modified_gmt":"2026-02-16T10:04:20","slug":"eau-egyptienne-de-voyage","status":"publish","type":"product","link":"https:\/\/dolcelahulpegifts.be\/fr\/product\/eau-egyptienne-de-voyage\/","title":{"rendered":"Eau Egyptienne de voyage (25 ml)"},"content":{"rendered":"<p style=\"text-align: left;\">Pour r\u00e9interpr\u00e9ter la fragrance du Kyphi, philtre bienfaisant cr\u00e9\u00e9 pour la premi\u00e8re Reine-Pharaon Hatchepsout, Cinq Mondes a fait appel \u00e0 Olivia Giacobetti, cr\u00e9atrice de parfum. De cette adaptation contemporaine est n\u00e9e l\u2019Eau \u00c9gyptienne\u00ae, brume de soin m\u00ealant harmonieusement le papyrus, la myrrhe et le cumin.<\/p>\n<p>Ce philtre avait le pouvoir ,selon Plutarque, \u00ab d\u2019apaiser les tensions quotidiennes et d\u2019\u00e9gayer les songes \u00bb.<\/p>\n<p style=\"text-align: left;\"><strong>Conseils d&rsquo;utilisation<\/strong> : Vaporisez d\u00e9licatement la brume de soin\u00a0Eau \u00c9gyptienne\u00ae sur le corps, les cheveux ou l&rsquo;oreiller. Vous retrouvez fra\u00eecheur et \u00e9veil des sens.<\/p>\n","protected":false},"excerpt":{"rendered":"<p>La signature olfactive de Cinq Mondes au format voyage. \u00c0 emporter partout avec vous dans vos escapades !<\/p>\n","protected":false},"featured_media":3858,"template":"","meta":[],"product_brand":[],"product_cat":[110,115],"product_tag":[],"class_list":{"0":"post-3322","1":"product","2":"type-product","3":"status-publish","4":"has-post-thumbnail","6":"product_cat-fragrances","7":"product_cat-cadeaux-dentreprise","9":"first","10":"instock","11":"taxable","12":"shipping-taxable","13":"purchasable","14":"product-type-simple"},"_links":{"self":[{"href":"https:\/\/dolcelahulpegifts.be\/fr\/wp-json\/wp\/v2\/product\/3322","targetHints":{"allow":["GET"]}}],"collection":[{"href":"https:\/\/dolcelahulpegifts.be\/fr\/wp-json\/wp\/v2\/product"}],"about":[{"href":"https:\/\/dolcelahulpegifts.be\/fr\/wp-json\/wp\/v2\/types\/product"}],"version-history":[{"count":4,"href":"https:\/\/dolcelahulpegifts.be\/fr\/wp-json\/wp\/v2\/product\/3322\/revisions"}],"predecessor-version":[{"id":17195,"href":"https:\/\/dolcelahulpegifts.be\/fr\/wp-json\/wp\/v2\/product\/3322\/revisions\/17195"}],"wp:featuredmedia":[{"embeddable":true,"href":"https:\/\/dolcelahulpegifts.be\/fr\/wp-json\/wp\/v2\/media\/3858"}],"wp:attachment":[{"href":"https:\/\/dolcelahulpegifts.be\/fr\/wp-json\/wp\/v2\/media?parent=3322"}],"wp:term":[{"taxonomy":"product_brand","embeddable":true,"href":"https:\/\/dolcelahulpegifts.be\/fr\/wp-json\/wp\/v2\/product_brand?post=3322"},{"taxonomy":"product_cat","embeddable":true,"href":"https:\/\/dolcelahulpegifts.be\/fr\/wp-json\/wp\/v2\/product_cat?post=3322"},{"taxonomy":"product_tag","embeddable":true,"href":"https:\/\/dolcelahulpegifts.be\/fr\/wp-json\/wp\/v2\/product_tag?post=3322"}],"curies":[{"name":"wp","href":"https:\/\/api.w.org\/{rel}","templated":true}]}}