{"id":3339,"date":"2022-06-09T14:43:10","date_gmt":"2022-06-09T12:43:10","guid":{"rendered":"https:\/\/dolcelahulpegifts.duckdns.org\/?post_type=product&#038;p=3339"},"modified":"2026-01-06T14:45:46","modified_gmt":"2026-01-06T13:45:46","slug":"eau-de-l-atlas","status":"publish","type":"product","link":"https:\/\/dolcelahulpegifts.be\/fr\/product\/eau-de-l-atlas\/","title":{"rendered":"Eau de l\u2019Atlas (100 ml)"},"content":{"rendered":"<p style=\"text-align: left;\"><strong>L\u2019Eau de l\u2019Atlas<\/strong>\u00a0a \u00e9t\u00e9 cr\u00e9\u00e9e pour Cinq Mondes par Olivia Giacobetti, l\u2019un des plus grands nez de la parfumerie fran\u00e7aise. Cette Eau fra\u00eeche offre un sillage acidul\u00e9 mais l\u00e9g\u00e8rement sucr\u00e9, doux et vif \u00e0 la fois, souvenir raviv\u00e9 des traditions ancestrales des femmes orientales.<\/p>\n<p>\u00ab J\u2019ai imagin\u00e9 une eau d\u2019oranger qui s\u2019inspirerait de l\u2019arbre tout entier. \u00bb Olivia Giacobetti, Ma\u00eetre Parfumeur<\/p>\n<p>Apr\u00e8s avoir profit\u00e9 des vapeurs purifiantes du Hammam, les femmes orientales ont pour coutume l\u2019aspersion fra\u00eeche d\u2019une eau florale car elle permet, dit-on, de r\u00e9veiller le corps et le c\u0153ur.\u00a0<strong>L\u2019Eau de l\u2019Atlas<\/strong>, n\u00e9e du soleil et des orangers, appartient \u00e0 cette tradition mill\u00e9naire transmise de m\u00e8re en fille comme un v\u00e9ritable secret de beaut\u00e9.<\/p>\n<p style=\"text-align: left;\"><strong>Ingr\u00e9dients<\/strong> : Alcohol Denat., Aqua (Water) \/ Eau, Parfum (Fragrance), Limonene, Citrus Aurantium Peel Oil, Linalool, Lynalyl Acetate, Tetramethyl Acetyloctahydronaphthalenes, Geraniol, Juniperus Virginiana Oil, Terpineol, Pinene, Geranyl Acetate, Citral, Beta-Caryophyllene, Eugenol, Citronellol, Terpinolene, 100 Ml Carvone.<\/p>\n<p style=\"text-align: left;\"><strong>Conseils d&rsquo;utilisation<\/strong> : Pour cr\u00e9er votre bulle de bien-\u00eatre, vaporisez la brume de beaut\u00e9\u00a0<strong>Eau de l\u2019Atlas<\/strong>\u00a0sur le corps et les cheveux. Vous retrouvez fra\u00eecheur et \u00e9veil des sens.<\/p>\n","protected":false},"excerpt":{"rendered":"<p>Ode aux jardins de l&rsquo;Atlas, cette Eau Fra\u00eeche Aromatique corps et cheveux m\u00eale la vivacit\u00e9 de l&rsquo;\u00e9corce d&rsquo;orange, la douceur de la fleur d&rsquo;oranger et les notes vertes, \u00e9pic\u00e9es du petit-grain des feuilles de bigaradier et du basilic d&rsquo;\u00c9gypte. Contient 93% d&rsquo;ingr\u00e9dients d&rsquo;origine naturelle.<\/p>\n","protected":false},"featured_media":3340,"template":"","meta":[],"product_brand":[],"product_cat":[110,115],"product_tag":[],"class_list":{"0":"post-3339","1":"product","2":"type-product","3":"status-publish","4":"has-post-thumbnail","6":"product_cat-fragrances","7":"product_cat-cadeaux-dentreprise","9":"first","10":"instock","11":"taxable","12":"shipping-taxable","13":"purchasable","14":"product-type-simple"},"_links":{"self":[{"href":"https:\/\/dolcelahulpegifts.be\/fr\/wp-json\/wp\/v2\/product\/3339","targetHints":{"allow":["GET"]}}],"collection":[{"href":"https:\/\/dolcelahulpegifts.be\/fr\/wp-json\/wp\/v2\/product"}],"about":[{"href":"https:\/\/dolcelahulpegifts.be\/fr\/wp-json\/wp\/v2\/types\/product"}],"version-history":[{"count":4,"href":"https:\/\/dolcelahulpegifts.be\/fr\/wp-json\/wp\/v2\/product\/3339\/revisions"}],"predecessor-version":[{"id":17192,"href":"https:\/\/dolcelahulpegifts.be\/fr\/wp-json\/wp\/v2\/product\/3339\/revisions\/17192"}],"wp:featuredmedia":[{"embeddable":true,"href":"https:\/\/dolcelahulpegifts.be\/fr\/wp-json\/wp\/v2\/media\/3340"}],"wp:attachment":[{"href":"https:\/\/dolcelahulpegifts.be\/fr\/wp-json\/wp\/v2\/media?parent=3339"}],"wp:term":[{"taxonomy":"product_brand","embeddable":true,"href":"https:\/\/dolcelahulpegifts.be\/fr\/wp-json\/wp\/v2\/product_brand?post=3339"},{"taxonomy":"product_cat","embeddable":true,"href":"https:\/\/dolcelahulpegifts.be\/fr\/wp-json\/wp\/v2\/product_cat?post=3339"},{"taxonomy":"product_tag","embeddable":true,"href":"https:\/\/dolcelahulpegifts.be\/fr\/wp-json\/wp\/v2\/product_tag?post=3339"}],"curies":[{"name":"wp","href":"https:\/\/api.w.org\/{rel}","templated":true}]}}