{"id":3390,"date":"2022-06-09T15:06:28","date_gmt":"2022-06-09T13:06:28","guid":{"rendered":"https:\/\/dolcelahulpegifts.duckdns.org\/?post_type=product&#038;p=3390"},"modified":"2026-01-07T21:55:38","modified_gmt":"2026-01-07T20:55:38","slug":"sejour-spa-tour-du-monde","status":"publish","type":"product","link":"https:\/\/dolcelahulpegifts.be\/fr\/product\/sejour-spa-tour-du-monde\/","title":{"rendered":"S\u00e9jour Spa Tour du Monde"},"content":{"rendered":"<p>Offrez un s\u00e9jour Spa Tour du Monde au coeur de la Nature au cours duquelle vos invit\u00e9s profiteront d&rsquo;une croisi\u00e8re sensorielle faisant escale dans des contr\u00e9es lointaines reconnues pour leurs pratiques ancestrales du bien-\u00eatre. Cinq soins et massages Cinq Mondes d\u2019origines diff\u00e9rentes permettront \u00e0 vos invit\u00e9s de se d\u00e9lasser en profondeur tout en d\u00e9couvrant des techniques de massages diverses.<\/p>\n<p>Ce forfait S\u00e9jour Spa Tour Du monde inclut :<\/p>\n<ul>\n<li>Un programme de 2h20 au Spa Cinq Mondes par personne incluant 5 soins :\n<ul>\n<li><strong>HAMMAM TRADITIONNEL<\/strong> : D\u00e9couvrez cette authentique exp\u00e9rience du Hammam associant les bienfaits de l&rsquo;Aromacologie\u00ae et des huiles essentielles personnalis\u00e9es.<\/li>\n<li><strong>GOMMAGE ECLAT PUR\u00c9E DE PAPAYE<\/strong> :Gr\u00e2ce aux fins grains de ce gommage issu d\u2019un Rituel du Siam, votre peau retrouve son \u00e9clat et se voile d\u2019un d\u00e9licieux parfum.<\/li>\n<li><strong>MASSAGE D\u00c9LASSANT DU DOS<\/strong> : En insistant sur les muscles du dos, la nuque et des omoplates, ce soin lib\u00e8re les tensions accumul\u00e9es pour vous procurer bien-\u00eatre total.<\/li>\n<li><strong>SOIN-MASSAGE \u00c9CLAT DU VISAGE \u00ab RITUEL FLEURS DE BALI \u00bb<\/strong> : Ce soin \u00ab coup d\u2019\u00e9clat \u00bb inspir\u00e9 des Rituels de beaut\u00e9 balinais, allie nettoyage de peau, bien-\u00eatre et beaut\u00e9.<\/li>\n<li><strong>MASSAGE ENERG\u00c9TIQUE DES PIEDS<\/strong> : Gr\u00e2ce \u00e0 une technique d\u2019acupression unique, les diff\u00e9rentes manoeuvres pratiqu\u00e9es apportent \u00e9nergie et \u00e9quilibre \u00e0 l\u2019ensemble du corps.<\/li>\n<\/ul>\n<\/li>\n<li>Balade en for\u00eat vers le Ch\u00e2teau de La Hulpe<\/li>\n<li>Acc\u00e8s d&rsquo;une heure \u00e0 l&rsquo;espace wellness (piscine, sauna et hammam) et \u00e0 la salle de fitness sur r\u00e9servation<\/li>\n<li>Activit\u00e9s gratuites sur site: tennis, badminton, p\u00e9tanque, basket-ball, ping-pong, baby-foot, etc.<\/li>\n<li>Nuit paisible et r\u00e9veil avec le chant des oiseaux<\/li>\n<li>Petit d\u00e9jeuner buffet am\u00e9ricain avec vue panoramique sur la for\u00eat<\/li>\n<li>Parking gratuit<\/li>\n<li>D\u00e9part tardif jusqu&rsquo;\u00e0 15h<\/li>\n<\/ul>\n","protected":false},"excerpt":{"rendered":"<p>Offrez un s\u00e9jour Spa Tour du Monde au coeur de la nature avec petit-d\u00e9jeuner, 5 soins Cinq Mondes de 30 min chacun originaires de contr\u00e9es lointaines reconnues pour leurs pratiques ancestrales du bien-\u00eatre et l&rsquo;acc\u00e8s \u00e0 l&rsquo;espace wellness.<\/p>\n","protected":false},"featured_media":6230,"template":"","meta":[],"product_brand":[],"product_cat":[55,112],"product_tag":[],"class_list":{"0":"post-3390","1":"product","2":"type-product","3":"status-publish","4":"has-post-thumbnail","6":"product_cat-sejours-en-foret","7":"product_cat-a-partager","9":"first","10":"instock","11":"sold-individually","12":"taxable","13":"shipping-taxable","14":"purchasable","15":"product-type-variable","16":"has-default-attributes"},"_links":{"self":[{"href":"https:\/\/dolcelahulpegifts.be\/fr\/wp-json\/wp\/v2\/product\/3390","targetHints":{"allow":["GET"]}}],"collection":[{"href":"https:\/\/dolcelahulpegifts.be\/fr\/wp-json\/wp\/v2\/product"}],"about":[{"href":"https:\/\/dolcelahulpegifts.be\/fr\/wp-json\/wp\/v2\/types\/product"}],"version-history":[{"count":1,"href":"https:\/\/dolcelahulpegifts.be\/fr\/wp-json\/wp\/v2\/product\/3390\/revisions"}],"predecessor-version":[{"id":16438,"href":"https:\/\/dolcelahulpegifts.be\/fr\/wp-json\/wp\/v2\/product\/3390\/revisions\/16438"}],"wp:featuredmedia":[{"embeddable":true,"href":"https:\/\/dolcelahulpegifts.be\/fr\/wp-json\/wp\/v2\/media\/6230"}],"wp:attachment":[{"href":"https:\/\/dolcelahulpegifts.be\/fr\/wp-json\/wp\/v2\/media?parent=3390"}],"wp:term":[{"taxonomy":"product_brand","embeddable":true,"href":"https:\/\/dolcelahulpegifts.be\/fr\/wp-json\/wp\/v2\/product_brand?post=3390"},{"taxonomy":"product_cat","embeddable":true,"href":"https:\/\/dolcelahulpegifts.be\/fr\/wp-json\/wp\/v2\/product_cat?post=3390"},{"taxonomy":"product_tag","embeddable":true,"href":"https:\/\/dolcelahulpegifts.be\/fr\/wp-json\/wp\/v2\/product_tag?post=3390"}],"curies":[{"name":"wp","href":"https:\/\/api.w.org\/{rel}","templated":true}]}}