{"id":3406,"date":"2022-06-09T15:36:21","date_gmt":"2022-06-09T13:36:21","guid":{"rendered":"https:\/\/dolcelahulpegifts.duckdns.org\/?post_type=product&#038;p=3406"},"modified":"2026-01-06T15:17:41","modified_gmt":"2026-01-06T14:17:41","slug":"coffret-100-bio","status":"publish","type":"product","link":"https:\/\/dolcelahulpegifts.be\/fr\/product\/coffret-100-bio\/","title":{"rendered":"Coffret 100% BIO"},"content":{"rendered":"<p>D\u00e9couvrez le meilleur du bio pour le visage par Cinq Mondes.<\/p>\n<p>Ce coffret 100% bio permet une routine compl\u00e8te et saine pour le visage. La peau est lisse et oxyg\u00e9n\u00e9e, son \u00e9clat naturel est durablement raviv\u00e9.<\/p>\n<p>Ce coffret contient :<\/p>\n<ul>\n<li><strong>Une Eau Micellaire aux 5 Fleurs<\/strong> (200 mL) : La promesse d\u2019un d\u00e9maquillage pur, doux et efficace ! La recherche phytoaromatique associe ici les propri\u00e9t\u00e9s et les bienfaits du Frangipanier, du Gard\u00e9nia, de l\u2019Hibiscus, de l\u2019Ylang Ylang et du Lotus. Les micelles, agents nettoyants doux, \u00e9liminent efficacement le maquillage et les impuret\u00e9s. La peau est propre, tonifi\u00e9e et hydrat\u00e9e.<\/li>\n<li><strong>Un Masque Kaolin &amp; Fleurs<\/strong> (60 mL) : Le premier masque bio Cinq Mondes avec 99% d\u2019ingr\u00e9dients d\u2019origine naturelle et certifi\u00e9 Cosmos Organic ! Avec son temps de pose sur-mesure, il est id\u00e9al pour d\u00e9toxifier, lisser et illuminer instantan\u00e9ment le teint.<\/li>\n<li><strong>Une Cr\u00e8me \u00c9clat aux 5 Fleurs<\/strong> (50 mL) : Une cr\u00e8me dont les extraits de fleurs tropicales apportent douceur et rafra\u00eechissement. La pr\u00e9sence du Kombuchka, actif naturel brevet\u00e9 riche en AHAs, vitamines et polyph\u00e9nols, lisse la peau et lui redonne de la luminosit\u00e9.<\/li>\n<\/ul>\n<p>EN CADEAU<\/p>\n<ul>\n<li>Un produit Cinq Mondes au format voyage \u00e0 emporter partout !<\/li>\n<\/ul>\n","protected":false},"excerpt":{"rendered":"<p>Offrez ou adoptez une routine de soins visage 100% bio et hautement sensorielle avec ce coffret 100% BIO compos\u00e9 de 3 produits certifi\u00e9s \u00ab\u00a0Green &amp; Clean\u00a0\u00bb !<\/p>\n","protected":false},"featured_media":13182,"template":"","meta":[],"product_brand":[],"product_cat":[56,113,115],"product_tag":[],"class_list":{"0":"post-3406","1":"product","2":"type-product","3":"status-publish","4":"has-post-thumbnail","6":"product_cat-coffrets","7":"product_cat-en-solo","8":"product_cat-cadeaux-dentreprise","10":"first","11":"instock","12":"taxable","13":"shipping-taxable","14":"purchasable","15":"product-type-simple"},"_links":{"self":[{"href":"https:\/\/dolcelahulpegifts.be\/fr\/wp-json\/wp\/v2\/product\/3406","targetHints":{"allow":["GET"]}}],"collection":[{"href":"https:\/\/dolcelahulpegifts.be\/fr\/wp-json\/wp\/v2\/product"}],"about":[{"href":"https:\/\/dolcelahulpegifts.be\/fr\/wp-json\/wp\/v2\/types\/product"}],"version-history":[{"count":1,"href":"https:\/\/dolcelahulpegifts.be\/fr\/wp-json\/wp\/v2\/product\/3406\/revisions"}],"predecessor-version":[{"id":15256,"href":"https:\/\/dolcelahulpegifts.be\/fr\/wp-json\/wp\/v2\/product\/3406\/revisions\/15256"}],"wp:featuredmedia":[{"embeddable":true,"href":"https:\/\/dolcelahulpegifts.be\/fr\/wp-json\/wp\/v2\/media\/13182"}],"wp:attachment":[{"href":"https:\/\/dolcelahulpegifts.be\/fr\/wp-json\/wp\/v2\/media?parent=3406"}],"wp:term":[{"taxonomy":"product_brand","embeddable":true,"href":"https:\/\/dolcelahulpegifts.be\/fr\/wp-json\/wp\/v2\/product_brand?post=3406"},{"taxonomy":"product_cat","embeddable":true,"href":"https:\/\/dolcelahulpegifts.be\/fr\/wp-json\/wp\/v2\/product_cat?post=3406"},{"taxonomy":"product_tag","embeddable":true,"href":"https:\/\/dolcelahulpegifts.be\/fr\/wp-json\/wp\/v2\/product_tag?post=3406"}],"curies":[{"name":"wp","href":"https:\/\/api.w.org\/{rel}","templated":true}]}}