{"id":3412,"date":"2022-06-09T15:38:11","date_gmt":"2022-06-09T13:38:11","guid":{"rendered":"https:\/\/dolcelahulpegifts.duckdns.org\/?post_type=product&#038;p=3412"},"modified":"2026-01-06T15:18:25","modified_gmt":"2026-01-06T14:18:25","slug":"coffret-confort-intense","status":"publish","type":"product","link":"https:\/\/dolcelahulpegifts.be\/fr\/product\/coffret-confort-intense\/","title":{"rendered":"Coffret confort intense"},"content":{"rendered":"<p>Le Coffret Confort intense comprend:<\/p>\n<ul>\n<li><strong>Cr\u00e8me Confort Intense\u00ae<\/strong> (Rituel d&rsquo;Alep, Syrie)50 mL : 50 mLCr\u00e8me SOS nourrissante pour peaux s\u00e8ches et ab\u00eem\u00e9es. S&rsquo;utilise aussi en masque r\u00e9parateur de nutrition intense. Nourrie en profondeur, la peau est imm\u00e9diatement confortable. Parfait pour les peaux s\u00e8ches \u00e0 tr\u00e8s s\u00e8ches.<\/li>\n<li><strong>Cr\u00e8me Mains d\u2019Ange\u00ae<\/strong> (Rituel de Guilin, Chine)75 mL : Cr\u00e8me nourrissante non grasse pour les mains et les ongles au d\u00e9licat parfum de C\u00e8dre et d&rsquo;Hesp\u00e9rid\u00e9s qui pr\u00e9vient les taches pigmentaires.<\/li>\n<li><strong>Elixir Pr\u00e9cieux\u00ae Nourrissant<\/strong> (Rituel de l&rsquo;Atlas, Maroc) 15 mL : L\u2019Elixir Pr\u00e9cieux\u00ae Nourrissant est un concentr\u00e9 puissant d\u2019huiles 100% v\u00e9g\u00e9tales, riche en acides gras essentiels (Om\u00e9gas 3 et 6) sp\u00e9cialement adapt\u00e9 aux peaux s\u00e8ches. Son association d\u2019huile d\u2019Argan, \u00ab l\u2019Or liquide \u00bb, et d\u2019huile de Carthame, est traditionnellement utilis\u00e9e au Maroc pour nourrir les peaux dess\u00e9ch\u00e9es par le soleil.<\/li>\n<\/ul>\n<p>EN CADEAU<\/p>\n<ul>\n<li>Un produit Cinq Mondes au format voyage \u00e0 emporter partout !<\/li>\n<\/ul>\n","protected":false},"excerpt":{"rendered":"<p>Le Coffret Confort Intense est un Coffret cadeau pour le visage et les mains afin d&rsquo;adoucir la peau et de la nourrir en profondeur.<\/p>\n","protected":false},"featured_media":13182,"template":"","meta":[],"product_brand":[],"product_cat":[56,113,101],"product_tag":[],"class_list":{"0":"post-3412","1":"product","2":"type-product","3":"status-publish","4":"has-post-thumbnail","6":"product_cat-coffrets","7":"product_cat-en-solo","8":"product_cat-visage","10":"first","11":"instock","12":"taxable","13":"shipping-taxable","14":"purchasable","15":"product-type-simple"},"_links":{"self":[{"href":"https:\/\/dolcelahulpegifts.be\/fr\/wp-json\/wp\/v2\/product\/3412","targetHints":{"allow":["GET"]}}],"collection":[{"href":"https:\/\/dolcelahulpegifts.be\/fr\/wp-json\/wp\/v2\/product"}],"about":[{"href":"https:\/\/dolcelahulpegifts.be\/fr\/wp-json\/wp\/v2\/types\/product"}],"version-history":[{"count":2,"href":"https:\/\/dolcelahulpegifts.be\/fr\/wp-json\/wp\/v2\/product\/3412\/revisions"}],"predecessor-version":[{"id":17407,"href":"https:\/\/dolcelahulpegifts.be\/fr\/wp-json\/wp\/v2\/product\/3412\/revisions\/17407"}],"wp:featuredmedia":[{"embeddable":true,"href":"https:\/\/dolcelahulpegifts.be\/fr\/wp-json\/wp\/v2\/media\/13182"}],"wp:attachment":[{"href":"https:\/\/dolcelahulpegifts.be\/fr\/wp-json\/wp\/v2\/media?parent=3412"}],"wp:term":[{"taxonomy":"product_brand","embeddable":true,"href":"https:\/\/dolcelahulpegifts.be\/fr\/wp-json\/wp\/v2\/product_brand?post=3412"},{"taxonomy":"product_cat","embeddable":true,"href":"https:\/\/dolcelahulpegifts.be\/fr\/wp-json\/wp\/v2\/product_cat?post=3412"},{"taxonomy":"product_tag","embeddable":true,"href":"https:\/\/dolcelahulpegifts.be\/fr\/wp-json\/wp\/v2\/product_tag?post=3412"}],"curies":[{"name":"wp","href":"https:\/\/api.w.org\/{rel}","templated":true}]}}