{"id":3485,"date":"2022-06-09T16:54:25","date_gmt":"2022-06-09T14:54:25","guid":{"rendered":"https:\/\/dolcelahulpegifts.duckdns.org\/?post_type=product&#038;p=3485"},"modified":"2025-12-22T11:20:25","modified_gmt":"2025-12-22T10:20:25","slug":"sejour-rituel-de-felicite-a-deux","status":"publish","type":"product","link":"https:\/\/dolcelahulpegifts.be\/fr\/product\/sejour-rituel-de-felicite-a-deux\/","title":{"rendered":"S\u00e9jour Rituel de F\u00e9licit\u00e9 \u00e0 Deux"},"content":{"rendered":"<ul>\n<li>le Grand Rituel de F\u00e9licit\u00e9 \u00e0 Deux au Spa Cinq Mondes (1h50) :\n<ul>\n<li><strong>Bain Japonais d\u2019Ar\u00f4mes et de Fleurs<\/strong> : Ce rituel O\u2019furo ancestral relaxant \u00e9veille les sens gr\u00e2ce \u00e0 l\u2019association d\u2019huiles essentielles, de couleurs et de p\u00e9tales de roses, pour une harmonie parfaite du corps et de l\u2019esprit.<\/li>\n<li><strong>Gommage Aromatique aux \u00c9pices<\/strong> : Ce soin exfoliant inspir\u00e9 de Java, \u00e0 base d\u2019\u00e9pices et de sels de mer, vous transporte par ses d\u00e9licates senteurs et vous offre une peau douce et satin\u00e9e.<\/li>\n<li><strong>Soin Massage Oriental Traditionnel<\/strong> : Voyagez au coeur des traditions orientales gr\u00e2ce \u00e0 ce massage qui travaille l\u2019ensemble du corps avec de l\u2019huile d\u2019argan chauff\u00e9e. Cet enveloppement de manoeuvres lentes et profondes vous procure un moment de pur bien-\u00eatre.<\/li>\n<\/ul>\n<\/li>\n<li>Balade en for\u00eat vers le Ch\u00e2teau de La Hulpe<\/li>\n<li>Acc\u00e8s d&rsquo;une heure \u00e0 l&rsquo;espace wellness (piscine, sauna et hammam) et \u00e0 la salle de fitness sur r\u00e9servation<\/li>\n<li>Activit\u00e9s gratuites sur site: tennis, badminton, p\u00e9tanque, basket-ball, ping-pong, baby-foot, etc.<\/li>\n<li>Nuit paisible et r\u00e9veil avec le chant des oiseaux<\/li>\n<li>Petit d\u00e9jeuner buffet am\u00e9ricain avec vue panoramique sur la for\u00eat<\/li>\n<li>Parking gratuit<\/li>\n<li>D\u00e9part tardif jusqu&rsquo;\u00e0 15h<\/li>\n<\/ul>\n","protected":false},"excerpt":{"rendered":"<p>Offrez un s\u00e9jour rituel de f\u00e9licit\u00e9 \u00e0 deux inoubliable incluant une exp\u00e9rience d&rsquo;1h50 par personne au Spa Cinq Mondes en salle VIP double en harmonie avec la nature.<\/p>\n","protected":false},"featured_media":18282,"template":"","meta":[],"product_brand":[],"product_cat":[55,112],"product_tag":[],"class_list":{"0":"post-3485","1":"product","2":"type-product","3":"status-publish","4":"has-post-thumbnail","6":"product_cat-sejours-en-foret","7":"product_cat-a-partager","9":"first","10":"instock","11":"sold-individually","12":"taxable","13":"shipping-taxable","14":"purchasable","15":"product-type-variable","16":"has-default-attributes"},"_links":{"self":[{"href":"https:\/\/dolcelahulpegifts.be\/fr\/wp-json\/wp\/v2\/product\/3485","targetHints":{"allow":["GET"]}}],"collection":[{"href":"https:\/\/dolcelahulpegifts.be\/fr\/wp-json\/wp\/v2\/product"}],"about":[{"href":"https:\/\/dolcelahulpegifts.be\/fr\/wp-json\/wp\/v2\/types\/product"}],"version-history":[{"count":2,"href":"https:\/\/dolcelahulpegifts.be\/fr\/wp-json\/wp\/v2\/product\/3485\/revisions"}],"predecessor-version":[{"id":17469,"href":"https:\/\/dolcelahulpegifts.be\/fr\/wp-json\/wp\/v2\/product\/3485\/revisions\/17469"}],"wp:featuredmedia":[{"embeddable":true,"href":"https:\/\/dolcelahulpegifts.be\/fr\/wp-json\/wp\/v2\/media\/18282"}],"wp:attachment":[{"href":"https:\/\/dolcelahulpegifts.be\/fr\/wp-json\/wp\/v2\/media?parent=3485"}],"wp:term":[{"taxonomy":"product_brand","embeddable":true,"href":"https:\/\/dolcelahulpegifts.be\/fr\/wp-json\/wp\/v2\/product_brand?post=3485"},{"taxonomy":"product_cat","embeddable":true,"href":"https:\/\/dolcelahulpegifts.be\/fr\/wp-json\/wp\/v2\/product_cat?post=3485"},{"taxonomy":"product_tag","embeddable":true,"href":"https:\/\/dolcelahulpegifts.be\/fr\/wp-json\/wp\/v2\/product_tag?post=3485"}],"curies":[{"name":"wp","href":"https:\/\/api.w.org\/{rel}","templated":true}]}}