{"id":3584,"date":"2022-06-09T18:11:01","date_gmt":"2022-06-09T16:11:01","guid":{"rendered":"https:\/\/dolcelahulpegifts.duckdns.org\/?post_type=product&#038;p=3584"},"modified":"2026-01-07T22:03:27","modified_gmt":"2026-01-07T21:03:27","slug":"hike-bike","status":"publish","type":"product","link":"https:\/\/dolcelahulpegifts.be\/fr\/product\/hike-bike\/","title":{"rendered":"Hike &#038; Bike"},"content":{"rendered":"<p>La meilleure mani\u00e8re de d\u00e9couvrir la for\u00eat de Soignes est d\u2019y aller \u00e0 pied ou \u00e0 v\u00e9lo! Ce forfait Hike &amp; Bike, qui convient parfaitement pour les passionn\u00e9s de course \u00e0 pied ou de v\u00e9lo, vous offre un s\u00e9jour sportif et relaxant.<\/p>\n<p>Le forfait Hike &amp; Bike comprend:<\/p>\n<ul>\n<li>Nuit paisible et r\u00e9veil avec le chant des oiseaux<\/li>\n<li>Petit d\u00e9jeuner buffet am\u00e9ricain avec vue panoramique sur la for\u00eat<\/li>\n<li>Une Bi\u00e8re belge au choix par personne au restaurant Argan ou bar Badian<\/li>\n<li>Sports Snack Pack : une barre prot\u00e9in\u00e9e, un fruit et une eau min\u00e9rale \u00e0 emporter par personne<\/li>\n<li>Service de stockage et de nettoyage des v\u00e9los \u00e0 disposition<\/li>\n<li>Balade en for\u00eat vers le Ch\u00e2teau de La Hulpe<\/li>\n<li>Itin\u00e9raires GPX \u00e0 disposition<\/li>\n<li>Acc\u00e8s d&rsquo;une heure \u00e0 l&rsquo;espace wellness (piscine, sauna et hammam) et \u00e0 la salle de fitness sur r\u00e9servation<\/li>\n<li>Activit\u00e9s gratuites sur site: tennis, badminton, p\u00e9tanque, basket-ball, ping-pong, baby-foot, etc.<\/li>\n<li>Parking gratuit<\/li>\n<\/ul>\n","protected":false},"excerpt":{"rendered":"<p>Offrez \u00e0 vos proches, amateurs de randonn\u00e9es \u00e0 v\u00e9lo ou VTT, un s\u00e9jour m\u00e9morable en immersion dans les bois dans un h\u00f4tel 4 \u00e9toiles labellis\u00e9 Cl\u00e9 Verte et Bienvenue V\u00e9lo avec notre s\u00e9jour Hike &amp; Bike.<\/p>\n","protected":false},"featured_media":3597,"template":"","meta":[],"product_brand":[],"product_cat":[112,111,115,55],"product_tag":[],"class_list":{"0":"post-3584","1":"product","2":"type-product","3":"status-publish","4":"has-post-thumbnail","6":"product_cat-a-partager","7":"product_cat-idees-cadeaux","8":"product_cat-cadeaux-dentreprise","9":"product_cat-sejours-en-foret","11":"first","12":"instock","13":"sold-individually","14":"taxable","15":"shipping-taxable","16":"purchasable","17":"product-type-variable","18":"has-default-attributes"},"_links":{"self":[{"href":"https:\/\/dolcelahulpegifts.be\/fr\/wp-json\/wp\/v2\/product\/3584","targetHints":{"allow":["GET"]}}],"collection":[{"href":"https:\/\/dolcelahulpegifts.be\/fr\/wp-json\/wp\/v2\/product"}],"about":[{"href":"https:\/\/dolcelahulpegifts.be\/fr\/wp-json\/wp\/v2\/types\/product"}],"version-history":[{"count":1,"href":"https:\/\/dolcelahulpegifts.be\/fr\/wp-json\/wp\/v2\/product\/3584\/revisions"}],"predecessor-version":[{"id":16160,"href":"https:\/\/dolcelahulpegifts.be\/fr\/wp-json\/wp\/v2\/product\/3584\/revisions\/16160"}],"wp:featuredmedia":[{"embeddable":true,"href":"https:\/\/dolcelahulpegifts.be\/fr\/wp-json\/wp\/v2\/media\/3597"}],"wp:attachment":[{"href":"https:\/\/dolcelahulpegifts.be\/fr\/wp-json\/wp\/v2\/media?parent=3584"}],"wp:term":[{"taxonomy":"product_brand","embeddable":true,"href":"https:\/\/dolcelahulpegifts.be\/fr\/wp-json\/wp\/v2\/product_brand?post=3584"},{"taxonomy":"product_cat","embeddable":true,"href":"https:\/\/dolcelahulpegifts.be\/fr\/wp-json\/wp\/v2\/product_cat?post=3584"},{"taxonomy":"product_tag","embeddable":true,"href":"https:\/\/dolcelahulpegifts.be\/fr\/wp-json\/wp\/v2\/product_tag?post=3584"}],"curies":[{"name":"wp","href":"https:\/\/api.w.org\/{rel}","templated":true}]}}