{"id":3639,"date":"2022-06-09T18:38:51","date_gmt":"2022-06-09T16:38:51","guid":{"rendered":"https:\/\/dolcelahulpegifts.duckdns.org\/?post_type=product&#038;p=3639"},"modified":"2025-07-08T12:06:57","modified_gmt":"2025-07-08T10:06:57","slug":"babymoon","status":"publish","type":"product","link":"https:\/\/dolcelahulpegifts.be\/fr\/product\/babymoon\/","title":{"rendered":"Babymoon"},"content":{"rendered":"<ul>\n<li>Grand Rituel Sublime du Bola incluant un Gommage Sublime au Mono\u00ef de Tahiti et le Soin Massage Sublime du BOLA pour la future Maman<\/li>\n<li>Balade en for\u00eat vers le Ch\u00e2teau de La Hulpe<\/li>\n<li>Acc\u00e8s d&rsquo;une heure \u00e0 l&rsquo;espace wellness (piscine, sauna et hammam) et \u00e0 la salle de fitness sur r\u00e9servation<\/li>\n<li>Activit\u00e9s gratuites sur site: tennis, badminton, p\u00e9tanque, basket-ball, ping-pong, baby-foot, etc.<\/li>\n<li>Nuit paisible et r\u00e9veil avec le chant des oiseaux<\/li>\n<li>Petit d\u00e9jeuner buffet am\u00e9ricain avec vue panoramique sur la for\u00eat<\/li>\n<li>Parking gratuit<\/li>\n<li>D\u00e9part tardif jusqu&rsquo;\u00e0 15h<\/li>\n<li>La taxe de s\u00e9jour s&rsquo;\u00e9levant \u00e0 1.15\u20ac par personne et par nuit devra toutefois \u00eatre pay\u00e9e par votre invit\u00e9 au check-out<\/li>\n<\/ul>\n","protected":false},"excerpt":{"rendered":"<p>Avant l&rsquo;arriv\u00e9e de l&rsquo;heureux \u00e9v\u00e8nement, offrez un s\u00e9jour relaxant Babymoon incluant un Rituel de soin sp\u00e9cialement con\u00e7u pour soulager les tensions de la future maman.<\/p>\n","protected":false},"featured_media":3652,"template":"","meta":[],"product_brand":[],"product_cat":[55,112,114],"product_tag":[],"class_list":{"0":"post-3639","1":"product","2":"type-product","3":"status-publish","4":"has-post-thumbnail","6":"product_cat-sejours-en-foret","7":"product_cat-a-partager","8":"product_cat-en-famille","10":"first","11":"instock","12":"sold-individually","13":"taxable","14":"shipping-taxable","15":"purchasable","16":"product-type-variable","17":"has-default-attributes"},"_links":{"self":[{"href":"https:\/\/dolcelahulpegifts.be\/fr\/wp-json\/wp\/v2\/product\/3639","targetHints":{"allow":["GET"]}}],"collection":[{"href":"https:\/\/dolcelahulpegifts.be\/fr\/wp-json\/wp\/v2\/product"}],"about":[{"href":"https:\/\/dolcelahulpegifts.be\/fr\/wp-json\/wp\/v2\/types\/product"}],"version-history":[{"count":2,"href":"https:\/\/dolcelahulpegifts.be\/fr\/wp-json\/wp\/v2\/product\/3639\/revisions"}],"predecessor-version":[{"id":18586,"href":"https:\/\/dolcelahulpegifts.be\/fr\/wp-json\/wp\/v2\/product\/3639\/revisions\/18586"}],"wp:featuredmedia":[{"embeddable":true,"href":"https:\/\/dolcelahulpegifts.be\/fr\/wp-json\/wp\/v2\/media\/3652"}],"wp:attachment":[{"href":"https:\/\/dolcelahulpegifts.be\/fr\/wp-json\/wp\/v2\/media?parent=3639"}],"wp:term":[{"taxonomy":"product_brand","embeddable":true,"href":"https:\/\/dolcelahulpegifts.be\/fr\/wp-json\/wp\/v2\/product_brand?post=3639"},{"taxonomy":"product_cat","embeddable":true,"href":"https:\/\/dolcelahulpegifts.be\/fr\/wp-json\/wp\/v2\/product_cat?post=3639"},{"taxonomy":"product_tag","embeddable":true,"href":"https:\/\/dolcelahulpegifts.be\/fr\/wp-json\/wp\/v2\/product_tag?post=3639"}],"curies":[{"name":"wp","href":"https:\/\/api.w.org\/{rel}","templated":true}]}}