{"id":3727,"date":"2022-06-10T10:30:01","date_gmt":"2022-06-10T08:30:01","guid":{"rendered":"https:\/\/dolcelahulpegifts.duckdns.org\/?post_type=product&#038;p=3727"},"modified":"2026-01-02T10:58:45","modified_gmt":"2026-01-02T09:58:45","slug":"grand-rituel-d1h50","status":"publish","type":"product","link":"https:\/\/dolcelahulpegifts.be\/fr\/product\/grand-rituel-d1h50\/","title":{"rendered":"Grand Rituel d&rsquo;1h50"},"content":{"rendered":"<p>Un Grand Rituel d&rsquo;1h50 au choix entre le :<\/p>\n<p>&nbsp;<\/p>\n<ul>\n<li><strong>Grand Rituel du Voyageur &#8211; <\/strong>R\u00c9CUP\u00c9RATION<\/li>\n<\/ul>\n<p>Retrouvez votre \u00e9nergie et resynchronisez votre horloge interne gr\u00e2ce \u00e0 ce parcours unique de soins, incluant :<\/p>\n<ul>\u2014 Enveloppement chauffant Udvartana<\/ul>\n<ul>\u2014 Soin Massage du Dos<\/ul>\n<ul>\u2014 Soin Massage drainant des Jambes<\/ul>\n<ul>\u2014 Soin Massage du Visage Fleurs de Bali<\/ul>\n<p>&nbsp;<\/p>\n<ul>\n<li><strong>Grand Rituel Imp\u00e9rial de Jeunesse &#8211; <\/strong>KO BI DO SUPR\u00caME<\/li>\n<\/ul>\n<p>Puisant dans les meilleures traditions de soin et beaut\u00e9 du monde, ci rituel vous apporte un ressourcement ultime, incluant :<\/p>\n<ul>\u2014 Bain Japonais d\u2019Ar\u00f4mes et de Fleurs ou Hammam Traditionnel<\/ul>\n<ul>\u2014 Soin Massage du Dos<\/ul>\n<ul>\u2014 Soin Massage du Visage Ko Bi Do (50 min)<\/ul>\n<p>&nbsp;<\/p>\n<ul>\n<li><strong>Grand Rituel Sublime de Polyn\u00e9sie &#8211; <\/strong>RELAXATION ULTIME<\/li>\n<\/ul>\n<p>Inspir\u00e9 des traditions de beaut\u00e9 polyn\u00e9siennes, ce rituel permet un l\u00e2cher-prise imm\u00e9diat, incluant :<\/p>\n<ul>\u2014 Bain Japonais d\u2019Ar\u00f4mes et de Fleurs ou Hammam Traditionnel<\/ul>\n<ul>\u2014 Gommage Sublime au Mono\u00ef de Tahiti<\/ul>\n<ul>\u2014 Soin Massage Sublime de Polyn\u00e9sie (50min)<\/ul>\n<ul>\n<li><strong>Grand Rituel du Hammam &#8211; <\/strong>ARGAN DIVIN<\/li>\n<\/ul>\n<ul>\u2014 Hammam Traditionnel<\/ul>\n<ul>\u2014 Gommage au Savon Noir de Beldi<\/ul>\n<ul>\u2014 Soin Massage Oriental Traditionnel<\/ul>\n","protected":false},"excerpt":{"rendered":"<p>Invitation Cadeau valide pour un Grand Rituel d&rsquo;1h50 au choix entre le Grand Rituel du Voyageur, le Grand Rituel Imp\u00e9rial de Jeunesse ou le Grand Rituel Sublime de Polyn\u00e9sie.<\/p>\n","protected":false},"featured_media":18283,"template":"","meta":[],"product_brand":[],"product_cat":[53,113],"product_tag":[],"class_list":{"0":"post-3727","1":"product","2":"type-product","3":"status-publish","4":"has-post-thumbnail","6":"product_cat-experiences-spa","7":"product_cat-en-solo","9":"first","10":"instock","11":"sold-individually","12":"taxable","13":"shipping-taxable","14":"purchasable","15":"product-type-variable","16":"has-default-attributes"},"_links":{"self":[{"href":"https:\/\/dolcelahulpegifts.be\/fr\/wp-json\/wp\/v2\/product\/3727","targetHints":{"allow":["GET"]}}],"collection":[{"href":"https:\/\/dolcelahulpegifts.be\/fr\/wp-json\/wp\/v2\/product"}],"about":[{"href":"https:\/\/dolcelahulpegifts.be\/fr\/wp-json\/wp\/v2\/types\/product"}],"version-history":[{"count":3,"href":"https:\/\/dolcelahulpegifts.be\/fr\/wp-json\/wp\/v2\/product\/3727\/revisions"}],"predecessor-version":[{"id":17466,"href":"https:\/\/dolcelahulpegifts.be\/fr\/wp-json\/wp\/v2\/product\/3727\/revisions\/17466"}],"wp:featuredmedia":[{"embeddable":true,"href":"https:\/\/dolcelahulpegifts.be\/fr\/wp-json\/wp\/v2\/media\/18283"}],"wp:attachment":[{"href":"https:\/\/dolcelahulpegifts.be\/fr\/wp-json\/wp\/v2\/media?parent=3727"}],"wp:term":[{"taxonomy":"product_brand","embeddable":true,"href":"https:\/\/dolcelahulpegifts.be\/fr\/wp-json\/wp\/v2\/product_brand?post=3727"},{"taxonomy":"product_cat","embeddable":true,"href":"https:\/\/dolcelahulpegifts.be\/fr\/wp-json\/wp\/v2\/product_cat?post=3727"},{"taxonomy":"product_tag","embeddable":true,"href":"https:\/\/dolcelahulpegifts.be\/fr\/wp-json\/wp\/v2\/product_tag?post=3727"}],"curies":[{"name":"wp","href":"https:\/\/api.w.org\/{rel}","templated":true}]}}