{"id":3742,"date":"2022-06-10T10:45:33","date_gmt":"2022-06-10T08:45:33","guid":{"rendered":"https:\/\/dolcelahulpegifts.duckdns.org\/?post_type=product&#038;p=3742"},"modified":"2026-01-07T22:10:40","modified_gmt":"2026-01-07T21:10:40","slug":"grand-rituel-de-felicite-a-deux","status":"publish","type":"product","link":"https:\/\/dolcelahulpegifts.be\/fr\/product\/grand-rituel-de-felicite-a-deux\/","title":{"rendered":"Grand Rituel de F\u00e9licit\u00e9 \u00e0 Deux (1h50)"},"content":{"rendered":"<p style=\"text-align: left;\">Dans la suite VIP double du Spa, vos invit\u00e9s profiteront d&rsquo;un Grand Rituel de F\u00e9licit\u00e9 \u00e0 Deux comprenant :<\/p>\n<ul style=\"text-align: left;\">\n<li><strong>Bain Japonais d\u2019Ar\u00f4mes et de Fleurs<\/strong> <strong>(20min) &#8211; <\/strong>Relaxation<\/li>\n<\/ul>\n<p style=\"text-align: left;\">Ce rituel O\u2019furo ancestral relaxant \u00e9veille les sens gr\u00e2ce \u00e0 l\u2019association d\u2019huiles phyto-aromatiques et de p\u00e9tales de roses, pour une harmonie parfaite du corps et de l\u2019esprit.<\/p>\n<ul style=\"text-align: left;\">\n<li><strong>Gommage Aromatique aux \u00c9pices <span class=\"bold\">(20 min) &#8211; <\/span><\/strong>\u00c9nergisant<\/li>\n<\/ul>\n<p style=\"text-align: left;\">Inspir\u00e9 du Boreh, recette traditionnelle venue de Java \u00e0 base d\u2019\u00e9pices et de sels de mer. Ce soin tonifie le corps par ses senteurs revigorantes et laisse la peau d\u00e9licatement satin\u00e9e.<\/p>\n<ul style=\"text-align: left;\">\n<li><strong>Soin Massage Oriental Traditionnel (50 min)\u00a0 &#8211; <\/strong>Sensoriel<\/li>\n<\/ul>\n<p style=\"text-align: left;\">Voyagez au coeur des traditions orientales gr\u00e2ce \u00e0 ce massage qui travaille l\u2019ensemble du corps avec de l\u2019huile d\u2019argan chauff\u00e9e. Appr\u00e9ciez ces manoeuvres lentes et profondes pour un moment de pur bien-\u00eatre.<\/p>\n","protected":false},"excerpt":{"rendered":"<p>Con\u00e7u pour partager un moment de bien-\u00eatre et de relaxation inoubliable \u00e0 deux, ce rituel permet de vivre un moment unique et original remplissant d&rsquo;harmonie et d&rsquo;\u00e9nergie votre corps et votre esprit.<\/p>\n","protected":false},"featured_media":18282,"template":"","meta":[],"product_brand":[],"product_cat":[53,112],"product_tag":[],"class_list":{"0":"post-3742","1":"product","2":"type-product","3":"status-publish","4":"has-post-thumbnail","6":"product_cat-experiences-spa","7":"product_cat-a-partager","9":"first","10":"instock","11":"featured","12":"sold-individually","13":"taxable","14":"shipping-taxable","15":"purchasable","16":"product-type-variable","17":"has-default-attributes"},"_links":{"self":[{"href":"https:\/\/dolcelahulpegifts.be\/fr\/wp-json\/wp\/v2\/product\/3742","targetHints":{"allow":["GET"]}}],"collection":[{"href":"https:\/\/dolcelahulpegifts.be\/fr\/wp-json\/wp\/v2\/product"}],"about":[{"href":"https:\/\/dolcelahulpegifts.be\/fr\/wp-json\/wp\/v2\/types\/product"}],"version-history":[{"count":5,"href":"https:\/\/dolcelahulpegifts.be\/fr\/wp-json\/wp\/v2\/product\/3742\/revisions"}],"predecessor-version":[{"id":17458,"href":"https:\/\/dolcelahulpegifts.be\/fr\/wp-json\/wp\/v2\/product\/3742\/revisions\/17458"}],"wp:featuredmedia":[{"embeddable":true,"href":"https:\/\/dolcelahulpegifts.be\/fr\/wp-json\/wp\/v2\/media\/18282"}],"wp:attachment":[{"href":"https:\/\/dolcelahulpegifts.be\/fr\/wp-json\/wp\/v2\/media?parent=3742"}],"wp:term":[{"taxonomy":"product_brand","embeddable":true,"href":"https:\/\/dolcelahulpegifts.be\/fr\/wp-json\/wp\/v2\/product_brand?post=3742"},{"taxonomy":"product_cat","embeddable":true,"href":"https:\/\/dolcelahulpegifts.be\/fr\/wp-json\/wp\/v2\/product_cat?post=3742"},{"taxonomy":"product_tag","embeddable":true,"href":"https:\/\/dolcelahulpegifts.be\/fr\/wp-json\/wp\/v2\/product_tag?post=3742"}],"curies":[{"name":"wp","href":"https:\/\/api.w.org\/{rel}","templated":true}]}}