{"id":3759,"date":"2022-06-10T10:59:44","date_gmt":"2022-06-10T08:59:44","guid":{"rendered":"https:\/\/dolcelahulpegifts.duckdns.org\/?post_type=product&#038;p=3759"},"modified":"2026-01-02T11:05:50","modified_gmt":"2026-01-02T10:05:50","slug":"grand-rituel-celeste","status":"publish","type":"product","link":"https:\/\/dolcelahulpegifts.be\/fr\/product\/grand-rituel-celeste\/","title":{"rendered":"Grand Rituel C\u00e9leste (3h20)"},"content":{"rendered":"<p>Le Grand Rituel C\u00e9leste transportera votre invit\u00e9 du Maghreb \u00e0 la Chine en passant par l\u2019Inde et le Japon. Il repr\u00e9sente un v\u00e9ritable voyage \u00e0 travers les traditions du monde entier. L\u2019assemblage harmonieux de soins traditionnels aux diff\u00e9rentes origines, permet de retrouver \u00e0 la fois \u00e9quilibre et \u00e9nergie. Il inclut :<\/p>\n<ul>\n<li><strong>Bain Japonais d\u2019Ar\u00f4mes et de Fleurs &#8211; Relaxation<\/strong><\/li>\n<\/ul>\n<p>Ce rituel O\u2019furo ancestral relaxant \u00e9veille les sens gr\u00e2ce \u00e0 l\u2019association d\u2019huiles phyto-aromatiques et de p\u00e9tales de roses, pour une harmonie parfaite du corps et de l\u2019esprit.<\/p>\n<ul>\n<li><strong>Gommage du corps de 20 min. au choix :<\/strong><\/li>\n<\/ul>\n<p>&#8211; Gommage au Savon Noir Beldi &#8211; PURIFIANT<br \/>\n&#8211; Gommage Aromatique aux \u00c9pices &#8211; \u00c9NERGISANT<br \/>\n&#8211; Gommage Pur\u00e9e de Papaye &#8211; SENSORIEL<br \/>\n&#8211; Gommage Sublime au Mono\u00ef de Tahiti &#8211; LISSAGE SUBLIME<\/p>\n<ul>\n<li><strong>Massage du corps de 50 min au choix\u00a0<\/strong><\/li>\n<\/ul>\n<p>&#8211; Soin Massage de Sparte &#8211; D\u00e9contractant<br \/>\n&#8211; Soin Massage Oriental Traditionnel &#8211; Relaxant<br \/>\n&#8211; Soin Massage Ayurv\u00e9dique Indien &#8211; Tonique profond<br \/>\n&#8211; Soin Massage Sublime de Polyn\u00e9sie &#8211; L\u00e2cher-prise<br \/>\n&#8211; Soin Massage Tao\u00efste Tui Na &#8211; R\u00e9\u00e9quilibrant<br \/>\n&#8211; Soin Massage Royal Balinais &#8211; D\u00e9contractant<br \/>\n&#8211; Soin Massage Udarabhyanga &#8211; D\u00e9toxifiant<br \/>\n&#8211; Soin Massage Br\u00e9silien &#8211; Sur-mesure car adaptable en version minceur ou relaxation.<\/p>\n<ul>\n<li><strong>Soin-Massage du Visage de 50 min au choix\u00a0<\/strong><\/li>\n<\/ul>\n<p>&#8211; Soin Massage aux 5 Fleurs de Bali &#8211; Hydratant<br \/>\n&#8211; Soin Massage Tao\u00efste Visage &#8211; Revitalisant<\/p>\n<ul>\n<li><strong>Soin Massage \u00c9nerg\u00e9tique des Pieds &#8211; \u00c9nergisant<\/strong><\/li>\n<\/ul>\n<p>Retrouvez des pieds l\u00e9gers gr\u00e2ce \u00e0 cette technique d\u2019acupression pour soulager instantan\u00e9ment les pieds.<\/p>\n","protected":false},"excerpt":{"rendered":"<p>Ce Grand Rituel C\u00e9leste exclusif, complet pour le corps et le visage, est id\u00e9al pour retrouver \u00e9clat et vitalit\u00e9, une exp\u00e9rience de s\u00e9r\u00e9nit\u00e9 absolue incluant 3h20 de soins et massages Spa.<\/p>\n","protected":false},"featured_media":18281,"template":"","meta":[],"product_brand":[],"product_cat":[53,113],"product_tag":[],"class_list":{"0":"post-3759","1":"product","2":"type-product","3":"status-publish","4":"has-post-thumbnail","6":"product_cat-experiences-spa","7":"product_cat-en-solo","9":"first","10":"instock","11":"sold-individually","12":"taxable","13":"shipping-taxable","14":"purchasable","15":"product-type-variable","16":"has-default-attributes"},"_links":{"self":[{"href":"https:\/\/dolcelahulpegifts.be\/fr\/wp-json\/wp\/v2\/product\/3759","targetHints":{"allow":["GET"]}}],"collection":[{"href":"https:\/\/dolcelahulpegifts.be\/fr\/wp-json\/wp\/v2\/product"}],"about":[{"href":"https:\/\/dolcelahulpegifts.be\/fr\/wp-json\/wp\/v2\/types\/product"}],"version-history":[{"count":1,"href":"https:\/\/dolcelahulpegifts.be\/fr\/wp-json\/wp\/v2\/product\/3759\/revisions"}],"predecessor-version":[{"id":16432,"href":"https:\/\/dolcelahulpegifts.be\/fr\/wp-json\/wp\/v2\/product\/3759\/revisions\/16432"}],"wp:featuredmedia":[{"embeddable":true,"href":"https:\/\/dolcelahulpegifts.be\/fr\/wp-json\/wp\/v2\/media\/18281"}],"wp:attachment":[{"href":"https:\/\/dolcelahulpegifts.be\/fr\/wp-json\/wp\/v2\/media?parent=3759"}],"wp:term":[{"taxonomy":"product_brand","embeddable":true,"href":"https:\/\/dolcelahulpegifts.be\/fr\/wp-json\/wp\/v2\/product_brand?post=3759"},{"taxonomy":"product_cat","embeddable":true,"href":"https:\/\/dolcelahulpegifts.be\/fr\/wp-json\/wp\/v2\/product_cat?post=3759"},{"taxonomy":"product_tag","embeddable":true,"href":"https:\/\/dolcelahulpegifts.be\/fr\/wp-json\/wp\/v2\/product_tag?post=3759"}],"curies":[{"name":"wp","href":"https:\/\/api.w.org\/{rel}","templated":true}]}}