{"id":3775,"date":"2022-06-10T11:16:43","date_gmt":"2022-06-10T09:16:43","guid":{"rendered":"https:\/\/dolcelahulpegifts.duckdns.org\/?post_type=product&#038;p=3775"},"modified":"2025-11-06T11:36:19","modified_gmt":"2025-11-06T10:36:19","slug":"grand-rituel-royal-sirodhara","status":"publish","type":"product","link":"https:\/\/dolcelahulpegifts.be\/fr\/product\/grand-rituel-royal-sirodhara\/","title":{"rendered":"Grand Rituel Royal Sirodhara (2h20)"},"content":{"rendered":"<p>Le Grand Rituel Royal Sirodhara inclut :<\/p>\n<ul>\n<li><strong>Hammam Traditionnel &#8211; <\/strong>R\u00e9confort<\/li>\n<\/ul>\n<p>D\u00e9couvrez une authentique exp\u00e9rience du hammam \u00e0 travers un bain de vapeurs chaudes avec des huiles essentielles personnalis\u00e9es. Un v\u00e9ritable voyage sensoriel unique pour le corps<br \/>\net l\u2019esprit.<br \/>\n<em>\u00c0 d\u00e9couvrir \u00e9galement \u00e0 deux ou de mani\u00e8re privative.<\/em><\/p>\n<ul>\n<li><strong>Soin Massage Ayurv\u00e9dique\u00a0<\/strong><\/li>\n<\/ul>\n<p>Un soin \u00e0 l\u2019huile chaude inspir\u00e9 de la tradition Ayurv\u00e9dique qui lib\u00e8re des tensions et de la fatigue tout en \u00e9veillant le corps \u00e0 une nouvelle sensorialit\u00e9.<\/p>\n<ul>\n<li><strong>Soin Royal Sirodhara\u00a0<\/strong><\/li>\n<\/ul>\n<p>Un soin d\u2019exception des Maharadjahs, qui permet de perp\u00e9tuer les effets de la relaxation gr\u00e2ce aux vertus de l\u2019huile de s\u00e9same chaude, symbole d\u2019immortalit\u00e9, d\u00e9licatement vers\u00e9e sur le front et accompagn\u00e9e d\u2019un massage du cuir chevelu pour un l\u00e2cher-prise d\u2019une rare intensit\u00e9.<\/p>\n","protected":false},"excerpt":{"rendered":"<p>Offrez une exp\u00e9rience unique de d\u00e9tente profonde issue de la M\u00e9decine Ayurv\u00e9dique. Un ensemble de pratiques d\u2019exception d\u2019origine indienne qui, en 3 temps, permettent de se ressourcer en profondeur.\u00a0 Un filet d\u2019huile chaude est notamment vers\u00e9 en oscillations lentes sur le front. Cette pratique apporte \u00e9quilibre de l\u2019humeur, sommeil profond et vitalit\u00e9.<\/p>\n","protected":false},"featured_media":17452,"template":"","meta":[],"product_brand":[],"product_cat":[53,113],"product_tag":[],"class_list":{"0":"post-3775","1":"product","2":"type-product","3":"status-publish","4":"has-post-thumbnail","6":"product_cat-experiences-spa","7":"product_cat-en-solo","9":"first","10":"instock","11":"sold-individually","12":"taxable","13":"shipping-taxable","14":"purchasable","15":"product-type-variable","16":"has-default-attributes"},"_links":{"self":[{"href":"https:\/\/dolcelahulpegifts.be\/fr\/wp-json\/wp\/v2\/product\/3775","targetHints":{"allow":["GET"]}}],"collection":[{"href":"https:\/\/dolcelahulpegifts.be\/fr\/wp-json\/wp\/v2\/product"}],"about":[{"href":"https:\/\/dolcelahulpegifts.be\/fr\/wp-json\/wp\/v2\/types\/product"}],"version-history":[{"count":3,"href":"https:\/\/dolcelahulpegifts.be\/fr\/wp-json\/wp\/v2\/product\/3775\/revisions"}],"predecessor-version":[{"id":17454,"href":"https:\/\/dolcelahulpegifts.be\/fr\/wp-json\/wp\/v2\/product\/3775\/revisions\/17454"}],"wp:featuredmedia":[{"embeddable":true,"href":"https:\/\/dolcelahulpegifts.be\/fr\/wp-json\/wp\/v2\/media\/17452"}],"wp:attachment":[{"href":"https:\/\/dolcelahulpegifts.be\/fr\/wp-json\/wp\/v2\/media?parent=3775"}],"wp:term":[{"taxonomy":"product_brand","embeddable":true,"href":"https:\/\/dolcelahulpegifts.be\/fr\/wp-json\/wp\/v2\/product_brand?post=3775"},{"taxonomy":"product_cat","embeddable":true,"href":"https:\/\/dolcelahulpegifts.be\/fr\/wp-json\/wp\/v2\/product_cat?post=3775"},{"taxonomy":"product_tag","embeddable":true,"href":"https:\/\/dolcelahulpegifts.be\/fr\/wp-json\/wp\/v2\/product_tag?post=3775"}],"curies":[{"name":"wp","href":"https:\/\/api.w.org\/{rel}","templated":true}]}}