{"id":3790,"date":"2022-06-10T11:33:20","date_gmt":"2022-06-10T09:33:20","guid":{"rendered":"https:\/\/dolcelahulpegifts.duckdns.org\/?post_type=product&#038;p=3790"},"modified":"2026-01-02T11:07:06","modified_gmt":"2026-01-02T10:07:06","slug":"soin-massage-sublime-du-bola","status":"publish","type":"product","link":"https:\/\/dolcelahulpegifts.be\/fr\/product\/soin-massage-sublime-du-bola\/","title":{"rendered":"Soin Massage Sublime du Bola"},"content":{"rendered":"<h6>Soin Massage Sublime du Bola<\/h6>\n<ul>\n<li>Le Soin Massage Sublime du Bola, v\u00e9ritable soin personnalis\u00e9 qui s\u2019adapte aux diff\u00e9rentes \u00e9tapes de la grossesse, est h\u00e9rit\u00e9 du savoir des femmes du monde qui aide \u00e0 mieux accueillir son corps par le toucher.\u00a0Gr\u00e2ce \u00e0 des lissages doux, Il permet de d\u00e9tendre profond\u00e9ment le corps en transformation durant cette p\u00e9riode.<\/li>\n<\/ul>\n<p>&nbsp;<\/p>\n<ul>\n<li>Tout au long du protocole, une attention particuli\u00e8re est apport\u00e9e au confort de la femme enceinte gr\u00e2ce aux diff\u00e9rents coussins ergonomiques, \u00e0 la pression exerc\u00e9e et aux notes parfum\u00e9es d\u00e9licates utilis\u00e9es.<\/li>\n<\/ul>\n<p>&nbsp;<\/p>\n<ul>\n<li>Le soin d\u00e9bute par un massage du dos en position assise en fonction du stade d\u2019avanc\u00e9e de la grossesse et se poursuit en position allong\u00e9e sur le dos. Il est effectu\u00e9 avec l\u2019Huile Sublime chauff\u00e9e, compos\u00e9e du complexe de Mono\u00ef de Tahiti et de Noni, suivie d\u2019une application du Baume Sublime onctueux, qui va nourrir et r\u00e9g\u00e9n\u00e9rer en profondeur la peau. Les deux produits utilis\u00e9s sont certifi\u00e9s biologique pour un soin du corps tout en douceur pour les peaux les plus sensibles.<\/li>\n<\/ul>\n<p>&nbsp;<\/p>\n<ul>\n<li>Pour la zone particuli\u00e8re du ventre, un massage signature au Bola &#8211; balles massantes sonores, utilis\u00e9es dans les m\u00e9decines orientales pour harmoniser le corps et stimuler les zones r\u00e9flexologiques, est r\u00e9alis\u00e9. Lors du 2\u00e8me trimestre de la grossesse, l\u2019ou\u00efe du futur b\u00e9b\u00e9 se d\u00e9veloppe. Gr\u00e2ce \u00e0 la d\u00e9licate sonorit\u00e9 du Bola, il est ainsi possible d\u2019entrer en contact avec l\u2019enfant \u00e0 na\u00eetre, l\u2019apaiser et stimuler son d\u00e9veloppement. Une fois n\u00e9, cette sonorit\u00e9 continuera \u00e0 le calmer et le rassurer.<\/li>\n<\/ul>\n<p>&nbsp;<\/p>\n<ul>\n<li>Le Soin Massage Sublime du Bola est un v\u00e9ritable soin r\u00e9g\u00e9n\u00e9rant pour la future maman qui permet de d\u00e9lier les zones de tension, retrouver un corps d\u00e9tendu et l\u00e9ger et apaiser l\u2019esprit dans cette p\u00e9riode o\u00f9 le cerveau re\u00e7oit un apport accru d\u2019oxyg\u00e8ne. Il est \u00e9galement un doux moment de connexion avec le futur b\u00e9b\u00e9.<\/li>\n<\/ul>\n<p>Ce Rituel de Soins se d\u00e9cline en <strong>2 formules<\/strong> :<\/p>\n<ul>\n<li><em><strong>Le soin <a href=\"https:\/\/2486634c787a971a3554-d983ce57e4c84901daded0f67d5a004f.ssl.cf1.rackcdn.com\/_wyndham-dolce\/media\/bola-fr-6387d2119d7ad.pdf\" target=\"_blank\" rel=\"noopener\">\u00ab\u00a0Massage Sublime du Bola (50 min)\u00a0\u00bb<\/a><\/strong><\/em> : <strong>135\u20ac<\/strong><\/li>\n<li><em><strong>Le <a href=\"https:\/\/2486634c787a971a3554-d983ce57e4c84901daded0f67d5a004f.ssl.cf1.rackcdn.com\/_wyndham-dolce\/media\/bola-fr-6387d2119d7ad.pdf\" target=\"_blank\" rel=\"noopener\">\u00ab\u00a0Grand Rituel Sublime du Bola\u00a0\u00bb<\/a><\/strong><\/em> avec Gommage Sublime au Mono\u00ef de Tahiti + Massage Sublime du Bola (1h20) : <strong>200\u20ac<\/strong><\/li>\n<\/ul>\n<p>Ce massage peut \u00eatre prodigu\u00e9 \u00e0 partir du second trimestre de grossesse.<\/p>\n","protected":false},"excerpt":{"rendered":"<p><a href=\"https:\/\/dolcelahulpegifts.be\/fr\/\">Cinq Mondes<\/a> propose aux femmes enceintes une exp\u00e9rience unique et in\u00e9dite de l\u00e2cher-prise sp\u00e9cialement con\u00e7ue pour la grossesse. <a href=\"https:\/\/2486634c787a971a3554-d983ce57e4c84901daded0f67d5a004f.ssl.cf1.rackcdn.com\/_wyndham-dolce\/media\/bola-fr-6387d2119d7ad.pdf\">Le Soin Massage Sublime du Bola<\/a> s\u2019inspire de traditions ancestrales polyn\u00e9siennes.<\/p>\n<p>&nbsp;<\/p>\n","protected":false},"featured_media":17451,"template":"","meta":[],"product_brand":[],"product_cat":[53,113],"product_tag":[172,174,175,173],"class_list":{"0":"post-3790","1":"product","2":"type-product","3":"status-publish","4":"has-post-thumbnail","6":"product_cat-experiences-spa","7":"product_cat-en-solo","8":"product_tag-cadeau","9":"product_tag-femme-enceinte","10":"product_tag-grossesse","11":"product_tag-massage","13":"first","14":"instock","15":"sold-individually","16":"taxable","17":"shipping-taxable","18":"purchasable","19":"product-type-variable","20":"has-default-attributes"},"_links":{"self":[{"href":"https:\/\/dolcelahulpegifts.be\/fr\/wp-json\/wp\/v2\/product\/3790","targetHints":{"allow":["GET"]}}],"collection":[{"href":"https:\/\/dolcelahulpegifts.be\/fr\/wp-json\/wp\/v2\/product"}],"about":[{"href":"https:\/\/dolcelahulpegifts.be\/fr\/wp-json\/wp\/v2\/types\/product"}],"version-history":[{"count":2,"href":"https:\/\/dolcelahulpegifts.be\/fr\/wp-json\/wp\/v2\/product\/3790\/revisions"}],"predecessor-version":[{"id":18555,"href":"https:\/\/dolcelahulpegifts.be\/fr\/wp-json\/wp\/v2\/product\/3790\/revisions\/18555"}],"wp:featuredmedia":[{"embeddable":true,"href":"https:\/\/dolcelahulpegifts.be\/fr\/wp-json\/wp\/v2\/media\/17451"}],"wp:attachment":[{"href":"https:\/\/dolcelahulpegifts.be\/fr\/wp-json\/wp\/v2\/media?parent=3790"}],"wp:term":[{"taxonomy":"product_brand","embeddable":true,"href":"https:\/\/dolcelahulpegifts.be\/fr\/wp-json\/wp\/v2\/product_brand?post=3790"},{"taxonomy":"product_cat","embeddable":true,"href":"https:\/\/dolcelahulpegifts.be\/fr\/wp-json\/wp\/v2\/product_cat?post=3790"},{"taxonomy":"product_tag","embeddable":true,"href":"https:\/\/dolcelahulpegifts.be\/fr\/wp-json\/wp\/v2\/product_tag?post=3790"}],"curies":[{"name":"wp","href":"https:\/\/api.w.org\/{rel}","templated":true}]}}