{"id":3806,"date":"2022-06-10T12:00:09","date_gmt":"2022-06-10T10:00:09","guid":{"rendered":"https:\/\/dolcelahulpegifts.duckdns.org\/?post_type=product&#038;p=3806"},"modified":"2026-01-02T10:53:21","modified_gmt":"2026-01-02T09:53:21","slug":"abonnement-decouverte-au-spa-cinq-mondes","status":"publish","type":"product","link":"https:\/\/dolcelahulpegifts.be\/fr\/product\/abonnement-decouverte-au-spa-cinq-mondes\/","title":{"rendered":"Abonnement D\u00e9couverte au Spa Cinq Mondes"},"content":{"rendered":"<p>L&rsquo;Abonnement D\u00e9couverte\u00a0 au Spa Cinq Mondes vous donne droit \u00e0 de multiples avantages tels que :<\/p>\n<ul>\n<li>Choix de la praticienne de soins<\/li>\n<li>Offre de renouvellement d&rsquo;abonnement et de pairrainage*<\/li>\n<li>Salle VIP Double offerte<\/li>\n<li>1 Hammam Traditionnel offert<\/li>\n<li>Remise de 5% sur les soins et les produits<\/li>\n<\/ul>\n<p>Valeur de l&rsquo;abonnement : 640\u20ac<br \/>\nValidit\u00e9: 1 an<\/p>\n<p>* Cinq Mondes vous offre lors du renouvellement de votre abonnement ou d&rsquo;un parrainage pour un abonnement Spa D\u00e9couverte, un produit de la gamme aromacologie.<\/p>\n","protected":false},"excerpt":{"rendered":"<p>L\u2019abonnement D\u00e9couverte au Spa Cinq Mondes offre un \u00e9quivalent de 5 s\u00e9ances de 50min de soins au Spa du Dolce La Hulpe Brussels, ouvert 7 jours sur 7.<\/p>\n","protected":false},"featured_media":10066,"template":"","meta":[],"product_brand":[],"product_cat":[54,113,53,144],"product_tag":[],"class_list":{"0":"post-3806","1":"product","2":"type-product","3":"status-publish","4":"has-post-thumbnail","6":"product_cat-abonnements","7":"product_cat-en-solo","8":"product_cat-experiences-spa","9":"product_cat-spa","11":"first","12":"instock","13":"sold-individually","14":"taxable","15":"shipping-taxable","16":"purchasable","17":"product-type-variable","18":"has-default-attributes"},"_links":{"self":[{"href":"https:\/\/dolcelahulpegifts.be\/fr\/wp-json\/wp\/v2\/product\/3806","targetHints":{"allow":["GET"]}}],"collection":[{"href":"https:\/\/dolcelahulpegifts.be\/fr\/wp-json\/wp\/v2\/product"}],"about":[{"href":"https:\/\/dolcelahulpegifts.be\/fr\/wp-json\/wp\/v2\/types\/product"}],"version-history":[{"count":4,"href":"https:\/\/dolcelahulpegifts.be\/fr\/wp-json\/wp\/v2\/product\/3806\/revisions"}],"predecessor-version":[{"id":18554,"href":"https:\/\/dolcelahulpegifts.be\/fr\/wp-json\/wp\/v2\/product\/3806\/revisions\/18554"}],"wp:featuredmedia":[{"embeddable":true,"href":"https:\/\/dolcelahulpegifts.be\/fr\/wp-json\/wp\/v2\/media\/10066"}],"wp:attachment":[{"href":"https:\/\/dolcelahulpegifts.be\/fr\/wp-json\/wp\/v2\/media?parent=3806"}],"wp:term":[{"taxonomy":"product_brand","embeddable":true,"href":"https:\/\/dolcelahulpegifts.be\/fr\/wp-json\/wp\/v2\/product_brand?post=3806"},{"taxonomy":"product_cat","embeddable":true,"href":"https:\/\/dolcelahulpegifts.be\/fr\/wp-json\/wp\/v2\/product_cat?post=3806"},{"taxonomy":"product_tag","embeddable":true,"href":"https:\/\/dolcelahulpegifts.be\/fr\/wp-json\/wp\/v2\/product_tag?post=3806"}],"curies":[{"name":"wp","href":"https:\/\/api.w.org\/{rel}","templated":true}]}}