{"id":3822,"date":"2022-06-10T18:03:38","date_gmt":"2022-06-10T16:03:38","guid":{"rendered":"https:\/\/dolcelahulpegifts.duckdns.org\/?post_type=product&#038;p=3822"},"modified":"2026-01-05T11:19:36","modified_gmt":"2026-01-05T10:19:36","slug":"abonnement-hetre-1-an-dolce-zen-club","status":"publish","type":"product","link":"https:\/\/dolcelahulpegifts.be\/fr\/product\/abonnement-hetre-1-an-dolce-zen-club\/","title":{"rendered":"Abonnement d&rsquo;un an au Dolce Zen Club &#8211; H\u00eatre"},"content":{"rendered":"<p>Le Dolce by Wyndham La Hulpe Brussels offre en un seul et m\u00eame lieu, de nombreuses possibilit\u00e9s pour se ressourcer en profondeur au contact d\u2019une nature enveloppante.<\/p>\n<p>Avec l&rsquo; abonnement H\u00eatre au Dolce Zen Club, vous aurez acc\u00e8s pendant un an, en semaine et le week-end \u00e0 :<\/p>\n<ul>\n<li>Espace fitness,<\/li>\n<li>Cours collectifs d\u2019aquagym,<\/li>\n<li>Cours collectifs de Yoga et Pilates dispens\u00e9s en ext\u00e9rieur d\u00e8s que le temps le permet,<\/li>\n<li>Piscine int\u00e9rieure avec terrasse, sauna et hammam tous les jours de 6h \u00e0 23h<\/li>\n<li>Parcours sant\u00e9 en for\u00eat,<\/li>\n<li>Circuits p\u00e9destres et cyclistes au d\u00e9part de l\u2019h\u00f4tel avec pr\u00eat de v\u00e9lo,<\/li>\n<\/ul>\n","protected":false},"excerpt":{"rendered":"<p>Cet abonnement d&rsquo;un an donne acc\u00e8s \u00e0 la piscine int\u00e9rieure, sauna, hammam tous les jours de 6h \u00e0 23h ainsi qu&rsquo; \u00e0 la salle de fitness et \u00e0 tous les cours collectifs. Ces activit\u00e9s n&rsquo;incluent pas de soins et massages au Spa Cinq Mondes.<\/p>\n","protected":false},"featured_media":3823,"template":"","meta":[],"product_brand":[],"product_cat":[54,113],"product_tag":[],"class_list":{"0":"post-3822","1":"product","2":"type-product","3":"status-publish","4":"has-post-thumbnail","6":"product_cat-abonnements","7":"product_cat-en-solo","9":"first","10":"instock","11":"sold-individually","12":"taxable","13":"shipping-taxable","14":"purchasable","15":"product-type-variable","16":"has-default-attributes"},"_links":{"self":[{"href":"https:\/\/dolcelahulpegifts.be\/fr\/wp-json\/wp\/v2\/product\/3822","targetHints":{"allow":["GET"]}}],"collection":[{"href":"https:\/\/dolcelahulpegifts.be\/fr\/wp-json\/wp\/v2\/product"}],"about":[{"href":"https:\/\/dolcelahulpegifts.be\/fr\/wp-json\/wp\/v2\/types\/product"}],"version-history":[{"count":1,"href":"https:\/\/dolcelahulpegifts.be\/fr\/wp-json\/wp\/v2\/product\/3822\/revisions"}],"predecessor-version":[{"id":16428,"href":"https:\/\/dolcelahulpegifts.be\/fr\/wp-json\/wp\/v2\/product\/3822\/revisions\/16428"}],"wp:featuredmedia":[{"embeddable":true,"href":"https:\/\/dolcelahulpegifts.be\/fr\/wp-json\/wp\/v2\/media\/3823"}],"wp:attachment":[{"href":"https:\/\/dolcelahulpegifts.be\/fr\/wp-json\/wp\/v2\/media?parent=3822"}],"wp:term":[{"taxonomy":"product_brand","embeddable":true,"href":"https:\/\/dolcelahulpegifts.be\/fr\/wp-json\/wp\/v2\/product_brand?post=3822"},{"taxonomy":"product_cat","embeddable":true,"href":"https:\/\/dolcelahulpegifts.be\/fr\/wp-json\/wp\/v2\/product_cat?post=3822"},{"taxonomy":"product_tag","embeddable":true,"href":"https:\/\/dolcelahulpegifts.be\/fr\/wp-json\/wp\/v2\/product_tag?post=3822"}],"curies":[{"name":"wp","href":"https:\/\/api.w.org\/{rel}","templated":true}]}}