{"id":3825,"date":"2022-06-10T18:11:15","date_gmt":"2022-06-10T16:11:15","guid":{"rendered":"https:\/\/dolcelahulpegifts.duckdns.org\/?post_type=product&#038;p=3825"},"modified":"2026-01-05T11:22:57","modified_gmt":"2026-01-05T10:22:57","slug":"carte-de-15-seances-au-dolce-zen-club","status":"publish","type":"product","link":"https:\/\/dolcelahulpegifts.be\/fr\/product\/carte-de-15-seances-au-dolce-zen-club\/","title":{"rendered":"Carte de 15 s\u00e9ances au Dolce Zen Club"},"content":{"rendered":"<p>Le Dolce by Wyndham La Hulpe Brussels offre en un seul et m\u00eame lieu, de nombreuses possibilit\u00e9s pour se ressourcer en profondeur au contact d\u2019une nature enveloppante.<\/p>\n<p>Avec la carte de 15 s\u00e9ances au Dolce Zen Club, vous aurez acc\u00e8s aux activit\u00e9s bien-\u00eatre du Dolce Zen Club, pendant 6 mois, en semaine uniquement, c&rsquo;est \u00e0 dire :<\/p>\n<ul>\n<li>Espace fitness,<\/li>\n<li>Cours collectifs d\u2019aquagym,<\/li>\n<li>Cours collectifs de Yoga et Pilates dispens\u00e9s en ext\u00e9rieur d\u00e8s que le temps le permet,<\/li>\n<li>Piscine int\u00e9rieure avec terrasse, sauna et hammam de 6h \u00e0 23h<\/li>\n<li>Parcours sant\u00e9 en for\u00eat,<\/li>\n<li>Circuits p\u00e9destres et cyclistes au d\u00e9part de l\u2019h\u00f4tel avec pr\u00eat de v\u00e9lo,<\/li>\n<\/ul>\n<p>&nbsp;<\/p>\n<p>&nbsp;<\/p>\n","protected":false},"excerpt":{"rendered":"<p>Carte donnant acc\u00e8s aux activit\u00e9s bien-\u00eatre du Dolce Zen Club, valable pendant 6 mois en semaine uniquement.\u00a0 Ces activit\u00e9s n&rsquo;incluent pas de soins et massages au Spa Cinq Mondes.<\/p>\n","protected":false},"featured_media":3826,"template":"","meta":[],"product_brand":[],"product_cat":[54,113],"product_tag":[],"class_list":{"0":"post-3825","1":"product","2":"type-product","3":"status-publish","4":"has-post-thumbnail","6":"product_cat-abonnements","7":"product_cat-en-solo","9":"first","10":"instock","11":"sold-individually","12":"taxable","13":"shipping-taxable","14":"purchasable","15":"product-type-variable","16":"has-default-attributes"},"_links":{"self":[{"href":"https:\/\/dolcelahulpegifts.be\/fr\/wp-json\/wp\/v2\/product\/3825","targetHints":{"allow":["GET"]}}],"collection":[{"href":"https:\/\/dolcelahulpegifts.be\/fr\/wp-json\/wp\/v2\/product"}],"about":[{"href":"https:\/\/dolcelahulpegifts.be\/fr\/wp-json\/wp\/v2\/types\/product"}],"version-history":[{"count":1,"href":"https:\/\/dolcelahulpegifts.be\/fr\/wp-json\/wp\/v2\/product\/3825\/revisions"}],"predecessor-version":[{"id":16427,"href":"https:\/\/dolcelahulpegifts.be\/fr\/wp-json\/wp\/v2\/product\/3825\/revisions\/16427"}],"wp:featuredmedia":[{"embeddable":true,"href":"https:\/\/dolcelahulpegifts.be\/fr\/wp-json\/wp\/v2\/media\/3826"}],"wp:attachment":[{"href":"https:\/\/dolcelahulpegifts.be\/fr\/wp-json\/wp\/v2\/media?parent=3825"}],"wp:term":[{"taxonomy":"product_brand","embeddable":true,"href":"https:\/\/dolcelahulpegifts.be\/fr\/wp-json\/wp\/v2\/product_brand?post=3825"},{"taxonomy":"product_cat","embeddable":true,"href":"https:\/\/dolcelahulpegifts.be\/fr\/wp-json\/wp\/v2\/product_cat?post=3825"},{"taxonomy":"product_tag","embeddable":true,"href":"https:\/\/dolcelahulpegifts.be\/fr\/wp-json\/wp\/v2\/product_tag?post=3825"}],"curies":[{"name":"wp","href":"https:\/\/api.w.org\/{rel}","templated":true}]}}