{"id":4515,"date":"2022-06-24T12:18:39","date_gmt":"2022-06-24T10:18:39","guid":{"rendered":"https:\/\/dolcelahulpegifts.duckdns.org\/?post_type=product&#038;p=4515"},"modified":"2026-01-06T14:45:30","modified_gmt":"2026-01-06T13:45:30","slug":"baume-fondant-aux-noix-tropicales","status":"publish","type":"product","link":"https:\/\/dolcelahulpegifts.be\/fr\/product\/baume-fondant-aux-noix-tropicales\/","title":{"rendered":"Baume fondant aux noix tropicales (200ml)"},"content":{"rendered":"<p style=\"text-align: left;\"><strong>Le Baume Fondant aux Noix Tropicales\u00ae<\/strong> est un baume nourrissant et r\u00e9g\u00e9n\u00e9rant adapt\u00e9 d\u2019une recette traditionnellement utilis\u00e9e dans le Royaume du Siam pour redonner douceur et \u00e9clat \u00e0 la peau. Cette formule \u00e0 base d\u2019Huile de Tamanu, de Noix de Coco et de K\u00e9miri a une texture tr\u00e8s originale, ferme dans un premier temps, puis fondante au contact de la peau.<br \/>\nLa peau est imm\u00e9diatement nourrie en profondeur et elle retrouve son aspect satin\u00e9 et \u00e9clatant.<\/p>\n<p style=\"text-align: left;\"><strong>Conseils d&rsquo;utilisation<\/strong> : Prenez avec la pulpe des doigts une noix de Baume Fondant.<br \/>\nR\u00e9chauffez en frottant les deux mains, paume contre paume. Appliquez\u00a0<strong>le Baume Fondant aux Noix Tropicales\u00ae<\/strong>\u00a0en mouvements circulaires, sur l&rsquo;ensemble de votre corps, en insistant sur les zones s\u00e8ches. La peau est imm\u00e9diatement nourrie en profondeur et elle retrouve son aspect satin\u00e9 et \u00e9clatant.<\/p>\n<p style=\"text-align: left;\"><strong>Ingr\u00e9dients<\/strong> : Propylene Glycol Dicaprylate\/Dicaprate, Macadamia Integrifolia Seed Oil, Ricinus Communis (Castor) Seed Oil, Candelilla Cera, Cera Alba (Beeswax), Stearyl Beeswax, Behenyl Beeswax, Parfum (Fragrance), Hydrogenated Castor Oil, Tocopheryl Acetate, Aleurites Moluccana (Kukui) Seed Oil, Cocos Nucifera (Coconut) Oil, Calophyllum Inophyllum (Alexandrian Laurel) Seed Oil, Tocopherol, Copernicia Cerifera Cera (Copernicia Cerifera (Carnauba) Wax), Helianthus Annuus (Sunflower) Seed Oil, Geraniol, Citral, Limonene, Citronellol, Linalool, Beta-Carotene, Daucus Carota Sativa (Carrot) Seed Oil, Daucus Carota Sativa (Carrot) Root Extract, Ascorbyl Palmitate.<\/p>\n","protected":false},"excerpt":{"rendered":"<div class=\"product-desc\">\n<div class=\"cms-content cms-view-more-content\">\n<div class=\"product attribute overview\">\n<div class=\"value\">Ce baume hydratant pour le corps \u00e0 la texture onctueuse laisse la peau satin\u00e9e et \u00e9clatante, profond\u00e9ment nourrie.<\/div>\n<div><\/div>\n<\/div>\n<\/div>\n<\/div>\n<div class=\"attribut-list skin-type\">\n<div class=\"label\">TYPE DE PEAU : Tous types de peaux<\/div>\n<div><\/div>\n<\/div>\n<div class=\"attribut-list concerns\">\n<div class=\"label\">PREOCCUPATIONS : D\u00e9shydratation<\/div>\n<\/div>\n","protected":false},"featured_media":4516,"template":"","meta":[],"product_brand":[],"product_cat":[15],"product_tag":[],"class_list":{"0":"post-4515","1":"product","2":"type-product","3":"status-publish","4":"has-post-thumbnail","6":"product_cat-non-classee","8":"first","9":"instock","10":"taxable","11":"shipping-taxable","12":"purchasable","13":"product-type-simple"},"_links":{"self":[{"href":"https:\/\/dolcelahulpegifts.be\/fr\/wp-json\/wp\/v2\/product\/4515","targetHints":{"allow":["GET"]}}],"collection":[{"href":"https:\/\/dolcelahulpegifts.be\/fr\/wp-json\/wp\/v2\/product"}],"about":[{"href":"https:\/\/dolcelahulpegifts.be\/fr\/wp-json\/wp\/v2\/types\/product"}],"version-history":[{"count":4,"href":"https:\/\/dolcelahulpegifts.be\/fr\/wp-json\/wp\/v2\/product\/4515\/revisions"}],"predecessor-version":[{"id":17187,"href":"https:\/\/dolcelahulpegifts.be\/fr\/wp-json\/wp\/v2\/product\/4515\/revisions\/17187"}],"wp:featuredmedia":[{"embeddable":true,"href":"https:\/\/dolcelahulpegifts.be\/fr\/wp-json\/wp\/v2\/media\/4516"}],"wp:attachment":[{"href":"https:\/\/dolcelahulpegifts.be\/fr\/wp-json\/wp\/v2\/media?parent=4515"}],"wp:term":[{"taxonomy":"product_brand","embeddable":true,"href":"https:\/\/dolcelahulpegifts.be\/fr\/wp-json\/wp\/v2\/product_brand?post=4515"},{"taxonomy":"product_cat","embeddable":true,"href":"https:\/\/dolcelahulpegifts.be\/fr\/wp-json\/wp\/v2\/product_cat?post=4515"},{"taxonomy":"product_tag","embeddable":true,"href":"https:\/\/dolcelahulpegifts.be\/fr\/wp-json\/wp\/v2\/product_tag?post=4515"}],"curies":[{"name":"wp","href":"https:\/\/api.w.org\/{rel}","templated":true}]}}