{"id":4518,"date":"2022-06-24T12:23:24","date_gmt":"2022-06-24T10:23:24","guid":{"rendered":"https:\/\/dolcelahulpegifts.duckdns.org\/?post_type=product&#038;p=4518"},"modified":"2026-01-06T14:45:07","modified_gmt":"2026-01-06T13:45:07","slug":"baume-sublime","status":"publish","type":"product","link":"https:\/\/dolcelahulpegifts.be\/fr\/product\/baume-sublime\/","title":{"rendered":"Baume sublime\u00ae (200ml)"},"content":{"rendered":"<p style=\"text-align: left;\">Ce baume r\u00e9parateur est particuli\u00e8rement adapt\u00e9 aux peaux s\u00e8ches, gr\u00e2ce aux vertus nutritives et protectrices des huiles sacr\u00e9es de Noni et du Mono\u00ef de Tahiti.Sa texture fondante p\u00e9n\u00e8tre rapidement, sans effet gras, pour laisser sur la peau un fini velout\u00e9.<br \/>\nLa peau est sublim\u00e9e, nourrie et d\u00e9licatement parfum\u00e9e.<\/p>\n<p style=\"text-align: left;\"><strong>Conseils d&rsquo;utilisation<\/strong> : Apr\u00e8s nettoyage de peau, les soins hydratants sont indispensables pour retrouver une peau douce et satin\u00e9e. Appliquez le Baume Sublime\u00ae en mouvements circulaires, sur l&rsquo;ensemble de votre corps, en insistant sur les zones s\u00e8ches. Les nacres naturelles du Baume Sublime\u00ae r\u00e9v\u00e8lent l\u2019\u00e9clat de la peau : id\u00e9al pour rayonner pendant les soir\u00e9es d\u2019\u00e9t\u00e9 ! La peau est sublim\u00e9e, nourrie et d\u00e9licatement parfum\u00e9e.<\/p>\n<p style=\"text-align: left;\"><strong>Ingr\u00e9dients<\/strong> : Helianthus Annuus (Sunflower) Seed Oil, Caprylic\/Capric Triglyceride, C10-18 Triglycerides, Cera Alba (Beeswax)*, Stearic Acid, Palmitic Acid, Arachidyl Alcohol, Ricinus Communis (Castor) Seed Oil*, Behenyl Alcohol, Oryza Sativa (Rice) Powder*, Parfum (Fragrance), Arachidyl Glucoside, Limonene, Butyrospermum Parkii (Shea) Butter*, Cocos Nucifera (Coconut) Oil, Tocopherol, Mica, Ci 77891 (Titanium Dioxide), Glucose, Ci 77491 (Iron Oxides), Aqua (Water), Geraniol, Citral, Gardenia Tahitensis (Tiare) Flower, Morinda Citrifolia Leaf Extract, Linalool, Benzyl Benzoate, Farnesol, Benzyl Salicylate.*Ingr\u00e9dients issus de l\u2019agriculture biologique \/ Ingredients from organic farming **Transform\u00e9 \u00e0 partir d&rsquo;ingr\u00e9dients biologiques \/ Made using organic ingredients<\/p>\n","protected":false},"excerpt":{"rendered":"<div class=\"product-desc\">\n<div class=\"cms-content cms-view-more-content\">\n<div class=\"product attribute overview\">\n<div class=\"value\">Baume nourrissant et protecteur certifi\u00e9 bio, particuli\u00e8rement adapt\u00e9 aux peaux s\u00e8ches \u00e0 base d&rsquo;huiles de Noni et de Mono\u00ef.<\/div>\n<\/div>\n<\/div>\n<\/div>\n<div class=\"attribut-list skin-type\">\n<div><\/div>\n<div class=\"label\">TYPE DE PEAU : Peaux s\u00e8ches<\/div>\n<\/div>\n<div class=\"attribut-list concerns\">\n<div><\/div>\n<div class=\"label\">PREOCCUPATIONS : D\u00e9shydratation<\/div>\n<\/div>\n","protected":false},"featured_media":4519,"template":"","meta":[],"product_brand":[],"product_cat":[103],"product_tag":[],"class_list":{"0":"post-4518","1":"product","2":"type-product","3":"status-publish","4":"has-post-thumbnail","6":"product_cat-produits-corps-cinq-mondes","8":"first","9":"instock","10":"taxable","11":"shipping-taxable","12":"purchasable","13":"product-type-simple"},"_links":{"self":[{"href":"https:\/\/dolcelahulpegifts.be\/fr\/wp-json\/wp\/v2\/product\/4518","targetHints":{"allow":["GET"]}}],"collection":[{"href":"https:\/\/dolcelahulpegifts.be\/fr\/wp-json\/wp\/v2\/product"}],"about":[{"href":"https:\/\/dolcelahulpegifts.be\/fr\/wp-json\/wp\/v2\/types\/product"}],"version-history":[{"count":4,"href":"https:\/\/dolcelahulpegifts.be\/fr\/wp-json\/wp\/v2\/product\/4518\/revisions"}],"predecessor-version":[{"id":17180,"href":"https:\/\/dolcelahulpegifts.be\/fr\/wp-json\/wp\/v2\/product\/4518\/revisions\/17180"}],"wp:featuredmedia":[{"embeddable":true,"href":"https:\/\/dolcelahulpegifts.be\/fr\/wp-json\/wp\/v2\/media\/4519"}],"wp:attachment":[{"href":"https:\/\/dolcelahulpegifts.be\/fr\/wp-json\/wp\/v2\/media?parent=4518"}],"wp:term":[{"taxonomy":"product_brand","embeddable":true,"href":"https:\/\/dolcelahulpegifts.be\/fr\/wp-json\/wp\/v2\/product_brand?post=4518"},{"taxonomy":"product_cat","embeddable":true,"href":"https:\/\/dolcelahulpegifts.be\/fr\/wp-json\/wp\/v2\/product_cat?post=4518"},{"taxonomy":"product_tag","embeddable":true,"href":"https:\/\/dolcelahulpegifts.be\/fr\/wp-json\/wp\/v2\/product_tag?post=4518"}],"curies":[{"name":"wp","href":"https:\/\/api.w.org\/{rel}","templated":true}]}}