{"id":4525,"date":"2022-06-24T12:27:18","date_gmt":"2022-06-24T10:27:18","guid":{"rendered":"https:\/\/dolcelahulpegifts.duckdns.org\/?post_type=product&#038;p=4525"},"modified":"2026-01-06T14:44:47","modified_gmt":"2026-01-06T13:44:47","slug":"creme-pieds-tendres","status":"publish","type":"product","link":"https:\/\/dolcelahulpegifts.be\/fr\/product\/creme-pieds-tendres\/","title":{"rendered":"Cr\u00e8me pieds tendres\u00ae (75ml)"},"content":{"rendered":"<p style=\"text-align: left;\">Inspir\u00e9 d\u2019une recette ancestrale utilis\u00e9e par les paysans des rizi\u00e8res pour prot\u00e9ger leurs pieds, Cinq Mondes a mis au point la Cr\u00e8me Pieds Tendres\u00ae qui contient des ingr\u00e9dients phares de la Pharmacop\u00e9e chinoise :<\/p>\n<p style=\"text-align: left;\">le Bambou qui stimule la synth\u00e8se de collag\u00e8ne.<br \/>\nl\u2019Arnica et le Menthol pour rafra\u00eechir et tonifier.<br \/>\nle Karit\u00e9 associ\u00e9 \u00e0 des extraits biologiques d\u2019Aloe Vera pour une hydratation optimale des couches sup\u00e9rieures de l&rsquo;\u00e9piderme.<br \/>\nL\u2019\u00e9piderme des pieds redevient souple et confortable, sans aucun film gras. Id\u00e9al pour les pieds secs.<\/p>\n<p style=\"text-align: left;\"><strong>Conseils d&rsquo;utilisation<\/strong> :<\/p>\n<p style=\"text-align: left;\">Commencez par un bain de pieds de 10 min dans l&rsquo;eau chaude, puis s\u00e9chez et appliquez la Cr\u00e8me Pieds Tendres\u00ae en massant avec de petits mouvements circulaires.<\/p>\n<p style=\"text-align: left;\">Astuce pour des pieds parfaits: gommez vos pieds avec le Gommage Aromatique aux Epices et le Gant de Kassa, puis appliquez la Cr\u00e8me Pieds Tendres\u00ae en masque. Glissez vos pieds dans des chaussettes et laissez poser toute la nuit.<\/p>\n<p style=\"text-align: left;\">Pour garantir une s\u00e9curit\u00e9 plus que maximale, ce produit est contre-indiqu\u00e9 pour les femmes enceintes car il poss\u00e8de une forte concentration en menthol (puissant actif rafra\u00eechissant et apaisant).<\/p>\n<p style=\"text-align: left;\"><strong>Ingr\u00e9dients<\/strong> : Aqua (Water), Butyrospermum Parkii (Sheabutter), Coco-Caprylate\/Caprate, Caprylic\/Capric Triglyceride, Alcohol Denat., Cocoglycerides, Pentylene Glycol, Glycol Palmitate, Cetearyl Alcohol, Glycerin, Hydroxyethyl Urea, Oryza Sativa (Rice) Powder, Arachidyl Alcohol, Peg-100 Stearate, Glyceryl Stearate, Propylene Glycol, Parfum (Fragrance), Menthol, Behenyl Alcohol, Ceteareth-20, Chlorphenesin, Tocopheryl Acetate, Arachidyl Glucoside, Tromethamine, Carbomer, Camphor, Glycol, Disodium Edta, Urea, Ammonium Lactate, Palmitic Acid, Limonene, Linalool, Hexyl Cinnamal, Ethanolamine, Hydroxycitronellal, Arnica Montana (Arnica) Flower Extract, Citric Acid, Coumarin, Alpha-Isomethyl Ionone, Geraniol, Citronellol, Bambusa Vulgaris (Bamboo) Leaf Extract, Glucose, Citral, Sodium Benzoate, Aloe Barbadensis (Aloe) Leaf Extract, Potassium Sorbate, Eugenol, Cinnamal.<\/p>\n","protected":false},"excerpt":{"rendered":"<div class=\"product-desc\">\n<div class=\"cms-content cms-view-more-content cms-collapsed\">\n<div class=\"product attribute overview\">\n<div class=\"value\">\n<p>Cr\u00e8me \u00e0 la texture fra\u00eeche pour prot\u00e9ger, nourrir et r\u00e9parer les pieds d\u00e9shydrat\u00e9s et secs.<\/p>\n<p><b>\u00c0 ne pas utiliser si vous \u00eates enceinte ou allaitante.<\/b><\/p>\n<\/div>\n<\/div>\n<\/div>\n<\/div>\n<div class=\"attribut-list skin-type\">\n<div><\/div>\n<div class=\"label\"><strong>TYPE DE PEAU<\/strong> : Tous types de peaux<\/div>\n<\/div>\n","protected":false},"featured_media":4526,"template":"","meta":[],"product_brand":[],"product_cat":[103],"product_tag":[],"class_list":{"0":"post-4525","1":"product","2":"type-product","3":"status-publish","4":"has-post-thumbnail","6":"product_cat-produits-corps-cinq-mondes","8":"first","9":"instock","10":"taxable","11":"shipping-taxable","12":"purchasable","13":"product-type-simple"},"_links":{"self":[{"href":"https:\/\/dolcelahulpegifts.be\/fr\/wp-json\/wp\/v2\/product\/4525","targetHints":{"allow":["GET"]}}],"collection":[{"href":"https:\/\/dolcelahulpegifts.be\/fr\/wp-json\/wp\/v2\/product"}],"about":[{"href":"https:\/\/dolcelahulpegifts.be\/fr\/wp-json\/wp\/v2\/types\/product"}],"version-history":[{"count":4,"href":"https:\/\/dolcelahulpegifts.be\/fr\/wp-json\/wp\/v2\/product\/4525\/revisions"}],"predecessor-version":[{"id":17186,"href":"https:\/\/dolcelahulpegifts.be\/fr\/wp-json\/wp\/v2\/product\/4525\/revisions\/17186"}],"wp:featuredmedia":[{"embeddable":true,"href":"https:\/\/dolcelahulpegifts.be\/fr\/wp-json\/wp\/v2\/media\/4526"}],"wp:attachment":[{"href":"https:\/\/dolcelahulpegifts.be\/fr\/wp-json\/wp\/v2\/media?parent=4525"}],"wp:term":[{"taxonomy":"product_brand","embeddable":true,"href":"https:\/\/dolcelahulpegifts.be\/fr\/wp-json\/wp\/v2\/product_brand?post=4525"},{"taxonomy":"product_cat","embeddable":true,"href":"https:\/\/dolcelahulpegifts.be\/fr\/wp-json\/wp\/v2\/product_cat?post=4525"},{"taxonomy":"product_tag","embeddable":true,"href":"https:\/\/dolcelahulpegifts.be\/fr\/wp-json\/wp\/v2\/product_tag?post=4525"}],"curies":[{"name":"wp","href":"https:\/\/api.w.org\/{rel}","templated":true}]}}