{"id":4529,"date":"2022-06-24T12:29:56","date_gmt":"2022-06-24T10:29:56","guid":{"rendered":"https:\/\/dolcelahulpegifts.duckdns.org\/?post_type=product&#038;p=4529"},"modified":"2026-05-13T12:13:43","modified_gmt":"2026-05-13T10:13:43","slug":"huile-somptueuse-de-lorient","status":"publish","type":"product","link":"https:\/\/dolcelahulpegifts.be\/fr\/product\/huile-somptueuse-de-lorient\/","title":{"rendered":"Huile Somptueuse\u00ae (100ml)"},"content":{"rendered":"<p style=\"text-align: left;\">Apr\u00e8s l\u2019exp\u00e9rience de purification du Hammam, les femmes orientales se massent avec des pr\u00e9parations \u00e0 base d\u2019huile d\u2019Argan. Cocktail subtilement \u00e9quilibr\u00e9 en huile d&rsquo;Argan, de S\u00e9same et d&rsquo;Olive,\u00a0<strong>l\u2019Huile Somptueuse\u00ae<\/strong>\u00a0nourrit en profondeur la peau et laisse un voile parfum\u00e9 d\u00e9licat gr\u00e2ce \u00e0 une fragrance associant Cannelle, Eucalyptus et C\u00e8dre.<\/p>\n<p style=\"text-align: left;\">V\u00e9ritable d\u00e9lice venu d&rsquo;Orient, cette huile nourrit durablement la peau et la sublime. Id\u00e9al apr\u00e8s une exposition prolong\u00e9e au soleil pour r\u00e9g\u00e9n\u00e9rer l\u2019\u00e9piderme.<\/p>\n<p style=\"text-align: left;\"><strong>Conseil d&rsquo;utilisation<\/strong> : Apr\u00e8s une douche bien chaude, vaporisez <strong>l&rsquo;Huile Somptueuse\u00ae<\/strong>\u00a0sur tout le corps en insistant sur les jambes en effectuant de grands et longs lissages.<br \/>\nAstuce: terminez en satinant l\u00e9g\u00e8rement vos cheveux: prenez quelques gouttes d&rsquo;huile et massez les longueurs.<\/p>\n<p style=\"text-align: left;\"><strong>Ingr\u00e9dients<\/strong> : Cetearyl Ethylhexanoate, Butylene Glycol Dicaprylate\/dicaprate, Olea Europaea (olive) Fruit Oil, Sesamum Indicum (sesame) Seed Oil, Argania Spinosa Kernel Oil, Parfum (fragrance), Daucus Carota Sativa (carrot) Root Extract, Lithospermum Erythrorhizon Root Extract, Helianthus Annuus (sunflower) Seed Oil, Daucus Carota Sativa (carrot) Seed Oil, Caprylic\/capric Triglyceride, Beta-carotene, Tocopherol, Tocopheryl Acetate, Tetramethyl Acetyloctahydronaphthalenes, Eucalyptus Globulus Oil, Juniperus Virginiana Oil, Eugenol, Pogostemon Cablin Oil, Limonene, Eugenia Caryophyllus Oil, Pinene, Citronellol, Alpha-isomethyl Ionone, Geraniol, Beta-caryophyllene, Acetyl Cedrene, Eugenyl Acetate, Cinnamyl Alcohol, Alpha-terpinene, Cinnamomum Zeylanicum Bark Oil, Cinnamal, Terpineol, Rose Ketones.<\/p>\n","protected":false},"excerpt":{"rendered":"<div class=\"product-desc\">\n<div class=\"cms-content cms-view-more-content\">\n<div class=\"product attribute overview\">\n<div class=\"value\">L&rsquo;Atlas regorge de tr\u00e9sors utilis\u00e9s depuis la nuit des temps pour r\u00e9parer et nourrir la peau fragilis\u00e9e par les conditions climatiques de cette r\u00e9gion. Cinq Mondes s&rsquo;en est inspir\u00e9 pour formuler l&rsquo;Huile Somptueuse\u00ae.<\/div>\n<div><\/div>\n<\/div>\n<div><strong>TYPE DE PEAU<\/strong> : Tous types de peaux<\/div>\n<\/div>\n<\/div>\n","protected":false},"featured_media":16116,"template":"","meta":[],"product_brand":[],"product_cat":[103],"product_tag":[],"class_list":{"0":"post-4529","1":"product","2":"type-product","3":"status-publish","4":"has-post-thumbnail","6":"product_cat-produits-corps-cinq-mondes","8":"first","9":"instock","10":"taxable","11":"shipping-taxable","12":"purchasable","13":"product-type-simple"},"_links":{"self":[{"href":"https:\/\/dolcelahulpegifts.be\/fr\/wp-json\/wp\/v2\/product\/4529","targetHints":{"allow":["GET"]}}],"collection":[{"href":"https:\/\/dolcelahulpegifts.be\/fr\/wp-json\/wp\/v2\/product"}],"about":[{"href":"https:\/\/dolcelahulpegifts.be\/fr\/wp-json\/wp\/v2\/types\/product"}],"version-history":[{"count":6,"href":"https:\/\/dolcelahulpegifts.be\/fr\/wp-json\/wp\/v2\/product\/4529\/revisions"}],"predecessor-version":[{"id":17185,"href":"https:\/\/dolcelahulpegifts.be\/fr\/wp-json\/wp\/v2\/product\/4529\/revisions\/17185"}],"wp:featuredmedia":[{"embeddable":true,"href":"https:\/\/dolcelahulpegifts.be\/fr\/wp-json\/wp\/v2\/media\/16116"}],"wp:attachment":[{"href":"https:\/\/dolcelahulpegifts.be\/fr\/wp-json\/wp\/v2\/media?parent=4529"}],"wp:term":[{"taxonomy":"product_brand","embeddable":true,"href":"https:\/\/dolcelahulpegifts.be\/fr\/wp-json\/wp\/v2\/product_brand?post=4529"},{"taxonomy":"product_cat","embeddable":true,"href":"https:\/\/dolcelahulpegifts.be\/fr\/wp-json\/wp\/v2\/product_cat?post=4529"},{"taxonomy":"product_tag","embeddable":true,"href":"https:\/\/dolcelahulpegifts.be\/fr\/wp-json\/wp\/v2\/product_tag?post=4529"}],"curies":[{"name":"wp","href":"https:\/\/api.w.org\/{rel}","templated":true}]}}