{"id":4532,"date":"2022-06-24T12:32:14","date_gmt":"2022-06-24T10:32:14","guid":{"rendered":"https:\/\/dolcelahulpegifts.duckdns.org\/?post_type=product&#038;p=4532"},"modified":"2025-10-23T17:15:55","modified_gmt":"2025-10-23T15:15:55","slug":"huile-sublime","status":"publish","type":"product","link":"https:\/\/dolcelahulpegifts.be\/fr\/product\/huile-sublime\/","title":{"rendered":"Huile sublime Bio\u00ae (150ml)"},"content":{"rendered":"<p style=\"text-align: left;\">Cette huile s\u00e8che certifi\u00e9e bio associe le pouvoir nutritif et r\u00e9g\u00e9n\u00e9rant des huiles sacr\u00e9es du Noni et du Mono\u00ef de Tahiti pour redonner souplesse et douceur \u00e0 la peau.<\/p>\n<p style=\"text-align: left;\">Gr\u00e2ce aux vertus protectrices universelles de ces extraits v\u00e9g\u00e9taux, elle peut \u00eatre utilis\u00e9e en soin avant shampoing sur les cheveux : la chevelure est embellie et le d\u00e9m\u00ealage est facilit\u00e9.<\/p>\n<p style=\"text-align: left;\">Apr\u00e8s nettoyage de peau, les soins hydratants sont indispensables pour retrouver une peau douce et satin\u00e9e. Sur le corps sec, appliquer matin et\/ou soir. En pr\u00e9-shampoing, appliquer sur les cheveux, laisser poser puis laver. En post-shampoing, sur les longueurs et les pointes, sans rincer.<\/p>\n<p style=\"text-align: left;\">Ingr\u00e9dients : Helianthus Annuus (Sunflower) Seed Oil*, Caprylic\/Capric Triglyceride, Parfum (Fragrance), Limonene, Cocos Nucifera (Coconut) Oil, Tocopherol, Geraniol, Citral, Gardenia Tahitensis Flower, Linalool, Morinda Citrifolia Leaf Extract, Benzyl Benzoate, Farnesol, Benzyl Salicylate.*Ingr\u00e9dients issus de l\u2019agriculture biologique \/ Ingredients from organic farming<\/p>\n","protected":false},"excerpt":{"rendered":"<p>L&rsquo;Huile sublime Bio est une huile s\u00e8che associant les vertus du Mono\u00ef, du Noni et du Coco, redonne souplesse et douceur \u00e0 la peau ou aux cheveux.<\/p>\n<div class=\"attribut-list skin-type\">\n<div class=\"label\">TYPE DE PEAU : Tous types de peaux<\/div>\n<\/div>\n<div class=\"attribut-list concerns\">\n<div class=\"label\">PREOCCUPATIONS : D\u00e9shydratation<\/div>\n<\/div>\n","protected":false},"featured_media":4533,"template":"","meta":[],"product_brand":[],"product_cat":[103],"product_tag":[],"class_list":{"0":"post-4532","1":"product","2":"type-product","3":"status-publish","4":"has-post-thumbnail","6":"product_cat-produits-corps-cinq-mondes","8":"first","9":"instock","10":"taxable","11":"shipping-taxable","12":"purchasable","13":"product-type-simple"},"_links":{"self":[{"href":"https:\/\/dolcelahulpegifts.be\/fr\/wp-json\/wp\/v2\/product\/4532","targetHints":{"allow":["GET"]}}],"collection":[{"href":"https:\/\/dolcelahulpegifts.be\/fr\/wp-json\/wp\/v2\/product"}],"about":[{"href":"https:\/\/dolcelahulpegifts.be\/fr\/wp-json\/wp\/v2\/types\/product"}],"version-history":[{"count":5,"href":"https:\/\/dolcelahulpegifts.be\/fr\/wp-json\/wp\/v2\/product\/4532\/revisions"}],"predecessor-version":[{"id":17184,"href":"https:\/\/dolcelahulpegifts.be\/fr\/wp-json\/wp\/v2\/product\/4532\/revisions\/17184"}],"wp:featuredmedia":[{"embeddable":true,"href":"https:\/\/dolcelahulpegifts.be\/fr\/wp-json\/wp\/v2\/media\/4533"}],"wp:attachment":[{"href":"https:\/\/dolcelahulpegifts.be\/fr\/wp-json\/wp\/v2\/media?parent=4532"}],"wp:term":[{"taxonomy":"product_brand","embeddable":true,"href":"https:\/\/dolcelahulpegifts.be\/fr\/wp-json\/wp\/v2\/product_brand?post=4532"},{"taxonomy":"product_cat","embeddable":true,"href":"https:\/\/dolcelahulpegifts.be\/fr\/wp-json\/wp\/v2\/product_cat?post=4532"},{"taxonomy":"product_tag","embeddable":true,"href":"https:\/\/dolcelahulpegifts.be\/fr\/wp-json\/wp\/v2\/product_tag?post=4532"}],"curies":[{"name":"wp","href":"https:\/\/api.w.org\/{rel}","templated":true}]}}