{"id":5340,"date":"2022-09-28T14:38:03","date_gmt":"2022-09-28T12:38:03","guid":{"rendered":"https:\/\/dolcelahulpegifts.be\/?post_type=product&#038;p=5340"},"modified":"2026-01-06T14:39:37","modified_gmt":"2026-01-06T13:39:37","slug":"masque-biocellulose-defroissage","status":"publish","type":"product","link":"https:\/\/dolcelahulpegifts.be\/fr\/product\/masque-biocellulose-defroissage\/","title":{"rendered":"Masque Biocellulose D\u00e9froissage Express (5x 15ml)"},"content":{"rendered":"<p style=\"text-align: left;\">Inspir\u00e9 des rituels de beaut\u00e9 modernes japonais, d\u00e9couvrez l\u2019efficacit\u00e9 haute-performance de l\u2019acide hyaluronique, de la glycine, de la niacinamide et de l\u2019aloe vera infus\u00e9s dans le premier masque seconde peau en biocellulose v\u00e9g\u00e9tale pour une peau repulp\u00e9e et liss\u00e9e imm\u00e9diatement. Contient 94% d\u2019ingr\u00e9dients d\u2019origine naturelle.<\/p>\n<p style=\"text-align: left;\">Compos\u00e9e de microfibres issues de la biofermentation de l\u2019eau de Coco, un processus respectueux de l\u2019environnement, la biocellulose est utilis\u00e9e en m\u00e9decine r\u00e9paratrice des grands br\u00fbl\u00e9s pour son exceptionnel pouvoir hydratant. Gr\u00e2ce \u00e0 son maillage ultrafin, telle une seconde peau, elle encapsule plus de s\u00e9rum et d\u2019actifs qu\u2019un support classique.<\/p>\n<p style=\"text-align: left;\">La contenance g\u00e9n\u00e9reuse de chaque masque (15 mL) combin\u00e9e aux quatre actifs haute performance offrent l\u2019efficacit\u00e9 concentr\u00e9e d\u2019un s\u00e9rum en une seule fois.<\/p>\n<p style=\"text-align: left;\">Les traits sont d\u00e9froiss\u00e9s d\u00e8s la premi\u00e8re application et le galbe du visage est raffermi. La peau est visiblement repulp\u00e9e au fil des utilisations.<\/p>\n<p style=\"text-align: left;\">Pendant le temps de pose du masque, profitez des bienfaits de l\u2019aromath\u00e9rapie et retrouvez-vous au c\u0153ur d\u2019un jardin zen de Kyoto embaumant les bourgeons de Cassis derri\u00e8re lesquels se r\u00e9v\u00e8lent la Rose, le Muguet et le Jasmin, soutenus par le Musc blanc et le C\u00e8dre. Sensations de bien-\u00eatre et fra\u00eecheur garanties !<\/p>\n<h4 style=\"text-align: left;\"><strong>+20%\u00a0<\/strong><strong> d\u2019hydratation<\/strong> (1)<br \/>\n<strong>+11% effet repulpant<\/strong> (2)<\/h4>\n<p style=\"text-align: left;\">(1) En usage ponctuel matin ou soir, en pr\u00e9vention anti-\u00e2ge ou pour effacer les traces de fatigue. Corn\u00e9om\u00e9trie r\u00e9alis\u00e9e sur 22 volontaires apr\u00e8s application du Masque Biocellulose D\u00e9froissage Express \u00e0 J0T30\u2019<\/p>\n<p style=\"text-align: left;\">(2) En cure intensive tous les 3 \u00e0 4 jours, pendant 2 semaines pour un traitement anti-\u00e2ge profond et pour toutes les peaux assoiff\u00e9es. Mesure par scorage clinique r\u00e9alis\u00e9e sur 22 volontaires apr\u00e8s application du MBDE \u00e0 J14.<\/p>\n<p style=\"text-align: left;\"><strong>Ingredients<\/strong>: Aqua (Water) \/ Eau, Glycerin, Pentylene Glycol, Sodium Hyaluronate, Glycine, Niacinamide, Sodium Pca, Aloe Barbadensis Leaf Juice Powder, Urea, Fructose, Xanthan Gum, Inositol, Parfum (Fragrance), Tetrasodium Glutamate Diacetate, Sodium Benzoate, Citric Acid, Sodium Lactate, Polysorbate 20, Hexyl Cinnamal, Limonene, Linalool, Linalyl Acetate, Alpha-Isomethyl Ionone, Tetramethyl Acetyloctahydronaphthalenes, Hexamethylindanopyran, Pinene, Citronellol.<\/p>\n","protected":false},"excerpt":{"rendered":"<p>D\u00e9couvrez l&rsquo;efficacit\u00e9 haute-performance de l&rsquo;acide hyaluronique, de la glycine, de la niacinamide et de l&rsquo;aloe vera concentr\u00e9s dans notre premier masque seconde peau en biocellulose v\u00e9g\u00e9tale pour une peau repulp\u00e9e et liss\u00e9e imm\u00e9diatement. 94% d&rsquo;ingr\u00e9dients d&rsquo;origine naturelle*.<\/p>\n<p>*calcul\u00e9 selon la norme ISO16128<\/p>\n<p>TYPE DE PEAU : Tous types de peaux.<\/p>\n<p>PREOCCUPATIONS : Perte de fermet\u00e9.<\/p>\n","protected":false},"featured_media":17321,"template":"","meta":[],"product_brand":[],"product_cat":[101],"product_tag":[],"class_list":{"0":"post-5340","1":"product","2":"type-product","3":"status-publish","4":"has-post-thumbnail","6":"product_cat-visage","8":"first","9":"instock","10":"taxable","11":"shipping-taxable","12":"purchasable","13":"product-type-simple"},"_links":{"self":[{"href":"https:\/\/dolcelahulpegifts.be\/fr\/wp-json\/wp\/v2\/product\/5340","targetHints":{"allow":["GET"]}}],"collection":[{"href":"https:\/\/dolcelahulpegifts.be\/fr\/wp-json\/wp\/v2\/product"}],"about":[{"href":"https:\/\/dolcelahulpegifts.be\/fr\/wp-json\/wp\/v2\/types\/product"}],"version-history":[{"count":5,"href":"https:\/\/dolcelahulpegifts.be\/fr\/wp-json\/wp\/v2\/product\/5340\/revisions"}],"predecessor-version":[{"id":17325,"href":"https:\/\/dolcelahulpegifts.be\/fr\/wp-json\/wp\/v2\/product\/5340\/revisions\/17325"}],"wp:featuredmedia":[{"embeddable":true,"href":"https:\/\/dolcelahulpegifts.be\/fr\/wp-json\/wp\/v2\/media\/17321"}],"wp:attachment":[{"href":"https:\/\/dolcelahulpegifts.be\/fr\/wp-json\/wp\/v2\/media?parent=5340"}],"wp:term":[{"taxonomy":"product_brand","embeddable":true,"href":"https:\/\/dolcelahulpegifts.be\/fr\/wp-json\/wp\/v2\/product_brand?post=5340"},{"taxonomy":"product_cat","embeddable":true,"href":"https:\/\/dolcelahulpegifts.be\/fr\/wp-json\/wp\/v2\/product_cat?post=5340"},{"taxonomy":"product_tag","embeddable":true,"href":"https:\/\/dolcelahulpegifts.be\/fr\/wp-json\/wp\/v2\/product_tag?post=5340"}],"curies":[{"name":"wp","href":"https:\/\/api.w.org\/{rel}","templated":true}]}}