{"id":5616,"date":"2022-11-02T12:11:48","date_gmt":"2022-11-02T11:11:48","guid":{"rendered":"https:\/\/dolcelahulpegifts.be\/?post_type=product&#038;p=5616"},"modified":"2025-11-27T16:50:52","modified_gmt":"2025-11-27T15:50:52","slug":"coffret-geto-supreme","status":"publish","type":"product","link":"https:\/\/dolcelahulpegifts.be\/fr\/product\/coffret-geto-supreme\/","title":{"rendered":"Coffret G\u00e9to Supr\u00eame"},"content":{"rendered":"<p style=\"text-align: center;\">Un coffret d\u2019exception pour une r\u00e9g\u00e9n\u00e9ration cellulaire ultime. Le Rituel G\u00c9TO SUPR\u00caME, rare et pr\u00e9cieux, puise son efficacit\u00e9 dans la puissance du G\u00e9to. Cette \u00ab plante de longue vie \u00bb est au c\u0153ur des rituels de beaut\u00e9 des habitants d\u2019Okinawa, l\u2019\u00eele qui concentre le plus grand nombre de centenaires dans le monde. Gr\u00e2ce au savoir-faire des Laboratoires Cinq Mondes, la puret\u00e9 de l\u2019extrait de G\u00e9to Bio est pr\u00e9serv\u00e9e pour conserver ses extraordinaires propri\u00e9t\u00e9s jusque dans la peau.<\/p>\n<p>Retrouvez dans votre coffret :<\/p>\n<ul>\n<li><a href=\"https:\/\/dolcelahulpegifts.be\/fr\/product\/geto-supreme-la-creme\/\"><strong>G\u00c9TO SUPR\u00caME Le S\u00e9rum<\/strong><\/a><strong> (30 mL) :<\/strong> le pouvoir de r\u00e9g\u00e9n\u00e9ration ultime du G\u00e9to, la plante de long\u00e9vit\u00e9, dans sa forme la plus concentr\u00e9e au c\u0153ur d\u2019une nouvelle g\u00e9n\u00e9ration de s\u00e9rum lact\u00e9-en-huile ultra-pr\u00e9cieux. Hautement concentr\u00e9e de ce pr\u00e9cieux actif, cette formule \u00e0 la texture couture nouvelle g\u00e9n\u00e9ration redonne une seconde vie \u00e0 la peau, sa jeunesse est pr\u00e9serv\u00e9e et ses tissus r\u00e9g\u00e9n\u00e9r\u00e9s d\u00e8s 1 semaine.<\/li>\n<\/ul>\n<p>La plus haute concentration en G\u00e9to et la p\u00e9n\u00e9tration instantan\u00e9e des actifs permettent de renforcer rapidement les fibres de soutien de la peau, ce qui va acc\u00e9l\u00e9rer ensuite les b\u00e9n\u00e9fices de\u00a0G\u00c9TO SUPR\u00caME La Cr\u00e8me.<\/p>\n<ul>\n<li><a href=\"https:\/\/dolcelahulpegifts.be\/fr\/product\/geto-supreme-le-serum\/\"><strong>G\u00c9TO SUPR\u00caME La Cr\u00e8me<\/strong><\/a><strong> (50 mL) :<\/strong> v\u00e9ritable tr\u00e9sor de long\u00e9vit\u00e9, elle stimule les fonctions vitales de la peau pour r\u00e9activer les m\u00e9canismes responsables d&rsquo;une apparence jeune. Elle agit pour pr\u00e9venir et corriger tous les signes de l\u2019\u00e2ge et favorise la r\u00e9g\u00e9n\u00e9ration de la peau.<\/li>\n<\/ul>\n<p>Les rides s\u2019estompent, les contours du visage sont redessin\u00e9s. La peau est plus r\u00e9sistante et renoue avec sa force originelle. R\u00e9g\u00e9n\u00e9r\u00e9e, la peau retrouve fermet\u00e9, densit\u00e9 et \u00e9lasticit\u00e9. Le teint rayonne d\u2019un \u00e9clat infini.<\/p>\n","protected":false},"excerpt":{"rendered":"<p>(Rituel d&rsquo;Okinawa, Japon) | 2 produits<\/p>\n<p>D\u00e9couvrez le Coffret G\u00c9TO SUPR\u00caME en \u00e9dition limit\u00e9e, compos\u00e9 de G\u00c9TO SUPR\u00caME Le S\u00e9rum et G\u00c9TO SUPR\u00caME La Cr\u00e8me. Des produits de soin d\u2019exception, v\u00e9ritables concentr\u00e9s en G\u00e9to Bio, plante de jouvence utilis\u00e9e par les centenaires d&rsquo;Okinawa, qui offrent des r\u00e9sultats spectaculaires sur la jeunesse de la peau.<\/p>\n","protected":false},"featured_media":5627,"template":"","meta":[],"product_brand":[],"product_cat":[56,113],"product_tag":[],"class_list":{"0":"post-5616","1":"product","2":"type-product","3":"status-publish","4":"has-post-thumbnail","6":"product_cat-coffrets","7":"product_cat-en-solo","9":"first","10":"instock","11":"taxable","12":"shipping-taxable","13":"purchasable","14":"product-type-simple"},"_links":{"self":[{"href":"https:\/\/dolcelahulpegifts.be\/fr\/wp-json\/wp\/v2\/product\/5616","targetHints":{"allow":["GET"]}}],"collection":[{"href":"https:\/\/dolcelahulpegifts.be\/fr\/wp-json\/wp\/v2\/product"}],"about":[{"href":"https:\/\/dolcelahulpegifts.be\/fr\/wp-json\/wp\/v2\/types\/product"}],"version-history":[{"count":1,"href":"https:\/\/dolcelahulpegifts.be\/fr\/wp-json\/wp\/v2\/product\/5616\/revisions"}],"predecessor-version":[{"id":14386,"href":"https:\/\/dolcelahulpegifts.be\/fr\/wp-json\/wp\/v2\/product\/5616\/revisions\/14386"}],"wp:featuredmedia":[{"embeddable":true,"href":"https:\/\/dolcelahulpegifts.be\/fr\/wp-json\/wp\/v2\/media\/5627"}],"wp:attachment":[{"href":"https:\/\/dolcelahulpegifts.be\/fr\/wp-json\/wp\/v2\/media?parent=5616"}],"wp:term":[{"taxonomy":"product_brand","embeddable":true,"href":"https:\/\/dolcelahulpegifts.be\/fr\/wp-json\/wp\/v2\/product_brand?post=5616"},{"taxonomy":"product_cat","embeddable":true,"href":"https:\/\/dolcelahulpegifts.be\/fr\/wp-json\/wp\/v2\/product_cat?post=5616"},{"taxonomy":"product_tag","embeddable":true,"href":"https:\/\/dolcelahulpegifts.be\/fr\/wp-json\/wp\/v2\/product_tag?post=5616"}],"curies":[{"name":"wp","href":"https:\/\/api.w.org\/{rel}","templated":true}]}}