{"id":8999,"date":"2023-09-07T13:45:29","date_gmt":"2023-09-07T11:45:29","guid":{"rendered":"https:\/\/dolcelahulpegifts.be\/?post_type=product&#038;p=8999"},"modified":"2026-03-10T12:27:00","modified_gmt":"2026-03-10T11:27:00","slug":"brunch-in-the-woods","status":"publish","type":"product","link":"https:\/\/dolcelahulpegifts.be\/fr\/product\/brunch-in-the-woods\/","title":{"rendered":"Brunch In The Woods"},"content":{"rendered":"<p>Le <strong>Brunch In the Woods <\/strong>est propos\u00e9 au restaurant Argan offrant une d\u00e9coration en symbiose avec la nature environnante.\u00a0 \u00c0 la p\u00e9riode estivale, votre invit\u00e9 pourra profiter du brunch en terrasse d\u00e8s que le temps le permet.<\/p>\n<p>\u00c0 l&rsquo; arriv\u00e9e, un verre de cava ou un mocktail sera offert \u00e0 vos invit\u00e9s. Ensuite, ils auront acc\u00e8s \u00e0 des cr\u00eapes et pancakes au sirop d&rsquo;\u00e9rable, charcuterie italienne, gravelax de saumon, salades compos\u00e9es de saison, viandes, poissons, po\u00eal\u00e9es de l\u00e9gumes de saison, tian de l\u00e9gumes, quiches, risotto truff\u00e9, plateau de fromages, desserts maison, fruits frais et live cooking de gaufres li\u00e9geoises&#8230; Le choix des boissons incluses est vari\u00e9 (vin rouge, blanc et ros\u00e9 maison, bi\u00e8res, sodas, caf\u00e9, tisanes&#8230;).<\/p>\n<p>\u00c0 proximit\u00e9, le parc r\u00e9gional Solvay propose d&rsquo;agr\u00e9ables itin\u00e9raires de promenade, que votre invit\u00e9 pourra savourer avant ou apr\u00e8s le brunch pour prolonger ce moment de convivialit\u00e9 et de connexion \u00e0 la nature et rendre ce moment encore plus m\u00e9morable.<\/p>\n<p>Des animations sont pr\u00e9vues pour les enfants.<\/p>\n<p>Pour les\u00a0 plus de 16 ans, le brunch est \u00e0 59\u20ac. Pour les enfants de 6 \u00e0 15 ans, le brunch est \u00e0 29\u20ac<\/p>\n<p>Le brunch est gratuit pour les moins de 6 ans, dans une limite de 2 enfants par adulte.<\/p>\n<p>Il suffira \u00e0 votre invit\u00e9 de contacter le d\u00e9partement des r\u00e9servations (+32 (0)2 290 98 98 ou reservations@dolcelahulpe.com) pour r\u00e9server une table.<\/p>\n","protected":false},"excerpt":{"rendered":"<p>Offrez un brunch en harmonie avec la nature au Dolce La Hulpe Brussels.<\/p>\n<p>Que ce soit pour c\u00e9l\u00e9brer un anniversaire, marquer un d\u00e9part \u00e0 la retraite ou rendre les f\u00eates de fin d&rsquo;ann\u00e9e encore plus sp\u00e9ciales, notre <a href=\"https:\/\/www.dolcelahulpe.com\/fr\/restauration\">\u2018<strong>Brunch in the Woods<\/strong>\u2019<\/a> est le cadeau parfait qui comblera tous les palais, m\u00eame les plus exigeants, gr\u00e2ce \u00e0 la diversit\u00e9 de notre s\u00e9lection culinaire.<\/p>\n","protected":false},"featured_media":9002,"template":"","meta":[],"product_brand":[],"product_cat":[111,112,114,113,115],"product_tag":[],"class_list":{"0":"post-8999","1":"product","2":"type-product","3":"status-publish","4":"has-post-thumbnail","6":"product_cat-idees-cadeaux","7":"product_cat-a-partager","8":"product_cat-en-famille","9":"product_cat-en-solo","10":"product_cat-cadeaux-dentreprise","12":"first","13":"instock","14":"taxable","15":"shipping-taxable","16":"purchasable","17":"product-type-variable"},"_links":{"self":[{"href":"https:\/\/dolcelahulpegifts.be\/fr\/wp-json\/wp\/v2\/product\/8999","targetHints":{"allow":["GET"]}}],"collection":[{"href":"https:\/\/dolcelahulpegifts.be\/fr\/wp-json\/wp\/v2\/product"}],"about":[{"href":"https:\/\/dolcelahulpegifts.be\/fr\/wp-json\/wp\/v2\/types\/product"}],"version-history":[{"count":8,"href":"https:\/\/dolcelahulpegifts.be\/fr\/wp-json\/wp\/v2\/product\/8999\/revisions"}],"predecessor-version":[{"id":19024,"href":"https:\/\/dolcelahulpegifts.be\/fr\/wp-json\/wp\/v2\/product\/8999\/revisions\/19024"}],"wp:featuredmedia":[{"embeddable":true,"href":"https:\/\/dolcelahulpegifts.be\/fr\/wp-json\/wp\/v2\/media\/9002"}],"wp:attachment":[{"href":"https:\/\/dolcelahulpegifts.be\/fr\/wp-json\/wp\/v2\/media?parent=8999"}],"wp:term":[{"taxonomy":"product_brand","embeddable":true,"href":"https:\/\/dolcelahulpegifts.be\/fr\/wp-json\/wp\/v2\/product_brand?post=8999"},{"taxonomy":"product_cat","embeddable":true,"href":"https:\/\/dolcelahulpegifts.be\/fr\/wp-json\/wp\/v2\/product_cat?post=8999"},{"taxonomy":"product_tag","embeddable":true,"href":"https:\/\/dolcelahulpegifts.be\/fr\/wp-json\/wp\/v2\/product_tag?post=8999"}],"curies":[{"name":"wp","href":"https:\/\/api.w.org\/{rel}","templated":true}]}}