{"id":2040,"date":"2022-04-26T14:16:25","date_gmt":"2022-04-26T12:16:25","guid":{"rendered":"https:\/\/dolcelahulpegifts.duckdns.org\/?page_id=2040"},"modified":"2022-07-07T15:25:49","modified_gmt":"2022-07-07T13:25:49","slug":"levering","status":"publish","type":"page","link":"https:\/\/dolcelahulpegifts.be\/nl\/livraison\/","title":{"rendered":"Levering"},"content":{"rendered":"<div data-elementor-type=\"wp-page\" data-elementor-id=\"2040\" class=\"elementor elementor-2040\" data-elementor-post-type=\"page\">\n\t\t\t\t\t\t<section class=\"elementor-section elementor-top-section elementor-element elementor-element-bc1854e elementor-section-boxed elementor-section-height-default elementor-section-height-default\" data-id=\"bc1854e\" data-element_type=\"section\" data-e-type=\"section\">\n\t\t\t\t\t\t<div class=\"elementor-container elementor-column-gap-no\">\n\t\t\t\t\t<div class=\"elementor-column elementor-col-100 elementor-top-column elementor-element elementor-element-839ea29\" data-id=\"839ea29\" data-element_type=\"column\" data-e-type=\"column\">\n\t\t\t<div class=\"elementor-widget-wrap elementor-element-populated\">\n\t\t\t\t\t\t<div class=\"elementor-element elementor-element-00f0617 elementor-widget elementor-widget-text-editor\" data-id=\"00f0617\" data-element_type=\"widget\" data-e-type=\"widget\" data-widget_type=\"text-editor.default\">\n\t\t\t\t\t\t\t\t\t<p>Levering en leveringstermijn<\/p><ul><li>De door Dolce by Wyndham La Hulpe Brussels voorgestelde leveringstermijnen zijn niet definitief. De termijn is 30 dagen na ontvangst van de bestelling.<\/li><li>Zodra de bestelde producten op het aangegeven adres zijn afgeleverd, zijn de risico's die aan het product verbonden zijn voor rekening van de koper.<\/li><li>Wij kunnen andere voorwaarden toepassen in geval van leveringen in het buitenland.<\/li><li>Dolce by Wyndham La Hulpe Brussels is actief in het volgende land: Belgi\u00eb.<\/li><li>Levering geschiedt uitsluitend door een transportdienst, tenzij vooraf andere vervoersvoorwaarden zijn overeengekomen.\u00a0<\/li><li>U zult op de hoogte worden gebracht van de leverings- en vervoerskosten voordat uw aankoop wordt bevestigd.<\/li><\/ul>\t\t\t\t\t\t\t\t<\/div>\n\t\t\t\t<div class=\"elementor-element elementor-element-ed2677c elementor-widget elementor-widget-heading\" data-id=\"ed2677c\" data-element_type=\"widget\" data-e-type=\"widget\" data-widget_type=\"heading.default\">\n\t\t\t\t\t<h2 class=\"elementor-heading-title elementor-size-default\">Bezorgkosten<\/h2>\t\t\t\t<\/div>\n\t\t\t\t<div class=\"elementor-element elementor-element-2b8e5d2 elementor-widget elementor-widget-text-editor\" data-id=\"2b8e5d2\" data-element_type=\"widget\" data-e-type=\"widget\" data-widget_type=\"text-editor.default\">\n\t\t\t\t\t\t\t\t\t<table><tbody><tr><td>LEVERINGSKOSTEN<\/td><td>BETALEN<\/td><td>GEBODEN<\/td><\/tr><tr><td>Belgi\u00eb<\/td><td>Vergoeding van \u20ac8<br \/>voor alle bestellingen &lt; 65\u20ac.<\/td><td>Aangeboden vergoedingen<br \/>voor alle bestellingen &gt; 65\u20ac.\u00a0\u00a0<\/td><\/tr><tr><td>Andere landen** (%)<\/td><td>10\u20ac vergoeding<br \/>voor alle bestellingen &lt; 65\u20ac.<\/td><td>Aangeboden vergoedingen<br \/>voor alle bestellingen &gt; 65\u20ac.<\/td><\/tr><\/tbody><\/table><p>** Frankrijk, Duitsland, Oostenrijk, Bulgarije, Cyprus, Denemarken, Spanje, Estland, Finland, Griekenland, Hongarije, Ierland, Letland, Litouwen, Luxemburg, Malta, Nederland, Polen, Portugal, Tsjechische Republiek, Verenigd Koninkrijk, Roemeni\u00eb, Slowakije, Sloveni\u00eb, Zweden, Zwitserland, Itali\u00eb.<\/p>\t\t\t\t\t\t\t\t<\/div>\n\t\t\t\t\t<\/div>\n\t\t<\/div>\n\t\t\t\t\t<\/div>\n\t\t<\/section>\n\t\t\t\t<\/div>","protected":false},"excerpt":{"rendered":"<p>Levering en levertijd De door Dolce by Wyndham La Hulpe Brussels aangeboden levertijden zijn niet bindend.<\/p>","protected":false},"author":1,"featured_media":0,"parent":0,"menu_order":0,"comment_status":"closed","ping_status":"closed","template":"elementor_header_footer","meta":{"footnotes":""},"class_list":["post-2040","page","type-page","status-publish","hentry"],"_links":{"self":[{"href":"https:\/\/dolcelahulpegifts.be\/nl\/wp-json\/wp\/v2\/pages\/2040","targetHints":{"allow":["GET"]}}],"collection":[{"href":"https:\/\/dolcelahulpegifts.be\/nl\/wp-json\/wp\/v2\/pages"}],"about":[{"href":"https:\/\/dolcelahulpegifts.be\/nl\/wp-json\/wp\/v2\/types\/page"}],"author":[{"embeddable":true,"href":"https:\/\/dolcelahulpegifts.be\/nl\/wp-json\/wp\/v2\/users\/1"}],"replies":[{"embeddable":true,"href":"https:\/\/dolcelahulpegifts.be\/nl\/wp-json\/wp\/v2\/comments?post=2040"}],"version-history":[{"count":0,"href":"https:\/\/dolcelahulpegifts.be\/nl\/wp-json\/wp\/v2\/pages\/2040\/revisions"}],"wp:attachment":[{"href":"https:\/\/dolcelahulpegifts.be\/nl\/wp-json\/wp\/v2\/media?parent=2040"}],"curies":[{"name":"wp","href":"https:\/\/api.w.org\/{rel}","templated":true}]}}