{"id":12829,"date":"2024-07-19T10:53:18","date_gmt":"2024-07-19T08:53:18","guid":{"rendered":"https:\/\/dolcelahulpegifts.be\/?post_type=product&#038;p=12829"},"modified":"2026-01-06T14:35:17","modified_gmt":"2026-01-06T13:35:17","slug":"rijk-jeugdserum","status":"publish","type":"product","link":"https:\/\/dolcelahulpegifts.be\/nl\/product\/serum-riche-de-jeunesse\/","title":{"rendered":"Rijk Jeugdserum"},"content":{"rendered":"<p>In Guilin, in het zuiden van China, groeien al duizenden jaren honderden planten die in de traditionele Chinese farmacopee worden gebruikt om jeugdigheid te behouden. Cinq Mondes liet zich hierdoor inspireren om de Riche de Jeunesse-lijn te formuleren.<\/p>\n<p>Rich Youth Serum is DE speciaal geformuleerde oplossing voor algehele correctie van meerdere rimpels (gezicht, hals en decollet\u00e9), dankzij een natuurlijke antioxidant en hydraterende formule. De rijke, fluweelzachte textuur biedt echt comfort, terwijl het de huid lift en gladstrijkt.<\/p>\n<p>Het decollet\u00e9 wordt gladgestreken en rimpels worden vanaf het eerste gebruik gelift, terwijl de gezichtscontouren verstevigd worden en de huid na verloop van tijd zichtbaar voller wordt.<br \/>\nVoor een complete correctie van meerdere rimpels voegt u Youth Rich Cream aan uw routine toe om de huid diep te hydrateren en voller te maken.<br \/>\nOns assortiment Riche de jeunesse wordt vervaardigd bij 100% in Europa met glazen flessen en beukenhouten sluitingen. De verpakking van het assortiment is FSC-gecertificeerd.<\/p>\n<p>Breng Rich Youth Serum 's ochtends en\/of 's avonds aan om uw gezichts-, hals- en decollet\u00e9routine te beginnen.<br \/>\nVerhoog de effectiviteit van dit serum door het te combineren met Youth Rich Cream.<\/p>\n<p>Ingredi\u00ebnten: aqua (water) \/ eau, glycerine, oleyl erucaat, Propanediol, caprylic\/capric triglyceride, polyglyceryl-6 Stearate, dicaprylylcarbonaat, 1,2-hexaandiol, pentylene Glycol, nelumbo nucifera bloemextract, panax ginseng wortelextract, punica granatum fruitextract, acmella Oleracea extract, avena sativa (haver) kernextract, Padina pavonica thallusextract, natriumhyaluronaat, Helianthus annuus (zonnebloem) zaadolie, glyceryldibehenaat, glycerylbehenaat, polyglyceryl-6-behenaat, tribehenine, xanthaangom, carbomeer, parfum, Tetranatriumglutamaatdiacetaat, tocoferol, kaliumsorbaat, natriumbenzoaat, citroenzuur, linalool, limoneen, citronellol.<\/p>\n<div class=\"row tab-pane-three-row\">\n<div class=\"col-md-4\">\n<h3 class=\"title-lower-5\">Drie Chinese planten<\/h3>\n<div class=\"tabpane-card\">\n<div class=\"cms-content cms-view-more-content ivoire-gd\">\n<p>Versterkt de natuurlijke hydratatie van de huid<\/p>\n<\/div>\n<\/div>\n<\/div>\n<div class=\"col-md-4\">\n<h3 class=\"title-lower-5\">Avena Sativa<\/h3>\n<div class=\"tabpane-card\">\n<div class=\"cms-content cms-view-more-content ivoire-gd\">\n<p>Maakt rimpels onmiddellijk en blijvend glad<\/p>\n<\/div>\n<\/div>\n<\/div>\n<div class=\"col-md-4\">\n<h3 class=\"title-lower-5\">Gatuline<\/h3>\n<div class=\"tabpane-card\">\n<div class=\"cms-content cms-view-more-content ivoire-gd\">\n<p>Lift rimpels en strijkt het decollet\u00e9 glad<\/p>\n<\/div>\n<\/div>\n<\/div>\n<\/div>\n<div class=\"row\">\n<div class=\"col-12\">\n<div class=\"complementary-text\">\n<div class=\"cms-content cms-view-more-content ivoire-gd\">\n<p>&nbsp;<\/p>\n<\/div>\n<\/div>\n<\/div>\n<\/div>","protected":false},"excerpt":{"rendered":"<div class=\"product-desc\">\n<div class=\"cms-content cms-view-more-content cms-collapsed\">\n<div class=\"product attribute overview\">\n<div class=\"value\">GUILIN RITUEEL<\/div>\n<div><\/div>\n<div class=\"value\">Dit corrigerende serum voor meerdere rimpels (gezicht, hals en decollet\u00e9) werkt effectief tegen de tekenen van veroudering. Liftend effect in slechts \u00e9\u00e9n week. Rimpels in het gezicht worden gladgestreken, terwijl die in de hals en het decollet\u00e9 verminderen. De huid ziet er zichtbaar jonger uit. Bevat 98% ingredi\u00ebnten van natuurlijke oorsprong.<\/div>\n<div><\/div>\n<\/div>\n<\/div>\n<\/div>\n<div class=\"attribut-list skin-type\">\n<div class=\"label\">HUIDTYPE :<\/div>\n<p>Alle huidtypes<\/p>\n<\/div>\n<div class=\"attribut-list concerns\">\n<div class=\"label\">CONCERNS :<\/div>\n<p>Verlies van stevigheid<\/p>\n<\/div>","protected":false},"featured_media":12876,"template":"","meta":[],"product_brand":[],"product_cat":[101],"product_tag":[],"class_list":{"0":"post-12829","1":"product","2":"type-product","3":"status-publish","4":"has-post-thumbnail","6":"product_cat-visage","8":"first","9":"instock","10":"taxable","11":"shipping-taxable","12":"purchasable","13":"product-type-simple"},"_links":{"self":[{"href":"https:\/\/dolcelahulpegifts.be\/nl\/wp-json\/wp\/v2\/product\/12829","targetHints":{"allow":["GET"]}}],"collection":[{"href":"https:\/\/dolcelahulpegifts.be\/nl\/wp-json\/wp\/v2\/product"}],"about":[{"href":"https:\/\/dolcelahulpegifts.be\/nl\/wp-json\/wp\/v2\/types\/product"}],"version-history":[{"count":1,"href":"https:\/\/dolcelahulpegifts.be\/nl\/wp-json\/wp\/v2\/product\/12829\/revisions"}],"predecessor-version":[{"id":18590,"href":"https:\/\/dolcelahulpegifts.be\/nl\/wp-json\/wp\/v2\/product\/12829\/revisions\/18590"}],"wp:featuredmedia":[{"embeddable":true,"href":"https:\/\/dolcelahulpegifts.be\/nl\/wp-json\/wp\/v2\/media\/12876"}],"wp:attachment":[{"href":"https:\/\/dolcelahulpegifts.be\/nl\/wp-json\/wp\/v2\/media?parent=12829"}],"wp:term":[{"taxonomy":"product_brand","embeddable":true,"href":"https:\/\/dolcelahulpegifts.be\/nl\/wp-json\/wp\/v2\/product_brand?post=12829"},{"taxonomy":"product_cat","embeddable":true,"href":"https:\/\/dolcelahulpegifts.be\/nl\/wp-json\/wp\/v2\/product_cat?post=12829"},{"taxonomy":"product_tag","embeddable":true,"href":"https:\/\/dolcelahulpegifts.be\/nl\/wp-json\/wp\/v2\/product_tag?post=12829"}],"curies":[{"name":"wp","href":"https:\/\/api.w.org\/{rel}","templated":true}]}}