{"id":14112,"date":"2024-12-06T12:46:34","date_gmt":"2024-12-06T11:46:34","guid":{"rendered":"https:\/\/dolcelahulpegifts.be\/?post_type=product&#038;p=14112"},"modified":"2026-01-02T10:50:43","modified_gmt":"2026-01-02T09:50:43","slug":"lidmaatschap-iconische-spa","status":"publish","type":"product","link":"https:\/\/dolcelahulpegifts.be\/nl\/product\/abonnement-iconique-spa\/","title":{"rendered":"Iconisch abonnement op de Cinq Mondes Spa"},"content":{"rendered":"<h5>Een Iconique abonnement op de Cinq Mondes Spa geeft u recht op een heleboel voordelen, waaronder :<\/h5>\n<ul>\n<li>Een zorgtherapeut kiezen<\/li>\n<li>Abonnement verlengen aanbieding *<\/li>\n<li>Gratis VIP duosuite<\/li>\n<li>2 traditionele hamams aangeboden<\/li>\n<li>15% korting op <a href=\"https:\/\/www.dolcelahulpe.com\/fr\/spa\/menu-des-soins\" target=\"_blank\" rel=\"noopener\">zorg<\/a> en <a href=\"https:\/\/dolcelahulpegifts.be\/nl\/productcategorie\/winkelen\/\">producten<\/a><\/li>\n<\/ul>\n<p>* Wanneer u uw abonnement verlengt, biedt Cinq Mondes u een product naar keuze aan (met uitzondering van de assortimenten G\u00e9to, Pr\u00e9cieuse, Lumi\u00e8re en Infinit\u00e9).<\/p>\n<p>Inschrijvingswaarde: \u20ac1150<br \/>\nGeldig voor 1 jaar,<\/p>\n<p>Dit abonnement is alleen geldig voor behandelingen van maandag t\/m donderdag.<\/p>","protected":false},"excerpt":{"rendered":"<p>Het Iconique abonnement biedt het equivalent van 10 behandelingen van 50 minuten in de Spa Cinq Mondes in Dolce La Hulpe Brussel, alleen voor behandelingen van maandag tot en met donderdag.<\/p>","protected":false},"featured_media":14244,"template":"","meta":[],"product_brand":[],"product_cat":[54,113,53,144],"product_tag":[],"class_list":{"0":"post-14112","1":"product","2":"type-product","3":"status-publish","4":"has-post-thumbnail","6":"product_cat-abonnements","7":"product_cat-en-solo","8":"product_cat-experiences-spa","9":"product_cat-spa","11":"first","12":"instock","13":"taxable","14":"shipping-taxable","15":"purchasable","16":"product-type-simple"},"_links":{"self":[{"href":"https:\/\/dolcelahulpegifts.be\/nl\/wp-json\/wp\/v2\/product\/14112","targetHints":{"allow":["GET"]}}],"collection":[{"href":"https:\/\/dolcelahulpegifts.be\/nl\/wp-json\/wp\/v2\/product"}],"about":[{"href":"https:\/\/dolcelahulpegifts.be\/nl\/wp-json\/wp\/v2\/types\/product"}],"version-history":[{"count":8,"href":"https:\/\/dolcelahulpegifts.be\/nl\/wp-json\/wp\/v2\/product\/14112\/revisions"}],"predecessor-version":[{"id":18552,"href":"https:\/\/dolcelahulpegifts.be\/nl\/wp-json\/wp\/v2\/product\/14112\/revisions\/18552"}],"wp:featuredmedia":[{"embeddable":true,"href":"https:\/\/dolcelahulpegifts.be\/nl\/wp-json\/wp\/v2\/media\/14244"}],"wp:attachment":[{"href":"https:\/\/dolcelahulpegifts.be\/nl\/wp-json\/wp\/v2\/media?parent=14112"}],"wp:term":[{"taxonomy":"product_brand","embeddable":true,"href":"https:\/\/dolcelahulpegifts.be\/nl\/wp-json\/wp\/v2\/product_brand?post=14112"},{"taxonomy":"product_cat","embeddable":true,"href":"https:\/\/dolcelahulpegifts.be\/nl\/wp-json\/wp\/v2\/product_cat?post=14112"},{"taxonomy":"product_tag","embeddable":true,"href":"https:\/\/dolcelahulpegifts.be\/nl\/wp-json\/wp\/v2\/product_tag?post=14112"}],"curies":[{"name":"wp","href":"https:\/\/api.w.org\/{rel}","templated":true}]}}