{"id":2259,"date":"2022-05-25T10:33:46","date_gmt":"2022-05-25T08:33:46","guid":{"rendered":"https:\/\/dolcelahulpegifts.duckdns.org\/?post_type=product&#038;p=2259"},"modified":"2026-01-06T14:37:42","modified_gmt":"2026-01-06T13:37:42","slug":"subliem-licht-serum","status":"publish","type":"product","link":"https:\/\/dolcelahulpegifts.be\/nl\/product\/serum-lumiere-sublime\/","title":{"rendered":"Sublime Licht Serum (30ml)"},"content":{"rendered":"<div class=\"col-sm-6\">\n<div class=\"cms-content cms-view-more-content ivoire-gd cms-collapsed\">\n<p style=\"text-align: left;\">DE KUNST VAN DE JAPANSE PORSELEINEN TEINT<\/p>\n<p>Les Laboratoires Cinq Mondes ont formul\u00e9 le S\u00e9rum Lumi\u00e8re Sublime\u00ae, v\u00e9ritable soin traitant triple action pour :<\/p>\n<p>&#8211; Lutter contre les taches pigmentaires et pr\u00e9venir leur apparition gr\u00e2ce \u00e0 l\u2019efficacit\u00e9 d\u2019un complexe unique de Magnolia &amp; Licorice.<\/p>\n<p>&#8211; R\u00e9v\u00e9ler l\u2019\u00e9clat du teint en lui offrant un Cocktail naturel de Vitamines (B, C, E et P) et d\u2019acides gras (Om\u00e9ga 9).<\/p>\n<p>&#8211; Prot\u00e9ger les cellules de la peau des UVs gr\u00e2ce \u00e0 un bouclier anti-\u00e2ge innovant brevet\u00e9, qui active les d\u00e9fenses naturelles de la peau.<\/p>\n<p style=\"text-align: left;\"><strong>Aanwijzingen voor gebruik<\/strong> Breng 's ochtends en 's avonds 3 druppels aan op het hele gezicht of plaatselijk op de te behandelen zones (handen, decollet\u00e9). Masseer vervolgens zachtjes een dot Cr\u00e8me Lumi\u00e8re Sublime\u00ae in om de glans van het serum en de werking tegen pigmentvlekken te vertienvoudigen.<\/p>\n<p style=\"text-align: left;\"><strong>Ingredi\u00ebnten<\/strong> Aqua (Water) \/ Eau, Glycerine, Alcohol Denat .., Propanediol, 3-O-Ethyl Ascorbinezuur, Polyglyceryl-10 Lauraat, Wortelextract van Imperata Cylindrica, Natriumpolyacrylaat, Bloemextract van Camellia Japonica, Parfum, Chloorfenesine, Tocoferol, Lecithine, Butyleenglycol, Natriumhyaluronaat, Glycyrrhizinezuur, O-Cymen-5-Ol, Glycyrrhiza Glabra (Licorice) Wortelolie, Helianthus Annuus (Zonnebloem) Zaadolie, Propyleen Glycol, Magnolia Officinalis Schors Extract, Lycium Chinense Vruchten Extract, Caprylyl Glycol, Carbomer, Polydatin Glucoside, Tetrapeptide-30, Acryrylaten\/C10-30 Alkyl Acrylaat Crosspolymeer, Sophora Japonica Bloemextract, Tetramethyl Acetyloctahydronaftalenen, Alpha-Isomethyl Ionon, Limoneen.<\/p>\n<\/div>\n<\/div>","protected":false},"excerpt":{"rendered":"<div class=\"product-desc\">\n<div class=\"cms-content cms-view-more-content\">\n<div class=\"product attribute overview\">\n<div class=\"value\">Een serum met een innovatief complex van Magnolia Kobus extract en Zoethoutwortel om vlekjes en dofheid effectief te bestrijden.<\/div>\n<\/div>\n<\/div>\n<\/div>\n<div class=\"attribut-list skin-type\">\n<div class=\"label\">HUIDTYPE: Alle huidtypes<\/div>\n<\/div>","protected":false},"featured_media":3121,"template":"","meta":[],"product_brand":[],"product_cat":[101],"product_tag":[],"class_list":{"0":"post-2259","1":"product","2":"type-product","3":"status-publish","4":"has-post-thumbnail","6":"product_cat-visage","8":"first","9":"instock","10":"taxable","11":"shipping-taxable","12":"purchasable","13":"product-type-simple"},"_links":{"self":[{"href":"https:\/\/dolcelahulpegifts.be\/nl\/wp-json\/wp\/v2\/product\/2259","targetHints":{"allow":["GET"]}}],"collection":[{"href":"https:\/\/dolcelahulpegifts.be\/nl\/wp-json\/wp\/v2\/product"}],"about":[{"href":"https:\/\/dolcelahulpegifts.be\/nl\/wp-json\/wp\/v2\/types\/product"}],"version-history":[{"count":4,"href":"https:\/\/dolcelahulpegifts.be\/nl\/wp-json\/wp\/v2\/product\/2259\/revisions"}],"predecessor-version":[{"id":18591,"href":"https:\/\/dolcelahulpegifts.be\/nl\/wp-json\/wp\/v2\/product\/2259\/revisions\/18591"}],"wp:featuredmedia":[{"embeddable":true,"href":"https:\/\/dolcelahulpegifts.be\/nl\/wp-json\/wp\/v2\/media\/3121"}],"wp:attachment":[{"href":"https:\/\/dolcelahulpegifts.be\/nl\/wp-json\/wp\/v2\/media?parent=2259"}],"wp:term":[{"taxonomy":"product_brand","embeddable":true,"href":"https:\/\/dolcelahulpegifts.be\/nl\/wp-json\/wp\/v2\/product_brand?post=2259"},{"taxonomy":"product_cat","embeddable":true,"href":"https:\/\/dolcelahulpegifts.be\/nl\/wp-json\/wp\/v2\/product_cat?post=2259"},{"taxonomy":"product_tag","embeddable":true,"href":"https:\/\/dolcelahulpegifts.be\/nl\/wp-json\/wp\/v2\/product_tag?post=2259"}],"curies":[{"name":"wp","href":"https:\/\/api.w.org\/{rel}","templated":true}]}}