{"id":2665,"date":"2022-05-30T10:51:28","date_gmt":"2022-05-30T08:51:28","guid":{"rendered":"https:\/\/dolcelahulpegifts.duckdns.org\/?post_type=product&#038;p=2665"},"modified":"2026-01-02T11:04:47","modified_gmt":"2026-01-02T10:04:47","slug":"groot-ritueel-van-de-hammam","status":"publish","type":"product","link":"https:\/\/dolcelahulpegifts.be\/nl\/product\/grand-rituel-du-hammam\/","title":{"rendered":"Grand Hammam Ritueel (2u20)"},"content":{"rendered":"<p>Het Grote Ritueel van de Hammam omvat :<\/p>\n<ul>\n<li><strong>Traditionele Hammam - <\/strong>Comfort<\/li>\n<\/ul>\n<p>Ontdek een authentieke hammamervaring door middel van een warm stoombad met gepersonaliseerde essenti\u00eble oli\u00ebn. Een unieke zintuiglijke reis voor lichaam en geest.<br \/>\n<em>U kunt het ook met z'n twee\u00ebn of alleen ontdekken.<\/em><\/p>\n<ul>\n<li><strong>Scrub met Beldi Zwarte Zeep<\/strong> - Zuivering<\/li>\n<\/ul>\n<p>Reis naar het hart van de oosterse traditie. De hammam en de exfoli\u00ebrende werking van de Kassa handschoen in combinatie met de \"Traditionele\" Beldi Zwarte Zeep zuiveren de huid diep en maken haar zacht en soepel.<br \/>\nwaardoor het zacht en satijnzacht wordt.<br \/>\n<em>Deze behandeling wordt uitsluitend na een stoombad uitgevoerd.<\/em><\/p>\n<ul>\n<li><strong>Lichaamspakking met rhassoulcr\u00e8me<\/strong><\/li>\n<\/ul>\n<p>Deze pakking wordt in de Hammam aangebracht, met klei om de pori\u00ebn te vernauwen en de teint te verhelderen. Terwijl dit schoonheidsmasker, geparfumeerd met essenti\u00eble oosterse oli\u00ebn, wordt aangebracht, voert de behandelaar een hoofdmassage uit.<\/p>\n<ul>\n<li><strong>Traditionele Oosterse Massage<\/strong> - Sensorisch<\/li>\n<\/ul>\n<p>Reis naar het hart van Oosterse tradities met deze massage die het hele lichaam bewerkt met verwarmde arganolie. Geniet van deze langzame, diepe bewegingen voor een moment van puur welzijn.<\/p>","protected":false},"excerpt":{"rendered":"<p>Deze\u00a0<span class=\"bold\">Groot Ritueel van de Hammam<\/span>De Hammam is ge\u00efnspireerd op de oosterse traditie, die veel belang hecht aan de zuiveringsrituelen van de Hammam. Volgens de traditie is het principe om achtereenvolgens naar de verschillende kamers van de Hammam te gaan. Cinq Mondes besloot terug te gaan naar de wortels van de traditionele behandelingen en vulde deze aan met zijn Methode Ar\u00f4mes et Couleurs.<\/p>\n<p>&nbsp;<\/p>","protected":false},"featured_media":3714,"template":"","meta":[],"product_brand":[],"product_cat":[53,113],"product_tag":[],"class_list":{"0":"post-2665","1":"product","2":"type-product","3":"status-publish","4":"has-post-thumbnail","6":"product_cat-experiences-spa","7":"product_cat-en-solo","9":"first","10":"instock","11":"sold-individually","12":"taxable","13":"shipping-taxable","14":"purchasable","15":"product-type-variable","16":"has-default-attributes"},"_links":{"self":[{"href":"https:\/\/dolcelahulpegifts.be\/nl\/wp-json\/wp\/v2\/product\/2665","targetHints":{"allow":["GET"]}}],"collection":[{"href":"https:\/\/dolcelahulpegifts.be\/nl\/wp-json\/wp\/v2\/product"}],"about":[{"href":"https:\/\/dolcelahulpegifts.be\/nl\/wp-json\/wp\/v2\/types\/product"}],"version-history":[{"count":2,"href":"https:\/\/dolcelahulpegifts.be\/nl\/wp-json\/wp\/v2\/product\/2665\/revisions"}],"predecessor-version":[{"id":17459,"href":"https:\/\/dolcelahulpegifts.be\/nl\/wp-json\/wp\/v2\/product\/2665\/revisions\/17459"}],"wp:featuredmedia":[{"embeddable":true,"href":"https:\/\/dolcelahulpegifts.be\/nl\/wp-json\/wp\/v2\/media\/3714"}],"wp:attachment":[{"href":"https:\/\/dolcelahulpegifts.be\/nl\/wp-json\/wp\/v2\/media?parent=2665"}],"wp:term":[{"taxonomy":"product_brand","embeddable":true,"href":"https:\/\/dolcelahulpegifts.be\/nl\/wp-json\/wp\/v2\/product_brand?post=2665"},{"taxonomy":"product_cat","embeddable":true,"href":"https:\/\/dolcelahulpegifts.be\/nl\/wp-json\/wp\/v2\/product_cat?post=2665"},{"taxonomy":"product_tag","embeddable":true,"href":"https:\/\/dolcelahulpegifts.be\/nl\/wp-json\/wp\/v2\/product_tag?post=2665"}],"curies":[{"name":"wp","href":"https:\/\/api.w.org\/{rel}","templated":true}]}}