{"id":3132,"date":"2022-06-08T17:49:20","date_gmt":"2022-06-08T15:49:20","guid":{"rendered":"https:\/\/dolcelahulpegifts.duckdns.org\/?post_type=product&#038;p=3132"},"modified":"2026-01-06T14:36:48","modified_gmt":"2026-01-06T13:36:48","slug":"vijf-bloemen-stralingscreme","status":"publish","type":"product","link":"https:\/\/dolcelahulpegifts.be\/nl\/product\/creme-eclat-aux-5-fleurs\/","title":{"rendered":"Verlichtingscr\u00e8me met vijf bloemen (50 ml)"},"content":{"rendered":"<p>Ons laboratorium in Parijs heeft in deze biologische formule het beste van het onderzoek op het gebied van fyto-aromatieka samengevoegd: de kracht van extracten van tropische bloemen (frangipani, gardenia, hibiscus, ylang-ylang, lotus) met hydraterende, antioxiderende, zuiverende en kalmerende eigenschappen (de voordelen van een verfrissende en energieke geur).<\/p>\n<p>Kombuchka\u00ae, een gepatenteerd natuurlijk actief bestanddeel dat rijk is aan antioxidanten en B-vitamines, maakt de huid glad en laat haar stralen. Citroenwater: zorgt voor een stralende teint.<\/p>\n<p><strong>Aanwijzingen voor gebruik<\/strong> : De Cr\u00e8me Eclat aux Cinq Fleurs\u00ae hydrateert en herstelt de glans van de huid en is geschikt voor alle huidtypes.<br \/>\nBreng de cr\u00e8me aan met opwaartse, cirkelvormige bewegingen op uw gezicht.<br \/>\nTip: deze cr\u00e8me kan ook worden gebruikt als nachtcr\u00e8me voor de vette huid. Deze cr\u00e8me is ook geschikt voor mannen, omdat de textuur fris is en snel intrekt.<\/p>\n<h4>Ingredi\u00ebnten:<\/h4>\n<p>Aqua (Water) \/ Water, Citrus Limon (Citroen) Fruit Extract*, Caprylic\/Capric Triglyceride, Coco-Caprylate\/Caprate, Glycerine, Glyceryl Stearate Se, Saccharomyces\/Xylinum\/Black Tea Ferment, Arachidyl Alcohol, C10-18 Triglycerides, Benzyl Alcohol, Tapioca Starch*, Behenyl Alcohol, Bentonite, Cananga Odorata Flower Water*, Arachidyl Glucoside, Parfum (Fragrance), Tocopherol, Mica, Ethyl Lauroyl Arginate Hcl, Ci77891 (Titanium Dioxide), Dehydroacetic Acid, Citric Acid, Helianthus Annuus (Sunflower) Seed Oil, Plumeria Rubra Flower Extract, Ci 77491 (Iron Oxides),<br \/>\nNatriumbenzoaat, kaliumsorbaat, Nelumbo Nucifera-bloemextract*, Hibiscus Sabdariffa-bloemextract, Gardenia Jasminoides-fruitextract, Limoneen, Citrus Aurantium-schilolie, Linalylacetaat, Linalool, Geraniol, Citrus Limon (Citroen)-schilolie, Terpineol, Pineen, Geranylacetaat, Citral, Beta-Caryofylleen, Cananga Odorata-olie\/extract.<br \/>\n*Ingredi\u00ebnten afkomstig uit de landbouw<\/p>","protected":false},"excerpt":{"rendered":"<div class=\"product-desc\">\n<div class=\"cms-content cms-view-more-content\">\n<div class=\"product attribute overview\">\n<div class=\"value\">Een gecertificeerde biologische gezichtscr\u00e8me met een lichte, vloeibare textuur om de huid te hydrateren, glad te maken en de teint te verhelderen.<\/div>\n<\/div>\n<\/div>\n<\/div>\n<div class=\"attribut-list skin-type\">\n<div class=\"label\">HUIDTYPE: Alle huidtypes<\/div>\n<\/div>","protected":false},"featured_media":17232,"template":"","meta":[],"product_brand":[],"product_cat":[101],"product_tag":[],"class_list":{"0":"post-3132","1":"product","2":"type-product","3":"status-publish","4":"has-post-thumbnail","6":"product_cat-visage","8":"first","9":"instock","10":"taxable","11":"shipping-taxable","12":"purchasable","13":"product-type-simple"},"_links":{"self":[{"href":"https:\/\/dolcelahulpegifts.be\/nl\/wp-json\/wp\/v2\/product\/3132","targetHints":{"allow":["GET"]}}],"collection":[{"href":"https:\/\/dolcelahulpegifts.be\/nl\/wp-json\/wp\/v2\/product"}],"about":[{"href":"https:\/\/dolcelahulpegifts.be\/nl\/wp-json\/wp\/v2\/types\/product"}],"version-history":[{"count":4,"href":"https:\/\/dolcelahulpegifts.be\/nl\/wp-json\/wp\/v2\/product\/3132\/revisions"}],"predecessor-version":[{"id":17236,"href":"https:\/\/dolcelahulpegifts.be\/nl\/wp-json\/wp\/v2\/product\/3132\/revisions\/17236"}],"wp:featuredmedia":[{"embeddable":true,"href":"https:\/\/dolcelahulpegifts.be\/nl\/wp-json\/wp\/v2\/media\/17232"}],"wp:attachment":[{"href":"https:\/\/dolcelahulpegifts.be\/nl\/wp-json\/wp\/v2\/media?parent=3132"}],"wp:term":[{"taxonomy":"product_brand","embeddable":true,"href":"https:\/\/dolcelahulpegifts.be\/nl\/wp-json\/wp\/v2\/product_brand?post=3132"},{"taxonomy":"product_cat","embeddable":true,"href":"https:\/\/dolcelahulpegifts.be\/nl\/wp-json\/wp\/v2\/product_cat?post=3132"},{"taxonomy":"product_tag","embeddable":true,"href":"https:\/\/dolcelahulpegifts.be\/nl\/wp-json\/wp\/v2\/product_tag?post=3132"}],"curies":[{"name":"wp","href":"https:\/\/api.w.org\/{rel}","templated":true}]}}