{"id":3135,"date":"2022-06-08T17:48:59","date_gmt":"2022-06-08T15:48:59","guid":{"rendered":"https:\/\/dolcelahulpegifts.duckdns.org\/?post_type=product&#038;p=3135"},"modified":"2025-10-24T10:55:22","modified_gmt":"2025-10-24T08:55:22","slug":"dierbare-dagcreme","status":"publish","type":"product","link":"https:\/\/dolcelahulpegifts.be\/nl\/product\/creme-precieuse-jour\/","title":{"rendered":"Dierbare dagcr\u00e8me (50ml)"},"content":{"rendered":"<p style=\"text-align: left;\">Pr\u00e9cieuse Jour\u00ae Cream combineert een unieke combinatie van antiverouderingsingredi\u00ebnten uit ons baanbrekende cosmetologische onderzoek en de traditionele Japanse farmacopee om de tekenen des tijds te bestrijden.<\/p>\n<p style=\"text-align: left;\">Ge\u00efnspireerd door de schoonheidsrituelen van de Japanse keizerin \u00abKomyo\u00bb, hebben Laboratoires Cinq Mondes een werkelijk innovatieve en doelgerichte globale antiverouderingsoplossing ontwikkeld op basis van het principe van Dag\/Nacht Chronobiologie.<\/p>\n<p style=\"text-align: left;\">4 Gepatenteerde activa<\/p>\n<p style=\"text-align: left;\">\u2013 Complexe Actif de Lipides\u00ae \u2013 Gepatenteerd actief bestanddeel \u2013 beschermt de cellen en bestrijdt vrije radicalen.<br \/>\n\u2013 Avena Sativa\u00ae \u2013 Gepatenteerd actief bestanddeel \u2013 voor een onmiddellijk en langdurig liftend effect.<br \/>\n\u2013 Plantaardig hyaluronzuur\u00ae \u2013 Gepatenteerd actief bestanddeel \u2013 om de hydratatie te behouden, de huid te beschermen en het ontstaan van rimpels en fijne lijntjes tegen te gaan.<br \/>\n\u2013 Peptides\u00ae \u2013 Gepatenteerd actief bestanddeel \u2013 herstellen huidbeschadigingen en stimuleren de collageensynthese.<\/p>\n<p style=\"text-align: left;\">Dankzij andere natuurlijke antiverouderingsingredi\u00ebnten heeft de Cr\u00e8me Pr\u00e9cieuse Jour\u00ae antioxiderende en verzachtende eigenschappen om oxidatieve stress tegen te gaan en de glans van uw huid te verbeteren.<\/p>\n<p style=\"text-align: left;\"><strong>Aanwijzingen voor gebruik<\/strong> : La Cr\u00e8me Pr\u00e9cieuse Jour\u00ae bestrijdt rimpels, vlekjes en verlies van stevigheid en laat uw huid weer stralen. Breng uw verzorgingscr\u00e8me aan met opwaartse, cirkelvormige bewegingen op uw gezicht en masseer vervolgens van het decollet\u00e9 naar de hals.<br \/>\nVerhoog de doeltreffendheid van deze cr\u00e8me door Concentr\u00e9 Pr\u00e9cieux\u00ae aan te brengen op specifieke zones (oogcontour, lippen, hals, enz.).<\/p>\n<p style=\"text-align: left;\"><strong>Ingredi\u00ebnten<\/strong> : Aqua \u00acWater Eau, Caprylic\/Capric Triglyceride, Isononyl Isononanoate, Glycerine, Ethylhexyl Methoxycinnamate \u00acOctinoxate , Pentylene Glycol, Cetearyl Alcohol, Isostearyl Alcohol, Arbutin, Butylene Glycol Cocoate, Glyceryl Stearate, Ci 77891 \u00acTitanium Dioxyde , Mica, Ethylhexyl Salicylate \u00acOctisalate , Butyl Methoxydibenzoylmethane \u00acAvobenzone , Hydroxyethyl Urea, Avena Sativa \u00acOat Kernel Extract, Carbomer, Parfum \u00acFragrance , Ceteareth 20 , Chloorfenesine, Tocoferylacetaat, Cetylpalmitaat, Cocoglyceriden, Natriumhydroxide, Ethylcellulose, Dinatrium Edta, Geranylgeranylisopropanol, Natriumbenzoaat, Parelmoerextract, Glycine Sojaolie, Hydroxypropyl Cyclodextrine, Natriumhyaluronaat, Citroenzuur, Nelumbo Nucifera bloemextract, Kaliumsorbaat, Perilla Frutescens bladextract, Palmitoyl Tripeptide 38, Tetramethyl Acetyloctahydronaphthalenes, Alpha Isomethyl Ionone, Limoneen.<\/p>","protected":false},"excerpt":{"rendered":"<div class=\"product-desc\">\n<div class=\"cms-content cms-view-more-content\">\n<div class=\"product attribute overview\">\n<div class=\"value\">Pr\u00e9cieuse Jour\u00ae Cream combineert een unieke combinatie van antiverouderingsingredi\u00ebnten uit ons baanbrekende cosmetologische onderzoek en de traditionele Japanse farmacopee om de tekenen des tijds te bestrijden.<\/div>\n<\/div>\n<\/div>\n<\/div>\n<div class=\"attribut-list skin-type\">\n<div class=\"label\">HUIDTYPE: Alle huidtypes<\/div>\n<\/div>\n<div class=\"attribut-list concerns\">\n<div class=\"label\">BEZORGDHEID: Verlies van stevigheid<\/div>\n<\/div>","protected":false},"featured_media":3239,"template":"","meta":[],"product_brand":[],"product_cat":[101],"product_tag":[],"class_list":{"0":"post-3135","1":"product","2":"type-product","3":"status-publish","4":"has-post-thumbnail","6":"product_cat-visage","8":"first","9":"instock","10":"taxable","11":"shipping-taxable","12":"purchasable","13":"product-type-simple"},"_links":{"self":[{"href":"https:\/\/dolcelahulpegifts.be\/nl\/wp-json\/wp\/v2\/product\/3135","targetHints":{"allow":["GET"]}}],"collection":[{"href":"https:\/\/dolcelahulpegifts.be\/nl\/wp-json\/wp\/v2\/product"}],"about":[{"href":"https:\/\/dolcelahulpegifts.be\/nl\/wp-json\/wp\/v2\/types\/product"}],"version-history":[{"count":5,"href":"https:\/\/dolcelahulpegifts.be\/nl\/wp-json\/wp\/v2\/product\/3135\/revisions"}],"predecessor-version":[{"id":17240,"href":"https:\/\/dolcelahulpegifts.be\/nl\/wp-json\/wp\/v2\/product\/3135\/revisions\/17240"}],"wp:featuredmedia":[{"embeddable":true,"href":"https:\/\/dolcelahulpegifts.be\/nl\/wp-json\/wp\/v2\/media\/3239"}],"wp:attachment":[{"href":"https:\/\/dolcelahulpegifts.be\/nl\/wp-json\/wp\/v2\/media?parent=3135"}],"wp:term":[{"taxonomy":"product_brand","embeddable":true,"href":"https:\/\/dolcelahulpegifts.be\/nl\/wp-json\/wp\/v2\/product_brand?post=3135"},{"taxonomy":"product_cat","embeddable":true,"href":"https:\/\/dolcelahulpegifts.be\/nl\/wp-json\/wp\/v2\/product_cat?post=3135"},{"taxonomy":"product_tag","embeddable":true,"href":"https:\/\/dolcelahulpegifts.be\/nl\/wp-json\/wp\/v2\/product_tag?post=3135"}],"curies":[{"name":"wp","href":"https:\/\/api.w.org\/{rel}","templated":true}]}}